{"id":998,"date":"2024-07-24T20:59:18","date_gmt":"2024-07-24T18:59:18","guid":{"rendered":"http:\/\/www.velatia.com\/?page_id=998"},"modified":"2024-07-24T20:59:18","modified_gmt":"2024-07-24T18:59:18","slug":"principales-datos-velatia","status":"publish","type":"page","link":"https:\/\/www.velatia.com\/es\/principales-datos-velatia\/","title":{"rendered":"Principales datos"},"content":{"rendered":"<div class=\"wpb-content-wrapper\"><p>[vc_row][vc_column]<div class=\"dfd-spacer-module\"  data-units=\"px\" data-wide_resolution=\"1280\" data-wide_size=\"100\" data-normal_resolution=\"1024\" data-normal_size=\"80\" data-tablet_resolution=\"800\" data-tablet_size=\"50\" data-mobile_resolution=\"480\" data-mobile_size=\"40\" style=\"height: 100px;\"><\/div>[\/vc_column][\/vc_row][vc_row][vc_column width=\u00bb1\/3&#8243;][vc_single_image image=\u00bb14157&#8243; img_size=\u00bb200px\u00bb alignment=\u00bbcenter\u00bb css_animation=\u00bbfadeInUp\u00bb]<div class=\"dfd-heading-shortcode\"><div class=\"dfd-heading-module-wrap  text-center style_03 cr-animate-gen dfd-heading-69e117a24b513 dfd-disable-resposive-headings\" id=\"dfd-heading-69e117a24b513\" data-animate-type = \"transition.fadeIn\" ><div class=\"inline-block\"><div class=\"dfd-heading-module\"><div class=\"dfd-heading-delimiter dfd-img-lazy-load\"><\/div><div class=\"widget-title dfd-title block-title\" style=\"font-family:Fira Sans; font-weight:400; font-style:normal; font-size: 20px; color: #002664 !important; line-height: 24px; \"><span style=\"text-transform: none!important;\">M\u00e1s de 55 a\u00f1os de experiencia<\/span><\/div><\/div><\/div><\/div><script type=\"text\/javascript\">\r\n\t\t\t\t\t\t\t\t\t(function($) {\r\n\t\t\t\t\t\t\t\t\t\t$(\"head\").append(\"<style>.dfd-heading-69e117a24b513.dfd-heading-module-wrap .dfd-heading-module .dfd-heading-delimiter {border-bottom-style:solid;border-bottom-width:1px;width:100px;border-bottom-color:#dddddd;}.dfd-heading-69e117a24b513.dfd-heading-module-wrap .dfd-heading-module .dfd-heading-delimiter {margin-top:10px;margin-bottom:10px;}<\/style>\");\r\n\t\t\t\t\t\t\t\t\t})(jQuery);\r\n\t\t\t\t\t\t\t\t<\/script><\/div><div class=\"dfd-spacer-module\"  data-units=\"px\" data-wide_resolution=\"1280\" data-wide_size=\"35\" data-normal_resolution=\"1024\" data-normal_size=\"25\" data-tablet_resolution=\"800\" data-tablet_size=\"25\" data-mobile_resolution=\"480\" data-mobile_size=\"25\" style=\"height: 35px;\"><\/div>[\/vc_column][vc_column width=\u00bb1\/3&#8243;][vc_single_image image=\u00bb3805&#8243; img_size=\u00bb200px\u00bb alignment=\u00bbcenter\u00bb css_animation=\u00bbfadeInUp\u00bb]<div class=\"dfd-heading-shortcode\"><div class=\"dfd-heading-module-wrap  text-center style_03 cr-animate-gen dfd-heading-69e117a24b75a dfd-disable-resposive-headings\" id=\"dfd-heading-69e117a24b75a\" data-animate-type = \"transition.fadeIn\" ><div class=\"inline-block\"><div class=\"dfd-heading-module\"><div class=\"dfd-heading-delimiter dfd-img-lazy-load\"><\/div><div class=\"widget-title dfd-title block-title\" style=\"font-family:Fira Sans; font-weight:400; font-style:normal; font-size: 20px; color: #002664 !important; line-height: 24px; \"><span style=\"text-transform: none!important;\">Presentes en 20 pa\u00edses de los cinco continentes con una plantilla formada por m\u00e1s de 4.100 profesionales<\/span><\/div><\/div><\/div><\/div><script type=\"text\/javascript\">\r\n\t\t\t\t\t\t\t\t\t(function($) {\r\n\t\t\t\t\t\t\t\t\t\t$(\"head\").append(\"<style>.dfd-heading-69e117a24b75a.dfd-heading-module-wrap .dfd-heading-module .dfd-heading-delimiter {border-bottom-style:solid;border-bottom-width:1px;width:100px;border-bottom-color:#dddddd;}.dfd-heading-69e117a24b75a.dfd-heading-module-wrap .dfd-heading-module .dfd-heading-delimiter {margin-top:10px;margin-bottom:10px;}<\/style>\");\r\n\t\t\t\t\t\t\t\t\t})(jQuery);\r\n\t\t\t\t\t\t\t\t<\/script><\/div><div class=\"dfd-spacer-module\"  data-units=\"px\" data-wide_resolution=\"1280\" data-wide_size=\"35\" data-normal_resolution=\"1024\" data-normal_size=\"25\" data-tablet_resolution=\"800\" data-tablet_size=\"25\" data-mobile_resolution=\"480\" data-mobile_size=\"25\" style=\"height: 35px;\"><\/div>[\/vc_column][vc_column width=\u00bb1\/3&#8243;][vc_single_image image=\u00bb3804&#8243; img_size=\u00bb200px\u00bb alignment=\u00bbcenter\u00bb css_animation=\u00bbfadeInUp\u00bb]<div class=\"dfd-heading-shortcode\"><div class=\"dfd-heading-module-wrap  text-center style_03 cr-animate-gen dfd-heading-69e117a24b88b dfd-disable-resposive-headings\" id=\"dfd-heading-69e117a24b88b\" data-animate-type = \"transition.fadeIn\" ><div class=\"inline-block\"><div class=\"dfd-heading-module\"><div class=\"dfd-heading-delimiter dfd-img-lazy-load\"><\/div><div class=\"widget-title dfd-title block-title\" style=\"font-family:Fira Sans; font-weight:400; font-style:normal; font-size: 20px; color: #002664 !important; line-height: 24px; \"><span style=\"text-transform: none!important;\">Centro de investigaci\u00f3n y tecnolog\u00eda con el laboratorio de alta potencia m\u00e1s moderno del mundo y una unidad de demostraci\u00f3n \u00fanica (UDEX)<\/span><\/div><\/div><\/div><\/div><script type=\"text\/javascript\">\r\n\t\t\t\t\t\t\t\t\t(function($) {\r\n\t\t\t\t\t\t\t\t\t\t$(\"head\").append(\"<style>.dfd-heading-69e117a24b88b.dfd-heading-module-wrap .dfd-heading-module .dfd-heading-delimiter {border-bottom-style:solid;border-bottom-width:1px;width:100px;border-bottom-color:#dddddd;}.dfd-heading-69e117a24b88b.dfd-heading-module-wrap .dfd-heading-module .dfd-heading-delimiter {margin-top:10px;margin-bottom:10px;}<\/style>\");\r\n\t\t\t\t\t\t\t\t\t})(jQuery);\r\n\t\t\t\t\t\t\t\t<\/script><\/div><div class=\"dfd-spacer-module\"  data-units=\"px\" data-wide_resolution=\"1280\" data-wide_size=\"35\" data-normal_resolution=\"1024\" data-normal_size=\"25\" data-tablet_resolution=\"800\" data-tablet_size=\"25\" data-mobile_resolution=\"480\" data-mobile_size=\"25\" style=\"height: 35px;\"><\/div>[\/vc_column][\/vc_row][vc_row][vc_column width=\u00bb1\/3&#8243;][vc_single_image image=\u00bb3806&#8243; img_size=\u00bb200px\u00bb alignment=\u00bbcenter\u00bb css_animation=\u00bbfadeInUp\u00bb]<div class=\"dfd-heading-shortcode\"><div class=\"dfd-heading-module-wrap  text-center style_03 cr-animate-gen dfd-heading-69e117a24b9a0 dfd-disable-resposive-headings\" id=\"dfd-heading-69e117a24b9a0\" data-animate-type = \"transition.fadeIn\" ><div class=\"inline-block\"><div class=\"dfd-heading-module\"><div class=\"dfd-heading-delimiter dfd-img-lazy-load\"><\/div><div class=\"widget-title dfd-title block-title\" style=\"font-family:Fira Sans; font-weight:400; font-style:normal; font-size: 20px; color: #002664 !important; line-height: 24px; \"><span style=\"text-transform: none!important;\">Una inversi\u00f3n en I+D+i que asciende a 25,2 millones de euros.<\/span><\/div><\/div><\/div><\/div><script type=\"text\/javascript\">\r\n\t\t\t\t\t\t\t\t\t(function($) {\r\n\t\t\t\t\t\t\t\t\t\t$(\"head\").append(\"<style>.dfd-heading-69e117a24b9a0.dfd-heading-module-wrap .dfd-heading-module .dfd-heading-delimiter {border-bottom-style:solid;border-bottom-width:1px;width:100px;border-bottom-color:#dddddd;}.dfd-heading-69e117a24b9a0.dfd-heading-module-wrap .dfd-heading-module .dfd-heading-delimiter {margin-top:10px;margin-bottom:10px;}<\/style>\");\r\n\t\t\t\t\t\t\t\t\t})(jQuery);\r\n\t\t\t\t\t\t\t\t<\/script><\/div><div class=\"dfd-spacer-module\"  data-units=\"px\" data-wide_resolution=\"1280\" data-wide_size=\"35\" data-normal_resolution=\"1024\" data-normal_size=\"25\" data-tablet_resolution=\"800\" data-tablet_size=\"25\" data-mobile_resolution=\"480\" data-mobile_size=\"25\" style=\"height: 35px;\"><\/div>[\/vc_column][vc_column width=\u00bb1\/3&#8243;][vc_single_image image=\u00bb3808&#8243; img_size=\u00bb200px\u00bb alignment=\u00bbcenter\u00bb css_animation=\u00bbfadeInUp\u00bb]<div class=\"dfd-heading-shortcode\"><div class=\"dfd-heading-module-wrap  text-center style_03 cr-animate-gen dfd-heading-69e117a24badd dfd-disable-resposive-headings\" id=\"dfd-heading-69e117a24badd\" data-animate-type = \"transition.fadeIn\" ><div class=\"inline-block\"><div class=\"dfd-heading-module\"><div class=\"dfd-heading-delimiter dfd-img-lazy-load\"><\/div><div class=\"widget-title dfd-title block-title\" style=\"font-family:Fira Sans; font-weight:400; font-style:normal; font-size: 20px; color: #002664 !important; line-height: 24px; \"><span style=\"text-transform: none!important;\">ADN industrial con 22 centros de fabricaci\u00f3n repartidos en diferentes pa\u00edses<\/span><\/div><\/div><\/div><\/div><script type=\"text\/javascript\">\r\n\t\t\t\t\t\t\t\t\t(function($) {\r\n\t\t\t\t\t\t\t\t\t\t$(\"head\").append(\"<style>.dfd-heading-69e117a24badd.dfd-heading-module-wrap .dfd-heading-module .dfd-heading-delimiter {border-bottom-style:solid;border-bottom-width:1px;width:100px;border-bottom-color:#dddddd;}.dfd-heading-69e117a24badd.dfd-heading-module-wrap .dfd-heading-module .dfd-heading-delimiter {margin-top:10px;margin-bottom:10px;}<\/style>\");\r\n\t\t\t\t\t\t\t\t\t})(jQuery);\r\n\t\t\t\t\t\t\t\t<\/script><\/div><div class=\"dfd-spacer-module\"  data-units=\"px\" data-wide_resolution=\"1280\" data-wide_size=\"35\" data-normal_resolution=\"1024\" data-normal_size=\"25\" data-tablet_resolution=\"800\" data-tablet_size=\"25\" data-mobile_resolution=\"480\" data-mobile_size=\"25\" style=\"height: 35px;\"><\/div>[\/vc_column][vc_column width=\u00bb1\/3&#8243;][vc_single_image image=\u00bb36182&#8243; img_size=\u00bb180px\u00bb alignment=\u00bbcenter\u00bb css_animation=\u00bbfadeInUp\u00bb css=\u00bb\u00bb]<div class=\"dfd-heading-shortcode\"><div class=\"dfd-heading-module-wrap  text-center style_03 cr-animate-gen dfd-heading-69e117a24bc12 dfd-disable-resposive-headings\" id=\"dfd-heading-69e117a24bc12\" data-animate-type = \"transition.fadeIn\" ><div class=\"inline-block\"><div class=\"dfd-heading-module\"><div class=\"dfd-heading-delimiter dfd-img-lazy-load\"><\/div><div class=\"widget-title dfd-title block-title\" style=\"font-family:Fira Sans; font-weight:400; font-style:normal; font-size: 20px; color: #002664 !important; line-height: 24px; \"><span style=\"text-transform: none!important;\">Supera los 1.000 millones de \u20ac de facturaci\u00f3n<\/span><\/div><\/div><\/div><\/div><script type=\"text\/javascript\">\r\n\t\t\t\t\t\t\t\t\t(function($) {\r\n\t\t\t\t\t\t\t\t\t\t$(\"head\").append(\"<style>.dfd-heading-69e117a24bc12.dfd-heading-module-wrap .dfd-heading-module .dfd-heading-delimiter {border-bottom-style:solid;border-bottom-width:1px;width:100px;border-bottom-color:#dddddd;}.dfd-heading-69e117a24bc12.dfd-heading-module-wrap .dfd-heading-module .dfd-heading-delimiter {margin-top:10px;margin-bottom:10px;}<\/style>\");\r\n\t\t\t\t\t\t\t\t\t})(jQuery);\r\n\t\t\t\t\t\t\t\t<\/script><\/div><div class=\"dfd-spacer-module\"  data-units=\"px\" data-wide_resolution=\"1280\" data-wide_size=\"35\" data-normal_resolution=\"1024\" data-normal_size=\"25\" data-tablet_resolution=\"800\" data-tablet_size=\"25\" data-mobile_resolution=\"480\" data-mobile_size=\"25\" style=\"height: 35px;\"><\/div>[\/vc_column][\/vc_row][vc_row][vc_column]<div class=\"dfd-spacer-module\"  data-units=\"px\" data-wide_resolution=\"1280\" data-wide_size=\"100\" data-normal_resolution=\"1024\" data-normal_size=\"80\" data-tablet_resolution=\"800\" data-tablet_size=\"50\" data-mobile_resolution=\"480\" data-mobile_size=\"40\" style=\"height: 100px;\"><\/div>[\/vc_column][\/vc_row]<\/p>\n<\/div>","protected":false},"excerpt":{"rendered":"<p>[vc_row][vc_column][\/vc_column][\/vc_row][vc_row][vc_column width=\u00bb1\/3&#8243;][vc_single_image image=\u00bb14157&#8243; img_size=\u00bb200px\u00bb alignment=\u00bbcenter\u00bb css_animation=\u00bbfadeInUp\u00bb][\/vc_column][vc_column width=\u00bb1\/3&#8243;][vc_single_image image=\u00bb3805&#8243; img_size=\u00bb200px\u00bb alignment=\u00bbcenter\u00bb css_animation=\u00bbfadeInUp\u00bb][\/vc_column][vc_column width=\u00bb1\/3&#8243;][vc_single_image image=\u00bb3804&#8243; img_size=\u00bb200px\u00bb alignment=\u00bbcenter\u00bb css_animation=\u00bbfadeInUp\u00bb][\/vc_column][\/vc_row][vc_row][vc_column width=\u00bb1\/3&#8243;][vc_single_image image=\u00bb3806&#8243; img_size=\u00bb200px\u00bb alignment=\u00bbcenter\u00bb css_animation=\u00bbfadeInUp\u00bb][\/vc_column][vc_column width=\u00bb1\/3&#8243;][vc_single_image image=\u00bb3808&#8243; img_size=\u00bb200px\u00bb alignment=\u00bbcenter\u00bb css_animation=\u00bbfadeInUp\u00bb][\/vc_column][vc_column width=\u00bb1\/3&#8243;][vc_single_image image=\u00bb36182&#8243; img_size=\u00bb180px\u00bb alignment=\u00bbcenter\u00bb<\/p>\n","protected":false},"author":1,"featured_media":0,"parent":0,"menu_order":0,"comment_status":"closed","ping_status":"closed","template":"page-custom-with-header.php","meta":{"_acf_changed":false,"footnotes":""},"class_list":["post-998","page","type-page","status-publish","hentry"],"acf":[],"yoast_head":"<!-- This site is optimized with the Yoast SEO plugin v27.2 - https:\/\/yoast.com\/product\/yoast-seo-wordpress\/ -->\n<title>Principales datos de Velatia - Velatia<\/title>\n<meta name=\"description\" content=\"Velatia tiene m\u00e1s de 50 a\u00f1os de experiencia y presencia en m\u00e1s de 50 pa\u00edses en los cinco continentes con una plantilla formada por m\u00e1s de 3.000 profesionales.\" \/>\n<meta name=\"robots\" content=\"index, follow, max-snippet:-1, max-image-preview:large, max-video-preview:-1\" \/>\n<link rel=\"canonical\" href=\"https:\/\/www.velatia.com\/es\/principales-datos-velatia\/\" \/>\n<meta property=\"og:locale\" content=\"es_ES\" \/>\n<meta property=\"og:type\" content=\"article\" \/>\n<meta property=\"og:title\" content=\"Principales datos de Velatia - Velatia\" \/>\n<meta property=\"og:description\" content=\"Velatia tiene m\u00e1s de 50 a\u00f1os de experiencia y presencia en m\u00e1s de 50 pa\u00edses en los cinco continentes con una plantilla formada por m\u00e1s de 3.000 profesionales.\" \/>\n<meta property=\"og:url\" content=\"https:\/\/www.velatia.com\/es\/principales-datos-velatia\/\" \/>\n<meta property=\"og:site_name\" content=\"Velatia\" \/>\n<meta property=\"article:publisher\" content=\"https:\/\/www.facebook.com\/Velatia-1634185503460158\/?ref=bookmarks\" \/>\n<meta name=\"twitter:card\" content=\"summary_large_image\" \/>\n<meta name=\"twitter:site\" content=\"@Velatia_global\" \/>\n<meta name=\"twitter:label1\" content=\"Tiempo de lectura\" \/>\n\t<meta name=\"twitter:data1\" content=\"1 minuto\" \/>\n<script type=\"application\/ld+json\" class=\"yoast-schema-graph\">{\"@context\":\"https:\/\/schema.org\",\"@graph\":[{\"@type\":\"WebPage\",\"@id\":\"https:\/\/www.velatia.com\/es\/principales-datos-velatia\/\",\"url\":\"https:\/\/www.velatia.com\/es\/principales-datos-velatia\/\",\"name\":\"Principales datos de Velatia - Velatia\",\"isPartOf\":{\"@id\":\"https:\/\/www.velatia.com\/es\/#website\"},\"datePublished\":\"2024-07-24T18:59:18+00:00\",\"description\":\"Velatia tiene m\u00e1s de 50 a\u00f1os de experiencia y presencia en m\u00e1s de 50 pa\u00edses en los cinco continentes con una plantilla formada por m\u00e1s de 3.000 profesionales.\",\"breadcrumb\":{\"@id\":\"https:\/\/www.velatia.com\/es\/principales-datos-velatia\/#breadcrumb\"},\"inLanguage\":\"es\",\"potentialAction\":[{\"@type\":\"ReadAction\",\"target\":[\"https:\/\/www.velatia.com\/es\/principales-datos-velatia\/\"]}]},{\"@type\":\"BreadcrumbList\",\"@id\":\"https:\/\/www.velatia.com\/es\/principales-datos-velatia\/#breadcrumb\",\"itemListElement\":[{\"@type\":\"ListItem\",\"position\":1,\"name\":\"Portada\",\"item\":\"https:\/\/www.velatia.com\/es\/\"},{\"@type\":\"ListItem\",\"position\":2,\"name\":\"Principales datos\"}]},{\"@type\":\"WebSite\",\"@id\":\"https:\/\/www.velatia.com\/es\/#website\",\"url\":\"https:\/\/www.velatia.com\/es\/\",\"name\":\"Velatia\",\"description\":\"Velatia, un grupo Familiar, Industrial y Tecnol\u00f3gico\",\"potentialAction\":[{\"@type\":\"SearchAction\",\"target\":{\"@type\":\"EntryPoint\",\"urlTemplate\":\"https:\/\/www.velatia.com\/es\/?s={search_term_string}\"},\"query-input\":{\"@type\":\"PropertyValueSpecification\",\"valueRequired\":true,\"valueName\":\"search_term_string\"}}],\"inLanguage\":\"es\"}]}<\/script>\n<!-- \/ Yoast SEO plugin. -->","yoast_head_json":{"title":"Principales datos de Velatia - Velatia","description":"Velatia tiene m\u00e1s de 50 a\u00f1os de experiencia y presencia en m\u00e1s de 50 pa\u00edses en los cinco continentes con una plantilla formada por m\u00e1s de 3.000 profesionales.","robots":{"index":"index","follow":"follow","max-snippet":"max-snippet:-1","max-image-preview":"max-image-preview:large","max-video-preview":"max-video-preview:-1"},"canonical":"https:\/\/www.velatia.com\/es\/principales-datos-velatia\/","og_locale":"es_ES","og_type":"article","og_title":"Principales datos de Velatia - Velatia","og_description":"Velatia tiene m\u00e1s de 50 a\u00f1os de experiencia y presencia en m\u00e1s de 50 pa\u00edses en los cinco continentes con una plantilla formada por m\u00e1s de 3.000 profesionales.","og_url":"https:\/\/www.velatia.com\/es\/principales-datos-velatia\/","og_site_name":"Velatia","article_publisher":"https:\/\/www.facebook.com\/Velatia-1634185503460158\/?ref=bookmarks","twitter_card":"summary_large_image","twitter_site":"@Velatia_global","twitter_misc":{"Tiempo de lectura":"1 minuto"},"schema":{"@context":"https:\/\/schema.org","@graph":[{"@type":"WebPage","@id":"https:\/\/www.velatia.com\/es\/principales-datos-velatia\/","url":"https:\/\/www.velatia.com\/es\/principales-datos-velatia\/","name":"Principales datos de Velatia - Velatia","isPartOf":{"@id":"https:\/\/www.velatia.com\/es\/#website"},"datePublished":"2024-07-24T18:59:18+00:00","description":"Velatia tiene m\u00e1s de 50 a\u00f1os de experiencia y presencia en m\u00e1s de 50 pa\u00edses en los cinco continentes con una plantilla formada por m\u00e1s de 3.000 profesionales.","breadcrumb":{"@id":"https:\/\/www.velatia.com\/es\/principales-datos-velatia\/#breadcrumb"},"inLanguage":"es","potentialAction":[{"@type":"ReadAction","target":["https:\/\/www.velatia.com\/es\/principales-datos-velatia\/"]}]},{"@type":"BreadcrumbList","@id":"https:\/\/www.velatia.com\/es\/principales-datos-velatia\/#breadcrumb","itemListElement":[{"@type":"ListItem","position":1,"name":"Portada","item":"https:\/\/www.velatia.com\/es\/"},{"@type":"ListItem","position":2,"name":"Principales datos"}]},{"@type":"WebSite","@id":"https:\/\/www.velatia.com\/es\/#website","url":"https:\/\/www.velatia.com\/es\/","name":"Velatia","description":"Velatia, un grupo Familiar, Industrial y Tecnol\u00f3gico","potentialAction":[{"@type":"SearchAction","target":{"@type":"EntryPoint","urlTemplate":"https:\/\/www.velatia.com\/es\/?s={search_term_string}"},"query-input":{"@type":"PropertyValueSpecification","valueRequired":true,"valueName":"search_term_string"}}],"inLanguage":"es"}]}},"jetpack-related-posts":[],"jetpack_sharing_enabled":true,"_links":{"self":[{"href":"https:\/\/www.velatia.com\/es\/wp-json\/wp\/v2\/pages\/998","targetHints":{"allow":["GET"]}}],"collection":[{"href":"https:\/\/www.velatia.com\/es\/wp-json\/wp\/v2\/pages"}],"about":[{"href":"https:\/\/www.velatia.com\/es\/wp-json\/wp\/v2\/types\/page"}],"author":[{"embeddable":true,"href":"https:\/\/www.velatia.com\/es\/wp-json\/wp\/v2\/users\/1"}],"replies":[{"embeddable":true,"href":"https:\/\/www.velatia.com\/es\/wp-json\/wp\/v2\/comments?post=998"}],"version-history":[{"count":36,"href":"https:\/\/www.velatia.com\/es\/wp-json\/wp\/v2\/pages\/998\/revisions"}],"predecessor-version":[{"id":36289,"href":"https:\/\/www.velatia.com\/es\/wp-json\/wp\/v2\/pages\/998\/revisions\/36289"}],"wp:attachment":[{"href":"https:\/\/www.velatia.com\/es\/wp-json\/wp\/v2\/media?parent=998"}],"curies":[{"name":"wp","href":"https:\/\/api.w.org\/{rel}","templated":true}]}}