{"id":966,"date":"2018-05-29T13:41:06","date_gmt":"2018-05-29T13:41:06","guid":{"rendered":"http:\/\/www.velatia.com\/?page_id=966"},"modified":"2026-01-13T14:32:30","modified_gmt":"2026-01-13T13:32:30","slug":"empresas-que-forman-velatia","status":"publish","type":"page","link":"https:\/\/www.velatia.com\/es\/empresas-que-forman-velatia\/","title":{"rendered":"Empresas que dan forma a Velatia"},"content":{"rendered":"<div class=\"wpb-content-wrapper\"><p>[vc_row][vc_column offset=\u00bbvc_col-lg-offset-2 vc_col-lg-8&#8243;][vc_column_text el_class=\u00bbparrafoDestacado\u00bb]En <strong>Velatia<\/strong> impulsamos el desarrollo de la Smart City con soluciones innovadoras alineadas con nuestros clientes.[\/vc_column_text]<div class=\"dfd-spacer-module\"  data-units=\"px\" data-wide_resolution=\"1280\" data-wide_size=\"50\" data-normal_resolution=\"1024\" data-normal_size=\"30\" data-tablet_resolution=\"800\" data-tablet_size=\"30\" data-mobile_resolution=\"480\" data-mobile_size=\"30\" style=\"height: 50px;\"><\/div>[\/vc_column][\/vc_row][vc_row dfd_bg_style=\u00bbimage\u00bb dfd_parallax_style=\u00bbdfd_vertical_parallax\u00bb dfd_bg_image_new=\u00bb1284&#8243; dfd_bg_image_repeat=\u00bbno-repeat\u00bb dfd_image_bg_color=\u00bb#e8e7e3&#8243; force_equal_height_columns=\u00bbmain_row\u00bb el_class=\u00bbbloquesHover\u00bb css=\u00bb.vc_custom_1540970617344{margin-top: 0px !important;margin-right: 0px !important;margin-bottom: 0px !important;margin-left: 0px !important;padding-top: 0px !important;padding-right: 0px !important;padding-bottom: 0px !important;padding-left: 0px !important;}\u00bb][vc_column][vc_row_inner css=\u00bb.vc_custom_1528110526765{margin-top: 0px !important;margin-right: 0px !important;margin-bottom: 0px !important;margin-left: 0px !important;padding-top: 0px !important;padding-right: 0px !important;padding-bottom: 0px !important;padding-left: 0px !important;}\u00bb][vc_column_inner width=\u00bb1\/3&#8243; css=\u00bb.vc_custom_1528109878332{margin-top: 0px !important;margin-right: 0px !important;margin-bottom: 0px !important;margin-left: 0px !important;padding-top: 0px !important;padding-right: 0px !important;padding-bottom: 0px !important;padding-left: 0px !important;}\u00bb][vc_hoverbox image=\u00bb1083&#8243; primary_title=\u00bb\u00bb hover_title=\u00bbOrmazabal\u00bb shape=\u00bbsquare\u00bb hover_background_color=\u00bbcustom\u00bb hover_custom_background=\u00bb#e37222&#8243; el_class=\u00bbbloquesHoverAnim Empresas uno\u00bb css=\u00bb.vc_custom_1542277259880{border-top-width: 15px !important;border-right-width: 15px !important;border-bottom-width: 15px !important;border-left-width: 15px !important;border-left-color: rgba(255,255,255,0.01) !important;border-left-style: solid !important;border-right-color: rgba(255,255,255,0.01) !important;border-right-style: solid !important;border-top-color: rgba(255,255,255,0.01) !important;border-top-style: solid !important;border-bottom-color: rgba(255,255,255,0.01) !important;border-bottom-style: solid !important;}\u00bb]Somos un aliado estrat\u00e9gico para redes el\u00e9ctricas y smart grid<\/p>\n<p><a class=\"boton\" href=\"https:\/\/www.velatia.com\/es\/empresas-que-forman-velatia\/ormazabal\/\">Conoce m\u00e1s<\/a>[\/vc_hoverbox][vc_hoverbox image=\u00bb1079&#8243; primary_title=\u00bb\u00bb hover_title=\u00bbStratenergy\u00bb shape=\u00bbsquare\u00bb hover_background_color=\u00bbcustom\u00bb hover_custom_background=\u00bb#e37222&#8243; el_class=\u00bbbloquesHoverAnim Empresas dos\u00bb css=\u00bb.vc_custom_1768311274551{border-top-width: 15px !important;border-right-width: 15px !important;border-bottom-width: 15px !important;border-left-width: 15px !important;border-left-style: solid !important;border-right-style: solid !important;border-top-style: solid !important;border-bottom-style: solid !important;border-color: rgba(255,255,255,0.01) !important;}\u00bb]Somos especialistas en servicios energ\u00e9ticos<\/p>\n<p><a class=\"boton\" href=\"https:\/\/www.velatia.com\/es\/empresas-que-forman-velatia\/stratenergy\/\">Conoce m\u00e1s<\/a>[\/vc_hoverbox][\/vc_column_inner][vc_column_inner width=\u00bb1\/3&#8243; css=\u00bb.vc_custom_1528109892971{margin-top: 0px !important;margin-right: 0px !important;margin-bottom: 0px !important;margin-left: 0px !important;padding-top: 0px !important;padding-right: 0px !important;padding-bottom: 0px !important;padding-left: 0px !important;}\u00bb][vc_hoverbox image=\u00bb1082&#8243; primary_title=\u00bb\u00bb hover_title=\u00bbIkusi\u00bb shape=\u00bbsquare\u00bb hover_background_color=\u00bbcustom\u00bb hover_custom_background=\u00bb#e37222&#8243; el_class=\u00bbbloquesHoverAnim Empresas dos\u00bb css=\u00bb.vc_custom_1542277268182{border-top-width: 15px !important;border-right-width: 15px !important;border-bottom-width: 15px !important;border-left-width: 15px !important;border-left-color: rgba(255,255,255,0.01) !important;border-left-style: solid !important;border-right-color: rgba(255,255,255,0.01) !important;border-right-style: solid !important;border-top-color: rgba(255,255,255,0.01) !important;border-top-style: solid !important;border-bottom-color: rgba(255,255,255,0.01) !important;border-bottom-style: solid !important;}\u00bb]Acompa\u00f1amos a empresas y organizaciones en su proceso de transformaci\u00f3n digital<\/p>\n<p><a class=\"boton\" href=\"https:\/\/www.velatia.com\/es\/empresas-que-forman-velatia\/ikusi\/\">Conoce m\u00e1s<\/a>[\/vc_hoverbox][vc_hoverbox image=\u00bb10841&#8243; primary_title=\u00bb\u00bb hover_title=\u00bbSupsonik\u00bb shape=\u00bbsquare\u00bb hover_background_color=\u00bbcustom\u00bb hover_custom_background=\u00bb#e37222&#8243; el_class=\u00bbbloquesHoverAnim Empresas uno\u00bb css=\u00bb.vc_custom_1768311284449{border-top-width: 15px !important;border-right-width: 15px !important;border-bottom-width: 15px !important;border-left-width: 15px !important;border-left-style: solid !important;border-right-style: solid !important;border-top-style: solid !important;border-bottom-style: solid !important;border-color: rgba(255,255,255,0.01) !important;}\u00bb]Expertos en Electr\u00f3nica de Potencia<\/p>\n<p><a class=\"boton\" href=\"https:\/\/www.velatia.com\/es\/empresas-que-forman-velatia\/supsonik\/\">Conoce m\u00e1s<\/a>[\/vc_hoverbox][\/vc_column_inner][vc_column_inner width=\u00bb1\/3&#8243; css=\u00bb.vc_custom_1580973921584{margin-top: 0px !important;margin-right: 0px !important;margin-bottom: 0px !important;margin-left: 0px !important;padding-top: 0px !important;padding-right: 0px !important;padding-bottom: 0px !important;padding-left: 0px !important;}\u00bb][vc_hoverbox image=\u00bb1077&#8243; primary_title=\u00bb\u00bb hover_title=\u00bbSmarmec\u00bb shape=\u00bbsquare\u00bb hover_background_color=\u00bbcustom\u00bb hover_custom_background=\u00bb#e37222&#8243; el_class=\u00bbbloquesHoverAnim Empresas uno\u00bb css=\u00bb.vc_custom_1768311265584{border-top-width: 15px !important;border-right-width: 15px !important;border-bottom-width: 15px !important;border-left-width: 15px !important;border-left-style: solid !important;border-right-style: solid !important;border-top-style: solid !important;border-bottom-style: solid !important;border-color: rgba(255,255,255,0.01) !important;}\u00bb]Ofrecemos soluciones de ingenier\u00eda mec\u00e1nica e inform\u00e1tica en el \u00e1rea de las m\u00e1quinas inteligentes<\/p>\n<p><a class=\"boton\" href=\"https:\/\/www.velatia.com\/es\/empresas-que-forman-velatia\/smarmec\/\">Conoce m\u00e1s<\/a>[\/vc_hoverbox][vc_hoverbox image=\u00bb1081&#8243; primary_title=\u00bb\u00bb hover_title=\u00bbWec\u00bb shape=\u00bbsquare\u00bb hover_background_color=\u00bbcustom\u00bb el_class=\u00bbbloquesHoverAnim Empresas dos\u00bb css=\u00bb.vc_custom_1768311298367{border-top-width: 15px !important;border-right-width: 15px !important;border-bottom-width: 15px !important;border-left-width: 15px !important;border-left-style: solid !important;border-right-style: solid !important;border-top-style: solid !important;border-bottom-style: solid !important;border-color: rgba(255,255,255,0.01) !important;}\u00bb hover_custom_background=\u00bb#e37222&#8243;]Dise\u00f1amos y fabricamos piezas cr\u00edticas para motores y turbinas de avi\u00f3n<\/p>\n<p><a class=\"boton\" href=\"https:\/\/www.velatia.com\/es\/empresas-que-forman-velatia\/wec\/\">Conoce m\u00e1s<\/a>[\/vc_hoverbox][\/vc_column_inner][\/vc_row_inner][\/vc_column][\/vc_row]<\/p>\n<\/div>","protected":false},"excerpt":{"rendered":"<p>[vc_row][vc_column offset=\u00bbvc_col-lg-offset-2 vc_col-lg-8&#8243;][vc_column_text el_class=\u00bbparrafoDestacado\u00bb]En Velatia impulsamos el desarrollo de la Smart City con soluciones innovadoras alineadas con nuestros clientes.[\/vc_column_text][\/vc_column][\/vc_row][vc_row dfd_bg_style=\u00bbimage\u00bb dfd_parallax_style=\u00bbdfd_vertical_parallax\u00bb dfd_bg_image_new=\u00bb1284&#8243; dfd_bg_image_repeat=\u00bbno-repeat\u00bb dfd_image_bg_color=\u00bb#e8e7e3&#8243; force_equal_height_columns=\u00bbmain_row\u00bb el_class=\u00bbbloquesHover\u00bb css=\u00bb.vc_custom_1540970617344{margin-top: 0px !important;margin-right: 0px<\/p>\n","protected":false},"author":1,"featured_media":0,"parent":0,"menu_order":0,"comment_status":"closed","ping_status":"closed","template":"","meta":{"_acf_changed":false,"footnotes":""},"class_list":["post-966","page","type-page","status-publish","hentry"],"acf":[],"yoast_head":"<!-- This site is optimized with the Yoast SEO plugin v27.2 - https:\/\/yoast.com\/product\/yoast-seo-wordpress\/ -->\n<title>Empresas que dan forma a Velatia - Velatia<\/title>\n<meta name=\"description\" content=\"Velatia est\u00e1 formada por empresas que ofrecen soluciones tecnol\u00f3gicas avanzadas en l\u00ednea con el desarrollo de la smart city mediante soluciones innovadoras alineadas con nuestros clientes.\" \/>\n<meta name=\"robots\" content=\"index, follow, max-snippet:-1, max-image-preview:large, max-video-preview:-1\" \/>\n<link rel=\"canonical\" href=\"https:\/\/www.velatia.com\/es\/empresas-que-forman-velatia\/\" \/>\n<meta property=\"og:locale\" content=\"es_ES\" \/>\n<meta property=\"og:type\" content=\"article\" \/>\n<meta property=\"og:title\" content=\"Empresas que dan forma a Velatia - Velatia\" \/>\n<meta property=\"og:description\" content=\"Velatia est\u00e1 formada por empresas que ofrecen soluciones tecnol\u00f3gicas avanzadas en l\u00ednea con el desarrollo de la smart city mediante soluciones innovadoras alineadas con nuestros clientes.\" \/>\n<meta property=\"og:url\" content=\"https:\/\/www.velatia.com\/es\/empresas-que-forman-velatia\/\" \/>\n<meta property=\"og:site_name\" content=\"Velatia\" \/>\n<meta property=\"article:publisher\" content=\"https:\/\/www.facebook.com\/Velatia-1634185503460158\/?ref=bookmarks\" \/>\n<meta property=\"article:modified_time\" content=\"2026-01-13T13:32:30+00:00\" \/>\n<meta property=\"og:image\" content=\"https:\/\/www.velatia.com\/wp-content\/uploads\/2019\/12\/imagen-apartado-trabaja-con-nosotros.png\" \/>\n\t<meta property=\"og:image:width\" content=\"1919\" \/>\n\t<meta property=\"og:image:height\" content=\"708\" \/>\n\t<meta property=\"og:image:type\" content=\"image\/png\" \/>\n<meta name=\"twitter:card\" content=\"summary_large_image\" \/>\n<meta name=\"twitter:image\" content=\"https:\/\/www.velatia.com\/wp-content\/uploads\/2019\/12\/imagen-apartado-trabaja-con-nosotros.png\" \/>\n<meta name=\"twitter:site\" content=\"@Velatia_global\" \/>\n<meta name=\"twitter:label1\" content=\"Tiempo de lectura\" \/>\n\t<meta name=\"twitter:data1\" content=\"4 minutos\" \/>\n<script type=\"application\/ld+json\" class=\"yoast-schema-graph\">{\"@context\":\"https:\/\/schema.org\",\"@graph\":[{\"@type\":\"WebPage\",\"@id\":\"https:\/\/www.velatia.com\/es\/empresas-que-forman-velatia\/\",\"url\":\"https:\/\/www.velatia.com\/es\/empresas-que-forman-velatia\/\",\"name\":\"Empresas que dan forma a Velatia - Velatia\",\"isPartOf\":{\"@id\":\"https:\/\/www.velatia.com\/es\/#website\"},\"datePublished\":\"2018-05-29T13:41:06+00:00\",\"dateModified\":\"2026-01-13T13:32:30+00:00\",\"description\":\"Velatia est\u00e1 formada por empresas que ofrecen soluciones tecnol\u00f3gicas avanzadas en l\u00ednea con el desarrollo de la smart city mediante soluciones innovadoras alineadas con nuestros clientes.\",\"breadcrumb\":{\"@id\":\"https:\/\/www.velatia.com\/es\/empresas-que-forman-velatia\/#breadcrumb\"},\"inLanguage\":\"es\",\"potentialAction\":[{\"@type\":\"ReadAction\",\"target\":[\"https:\/\/www.velatia.com\/es\/empresas-que-forman-velatia\/\"]}]},{\"@type\":\"BreadcrumbList\",\"@id\":\"https:\/\/www.velatia.com\/es\/empresas-que-forman-velatia\/#breadcrumb\",\"itemListElement\":[{\"@type\":\"ListItem\",\"position\":1,\"name\":\"Portada\",\"item\":\"https:\/\/www.velatia.com\/es\/\"},{\"@type\":\"ListItem\",\"position\":2,\"name\":\"Empresas que dan forma a Velatia\"}]},{\"@type\":\"WebSite\",\"@id\":\"https:\/\/www.velatia.com\/es\/#website\",\"url\":\"https:\/\/www.velatia.com\/es\/\",\"name\":\"Velatia\",\"description\":\"Velatia, un grupo Familiar, Industrial y Tecnol\u00f3gico\",\"potentialAction\":[{\"@type\":\"SearchAction\",\"target\":{\"@type\":\"EntryPoint\",\"urlTemplate\":\"https:\/\/www.velatia.com\/es\/?s={search_term_string}\"},\"query-input\":{\"@type\":\"PropertyValueSpecification\",\"valueRequired\":true,\"valueName\":\"search_term_string\"}}],\"inLanguage\":\"es\"}]}<\/script>\n<!-- \/ Yoast SEO plugin. -->","yoast_head_json":{"title":"Empresas que dan forma a Velatia - Velatia","description":"Velatia est\u00e1 formada por empresas que ofrecen soluciones tecnol\u00f3gicas avanzadas en l\u00ednea con el desarrollo de la smart city mediante soluciones innovadoras alineadas con nuestros clientes.","robots":{"index":"index","follow":"follow","max-snippet":"max-snippet:-1","max-image-preview":"max-image-preview:large","max-video-preview":"max-video-preview:-1"},"canonical":"https:\/\/www.velatia.com\/es\/empresas-que-forman-velatia\/","og_locale":"es_ES","og_type":"article","og_title":"Empresas que dan forma a Velatia - Velatia","og_description":"Velatia est\u00e1 formada por empresas que ofrecen soluciones tecnol\u00f3gicas avanzadas en l\u00ednea con el desarrollo de la smart city mediante soluciones innovadoras alineadas con nuestros clientes.","og_url":"https:\/\/www.velatia.com\/es\/empresas-que-forman-velatia\/","og_site_name":"Velatia","article_publisher":"https:\/\/www.facebook.com\/Velatia-1634185503460158\/?ref=bookmarks","article_modified_time":"2026-01-13T13:32:30+00:00","og_image":[{"width":1919,"height":708,"url":"https:\/\/www.velatia.com\/wp-content\/uploads\/2019\/12\/imagen-apartado-trabaja-con-nosotros.png","type":"image\/png"}],"twitter_card":"summary_large_image","twitter_image":"https:\/\/www.velatia.com\/wp-content\/uploads\/2019\/12\/imagen-apartado-trabaja-con-nosotros.png","twitter_site":"@Velatia_global","twitter_misc":{"Tiempo de lectura":"4 minutos"},"schema":{"@context":"https:\/\/schema.org","@graph":[{"@type":"WebPage","@id":"https:\/\/www.velatia.com\/es\/empresas-que-forman-velatia\/","url":"https:\/\/www.velatia.com\/es\/empresas-que-forman-velatia\/","name":"Empresas que dan forma a Velatia - Velatia","isPartOf":{"@id":"https:\/\/www.velatia.com\/es\/#website"},"datePublished":"2018-05-29T13:41:06+00:00","dateModified":"2026-01-13T13:32:30+00:00","description":"Velatia est\u00e1 formada por empresas que ofrecen soluciones tecnol\u00f3gicas avanzadas en l\u00ednea con el desarrollo de la smart city mediante soluciones innovadoras alineadas con nuestros clientes.","breadcrumb":{"@id":"https:\/\/www.velatia.com\/es\/empresas-que-forman-velatia\/#breadcrumb"},"inLanguage":"es","potentialAction":[{"@type":"ReadAction","target":["https:\/\/www.velatia.com\/es\/empresas-que-forman-velatia\/"]}]},{"@type":"BreadcrumbList","@id":"https:\/\/www.velatia.com\/es\/empresas-que-forman-velatia\/#breadcrumb","itemListElement":[{"@type":"ListItem","position":1,"name":"Portada","item":"https:\/\/www.velatia.com\/es\/"},{"@type":"ListItem","position":2,"name":"Empresas que dan forma a Velatia"}]},{"@type":"WebSite","@id":"https:\/\/www.velatia.com\/es\/#website","url":"https:\/\/www.velatia.com\/es\/","name":"Velatia","description":"Velatia, un grupo Familiar, Industrial y Tecnol\u00f3gico","potentialAction":[{"@type":"SearchAction","target":{"@type":"EntryPoint","urlTemplate":"https:\/\/www.velatia.com\/es\/?s={search_term_string}"},"query-input":{"@type":"PropertyValueSpecification","valueRequired":true,"valueName":"search_term_string"}}],"inLanguage":"es"}]}},"jetpack-related-posts":[],"jetpack_sharing_enabled":true,"_links":{"self":[{"href":"https:\/\/www.velatia.com\/es\/wp-json\/wp\/v2\/pages\/966","targetHints":{"allow":["GET"]}}],"collection":[{"href":"https:\/\/www.velatia.com\/es\/wp-json\/wp\/v2\/pages"}],"about":[{"href":"https:\/\/www.velatia.com\/es\/wp-json\/wp\/v2\/types\/page"}],"author":[{"embeddable":true,"href":"https:\/\/www.velatia.com\/es\/wp-json\/wp\/v2\/users\/1"}],"replies":[{"embeddable":true,"href":"https:\/\/www.velatia.com\/es\/wp-json\/wp\/v2\/comments?post=966"}],"version-history":[{"count":43,"href":"https:\/\/www.velatia.com\/es\/wp-json\/wp\/v2\/pages\/966\/revisions"}],"predecessor-version":[{"id":40811,"href":"https:\/\/www.velatia.com\/es\/wp-json\/wp\/v2\/pages\/966\/revisions\/40811"}],"wp:attachment":[{"href":"https:\/\/www.velatia.com\/es\/wp-json\/wp\/v2\/media?parent=966"}],"curies":[{"name":"wp","href":"https:\/\/api.w.org\/{rel}","templated":true}]}}