{"id":964,"date":"2018-05-29T13:40:49","date_gmt":"2018-05-29T13:40:49","guid":{"rendered":"http:\/\/www.velatia.com\/?page_id=964"},"modified":"2026-01-13T14:08:21","modified_gmt":"2026-01-13T13:08:21","slug":"que-hace-velatia","status":"publish","type":"page","link":"https:\/\/www.velatia.com\/es\/que-hace-velatia\/","title":{"rendered":"Qu\u00e9 hacen las empresas que forman Velatia"},"content":{"rendered":"<div class=\"wpb-content-wrapper\"><p>[vc_row][vc_column offset=\u00bbvc_col-lg-offset-2 vc_col-lg-8&#8243;]<div class=\"dfd-spacer-module\"  data-units=\"px\" data-wide_resolution=\"1280\" data-wide_size=\"0\" data-normal_resolution=\"1024\" data-normal_size=\"0\" data-tablet_resolution=\"800\" data-tablet_size=\"0\" data-mobile_resolution=\"480\" data-mobile_size=\"30\" style=\"height: 0px;\"><\/div>[vc_column_text item_animation=\u00bbtransition.fadeIn\u00bb el_class=\u00bbparrafoDestacado\u00bb]Estamos en l\u00ednea con un mundo en continuo movimiento. Con una sociedad conectada y exigente. En l\u00ednea con nuestros clientes\u2026 para crear un futuro m\u00e1s eficiente y sostenible.[\/vc_column_text]<div class=\"dfd-spacer-module\"  data-units=\"px\" data-wide_resolution=\"1280\" data-wide_size=\"10\" data-normal_resolution=\"1024\" data-normal_size=\"10\" data-tablet_resolution=\"800\" data-tablet_size=\"10\" data-mobile_resolution=\"480\" data-mobile_size=\"10\" style=\"height: 10px;\"><\/div><div class=\"dfd-heading-shortcode\"><div class=\"dfd-heading-module-wrap noTransform text-center style_01 cr-animate-gen dfd-heading-69e35ea4e36c8 dfd-disable-resposive-headings\" id=\"dfd-heading-69e35ea4e36c8\" data-animate-type = \"transition.fadeIn\" ><div class=\"inline-block\"><div class=\"dfd-heading-module\"><div class=\"widget-title dfd-title block-title\" style=\"font-family:Fira Sans; font-weight:400; font-style:normal; font-size: 24px; color: #002664 !important; line-height: 28px; \">Este es el compromiso de <strong>Velatia<\/strong><\/div><\/div><\/div><\/div><script type=\"text\/javascript\">\r\n\t\t\t\t\t\t\t\t\t(function($) {\r\n\t\t\t\t\t\t\t\t\t\t$(\"head\").append(\"<style>.dfd-heading-69e35ea4e36c8.dfd-heading-module-wrap .dfd-heading-module .dfd-heading-delimiter {margin-top:10px;margin-bottom:10px;}<\/style>\");\r\n\t\t\t\t\t\t\t\t\t})(jQuery);\r\n\t\t\t\t\t\t\t\t<\/script><\/div><div class=\"dfd-spacer-module\"  data-units=\"px\" data-wide_resolution=\"1280\" data-wide_size=\"50\" data-normal_resolution=\"1024\" data-normal_size=\"30\" data-tablet_resolution=\"800\" data-tablet_size=\"30\" data-mobile_resolution=\"480\" data-mobile_size=\"30\" style=\"height: 50px;\"><\/div>[\/vc_column][\/vc_row][vc_row dfd_bg_style=\u00bbimage\u00bb dfd_parallax_style=\u00bbdfd_vertical_parallax\u00bb dfd_bg_image_new=\u00bb1284&#8243; dfd_bg_image_repeat=\u00bbno-repeat\u00bb force_equal_height_columns=\u00bbmain_row\u00bb el_class=\u00bbbloquesHover\u00bb css=\u00bb.vc_custom_1528118922384{margin-top: 0px !important;margin-right: 0px !important;margin-bottom: 0px !important;margin-left: 0px !important;padding-top: 0px !important;padding-right: 0px !important;padding-bottom: 0px !important;padding-left: 0px !important;}\u00bb][vc_column][vc_row_inner css=\u00bb.vc_custom_1528110526765{margin-top: 0px !important;margin-right: 0px !important;margin-bottom: 0px !important;margin-left: 0px !important;padding-top: 0px !important;padding-right: 0px !important;padding-bottom: 0px !important;padding-left: 0px !important;}\u00bb][vc_column_inner width=\u00bb1\/3&#8243; css=\u00bb.vc_custom_1528109878332{margin-top: 0px !important;margin-right: 0px !important;margin-bottom: 0px !important;margin-left: 0px !important;padding-top: 0px !important;padding-right: 0px !important;padding-bottom: 0px !important;padding-left: 0px !important;}\u00bb][vc_hoverbox primary_title=\u00bbRedes el\u00e9ctricas\u00bb hover_title=\u00bbSoluciones para Redes El\u00e9ctricas\u00bb shape=\u00bbsquare\u00bb hover_background_color=\u00bbcustom\u00bb hover_custom_background=\u00bb#e37222&#8243; el_class=\u00bbbloquesHoverAnim QueHacemos uno\u00bb css=\u00bb.vc_custom_1542277450731{border-top-width: 15px !important;border-right-width: 15px !important;border-bottom-width: 15px !important;border-left-width: 15px !important;border-left-color: rgba(255,255,255,0.01) !important;border-left-style: solid !important;border-right-color: rgba(255,255,255,0.01) !important;border-right-style: solid !important;border-top-color: rgba(255,255,255,0.01) !important;border-top-style: solid !important;border-bottom-color: rgba(255,255,255,0.01) !important;border-bottom-style: solid !important;}\u00bb]Participamos en la expansi\u00f3n del sector el\u00e9ctrico con soluciones avanzadas y fiables para un suministro m\u00e1s seguro e inteligente<\/p>\n<p><a class=\"boton\" href=\"https:\/\/www.velatia.com\/es\/que-hace-velatia\/redes-electricas\/\">Conoce m\u00e1s<\/a>[\/vc_hoverbox][vc_hoverbox primary_title=\u00bbServicios energ\u00e9ticos\u00bb hover_title=\u00bbServicios Energ\u00e9ticos\u00bb shape=\u00bbsquare\u00bb hover_background_color=\u00bbcustom\u00bb el_class=\u00bbbloquesHoverAnim QueHacemos dos\u00bb css=\u00bb.vc_custom_1768309852648{border-top-width: 15px !important;border-right-width: 15px !important;border-bottom-width: 15px !important;border-left-width: 15px !important;border-left-style: solid !important;border-right-style: solid !important;border-top-style: solid !important;border-bottom-style: solid !important;border-color: rgba(255,255,255,0.01) !important;}\u00bb hover_custom_background=\u00bb#e37222&#8243;]Ayudamos a gestionar la energ\u00eda con eficiencia<\/p>\n<p><a class=\"boton\" href=\"https:\/\/www.velatia.com\/es\/que-hace-velatia\/servicios-energeticos\/\">Conoce m\u00e1s<\/a>[\/vc_hoverbox][vc_hoverbox primary_title=\u00bb\u00bb hover_title=\u00bb\u00bb shape=\u00bbsquare\u00bb hover_background_color=\u00bbcustom\u00bb el_class=\u00bbbloquesHoverAnim QueHacemos uno NoAnim\u00bb css=\u00bb.vc_custom_1622790998451{border-top-width: 15px !important;border-right-width: 15px !important;border-bottom-width: 15px !important;border-left-width: 15px !important;border-left-color: rgba(255,255,255,0.01) !important;border-left-style: solid !important;border-right-color: rgba(255,255,255,0.01) !important;border-right-style: solid !important;border-top-color: rgba(255,255,255,0.01) !important;border-top-style: solid !important;border-bottom-color: rgba(255,255,255,0.01) !important;border-bottom-style: solid !important;}\u00bb][\/vc_hoverbox][\/vc_column_inner][vc_column_inner width=\u00bb1\/3&#8243; css=\u00bb.vc_custom_1528109892971{margin-top: 0px !important;margin-right: 0px !important;margin-bottom: 0px !important;margin-left: 0px !important;padding-top: 0px !important;padding-right: 0px !important;padding-bottom: 0px !important;padding-left: 0px !important;}\u00bb][vc_hoverbox primary_title=\u00bbInfraestructura de comunicaciones\u00bb hover_title=\u00bbRedes de Telecomunicaciones y TI\u00bb shape=\u00bbsquare\u00bb hover_background_color=\u00bbcustom\u00bb hover_custom_background=\u00bb#e37222&#8243; el_class=\u00bbbloquesHoverAnim QueHacemos dos\u00bb css=\u00bb.vc_custom_1677076361997{border-top-width: 15px !important;border-right-width: 15px !important;border-bottom-width: 15px !important;border-left-width: 15px !important;border-left-color: rgba(255,255,255,0.01) !important;border-left-style: solid !important;border-right-color: rgba(255,255,255,0.01) !important;border-right-style: solid !important;border-top-color: rgba(255,255,255,0.01) !important;border-top-style: solid !important;border-bottom-color: rgba(255,255,255,0.01) !important;border-bottom-style: solid !important;}\u00bb]Facilitamos e implementamos redes seguras de telecomunicaciones y TI<\/p>\n<p><a class=\"boton\" href=\"https:\/\/www.velatia.com\/es\/que-hace-velatia\/redes-de-telecomunicaciones-y-ti\/\">Conoce m\u00e1s<\/a>[\/vc_hoverbox][vc_hoverbox primary_title=\u00bbComponentes para aeron\u00e1utica\u00bb hover_title=\u00bbComponentes para Aeron\u00e1utica\u00bb shape=\u00bbsquare\u00bb hover_background_color=\u00bbcustom\u00bb hover_custom_background=\u00bb#e37222&#8243; el_class=\u00bbbloquesHoverAnim QueHacemos uno\u00bb css=\u00bb.vc_custom_1622790922877{border-top-width: 15px !important;border-right-width: 15px !important;border-bottom-width: 15px !important;border-left-width: 15px !important;border-left-color: rgba(255,255,255,0.01) !important;border-left-style: solid !important;border-right-color: rgba(255,255,255,0.01) !important;border-right-style: solid !important;border-top-color: rgba(255,255,255,0.01) !important;border-top-style: solid !important;border-bottom-color: rgba(255,255,255,0.01) !important;border-bottom-style: solid !important;}\u00bb]Participamos en la futura generaci\u00f3n de aviones<\/p>\n<p><a class=\"boton\" href=\"https:\/\/www.velatia.com\/es\/que-hace-velatia\/componentes-para-aeronautica\/\">Conoce m\u00e1s<\/a>[\/vc_hoverbox][vc_hoverbox primary_title=\u00bbIngenier\u00eda y desarrollo de soluciones electromec\u00e1nicas\u00bb hover_title=\u00bbIngenier\u00eda de Dise\u00f1o y Desarrollo de Soluciones Electromec\u00e1nicas\u00bb shape=\u00bbsquare\u00bb hover_background_color=\u00bbcustom\u00bb hover_custom_background=\u00bb#e37222&#8243; el_class=\u00bbbloquesHoverAnim QueHacemos dos\u00bb css=\u00bb.vc_custom_1622790989627{border-top-width: 15px !important;border-right-width: 15px !important;border-bottom-width: 15px !important;border-left-width: 15px !important;border-left-color: rgba(255,255,255,0.01) !important;border-left-style: solid !important;border-right-color: rgba(255,255,255,0.01) !important;border-right-style: solid !important;border-top-color: rgba(255,255,255,0.01) !important;border-top-style: solid !important;border-bottom-color: rgba(255,255,255,0.01) !important;border-bottom-style: solid !important;}\u00bb]Aportamos ingenier\u00eda a los retos m\u00e1s exigentes y soluciones tecnol\u00f3gicas integradas en herramientas del d\u00eda a d\u00eda<\/p>\n<p><a class=\"boton\" href=\"https:\/\/www.velatia.com\/es\/que-hace-velatia\/ingenieria-y-desarrollo-de-soluciones-electromecanicas\/\">Conoce m\u00e1s<\/a>[\/vc_hoverbox][\/vc_column_inner][vc_column_inner width=\u00bb1\/3&#8243; css=\u00bb.vc_custom_1528109934576{margin-top: 0px !important;margin-right: 0px !important;margin-bottom: 0px !important;margin-left: 0px !important;padding-top: 0px !important;padding-right: 0px !important;padding-bottom: 0px !important;padding-left: 0px !important;}\u00bb][vc_hoverbox primary_title=\u00bbProyectos de integraci\u00f3n e ingenier\u00eda\u00bb hover_title=\u00bbProyectos de Integraci\u00f3n e Ingenier\u00eda\u00bb shape=\u00bbsquare\u00bb hover_background_color=\u00bbcustom\u00bb hover_custom_background=\u00bb#e37222&#8243; el_class=\u00bbbloquesHoverAnim QueHacemos uno\u00bb css=\u00bb.vc_custom_1542707161352{border-top-width: 15px !important;border-right-width: 15px !important;border-bottom-width: 15px !important;border-left-width: 15px !important;border-left-color: rgba(255,255,255,0.01) !important;border-left-style: solid !important;border-right-color: rgba(255,255,255,0.01) !important;border-right-style: solid !important;border-top-color: rgba(255,255,255,0.01) !important;border-top-style: solid !important;border-bottom-color: rgba(255,255,255,0.01) !important;border-bottom-style: solid !important;}\u00bb]Utilizamos la tecnolog\u00eda como base para dise\u00f1ar proyectos de integraci\u00f3n e ingenier\u00eda<\/p>\n<p><a class=\"boton\" href=\"https:\/\/www.velatia.com\/es\/que-hace-velatia\/proyectos-de-integracion-e-ingenieria\/\">Conoce m\u00e1s<\/a>[\/vc_hoverbox][vc_hoverbox primary_title=\u00bbElectr\u00f3nica de potencia\u00bb hover_title=\u00bbServicios Energ\u00e9ticos\u00bb shape=\u00bbsquare\u00bb hover_background_color=\u00bbcustom\u00bb hover_custom_background=\u00bb#e37222&#8243; el_class=\u00bbbloquesHoverAnim QueHacemos dos\u00bb css=\u00bb.vc_custom_1647952663089{border-top-width: 15px !important;border-right-width: 15px !important;border-bottom-width: 15px !important;border-left-width: 15px !important;border-left-color: rgba(255,255,255,0.01) !important;border-left-style: solid !important;border-right-color: rgba(255,255,255,0.01) !important;border-right-style: solid !important;border-top-color: rgba(255,255,255,0.01) !important;border-top-style: solid !important;border-bottom-color: rgba(255,255,255,0.01) !important;border-bottom-style: solid !important;}\u00bb]Dise\u00f1o, Fabricaci\u00f3n y Comercializaci\u00f3n de Equipos y Sistemas de Electr\u00f3nica de Potencia industrial<\/p>\n<p><a class=\"boton\" href=\"https:\/\/www.velatia.com\/es\/que-hace-velatia\/electronica-de-potencia\/\">Conoce m\u00e1s<\/a>[\/vc_hoverbox][vc_hoverbox primary_title=\u00bb\u00bb hover_title=\u00bb\u00bb shape=\u00bbsquare\u00bb hover_background_color=\u00bbcustom\u00bb el_class=\u00bbbloquesHoverAnim QueHacemos uno NoAnim\u00bb css=\u00bb.vc_custom_1622790998451{border-top-width: 15px !important;border-right-width: 15px !important;border-bottom-width: 15px !important;border-left-width: 15px !important;border-left-color: rgba(255,255,255,0.01) !important;border-left-style: solid !important;border-right-color: rgba(255,255,255,0.01) !important;border-right-style: solid !important;border-top-color: rgba(255,255,255,0.01) !important;border-top-style: solid !important;border-bottom-color: rgba(255,255,255,0.01) !important;border-bottom-style: solid !important;}\u00bb][\/vc_hoverbox][\/vc_column_inner][\/vc_row_inner][\/vc_column][\/vc_row]<\/p>\n<\/div>","protected":false},"excerpt":{"rendered":"<p>[vc_row][vc_column offset=\u00bbvc_col-lg-offset-2 vc_col-lg-8&#8243;][vc_column_text item_animation=\u00bbtransition.fadeIn\u00bb el_class=\u00bbparrafoDestacado\u00bb]Estamos en l\u00ednea con un mundo en continuo movimiento. Con una sociedad conectada y exigente. En l\u00ednea con nuestros clientes\u2026 para crear un futuro m\u00e1s eficiente<\/p>\n","protected":false},"author":1,"featured_media":0,"parent":0,"menu_order":0,"comment_status":"closed","ping_status":"closed","template":"","meta":{"_acf_changed":false,"footnotes":""},"class_list":["post-964","page","type-page","status-publish","hentry"],"acf":[],"yoast_head":"<!-- This site is optimized with the Yoast SEO plugin v27.2 - https:\/\/yoast.com\/product\/yoast-seo-wordpress\/ -->\n<title>Qu\u00e9 hacemos en Velatia - Velatia<\/title>\n<meta name=\"description\" content=\"Estamos en el despliegue de las redes el\u00e9ctricas inteligentes, con nuestros clientes en su proceso de transformaci\u00f3n digital. Aportando tambi\u00e9n, entre otros, en sectores como la aeron\u00e1utica, los servicios energ\u00e9ticos y la ingenier\u00eda electromec\u00e1nica.\" \/>\n<meta name=\"robots\" content=\"index, follow, max-snippet:-1, max-image-preview:large, max-video-preview:-1\" \/>\n<link rel=\"canonical\" href=\"https:\/\/www.velatia.com\/es\/que-hace-velatia\/\" \/>\n<meta property=\"og:locale\" content=\"es_ES\" \/>\n<meta property=\"og:type\" content=\"article\" \/>\n<meta property=\"og:title\" content=\"Qu\u00e9 hacemos en Velatia - Velatia\" \/>\n<meta property=\"og:description\" content=\"Estamos en el despliegue de las redes el\u00e9ctricas inteligentes, con nuestros clientes en su proceso de transformaci\u00f3n digital. Aportando tambi\u00e9n, entre otros, en sectores como la aeron\u00e1utica, los servicios energ\u00e9ticos y la ingenier\u00eda electromec\u00e1nica.\" \/>\n<meta property=\"og:url\" content=\"https:\/\/www.velatia.com\/es\/que-hace-velatia\/\" \/>\n<meta property=\"og:site_name\" content=\"Velatia\" \/>\n<meta property=\"article:publisher\" content=\"https:\/\/www.facebook.com\/Velatia-1634185503460158\/?ref=bookmarks\" \/>\n<meta property=\"article:modified_time\" content=\"2026-01-13T13:08:21+00:00\" \/>\n<meta name=\"twitter:card\" content=\"summary_large_image\" \/>\n<meta name=\"twitter:site\" content=\"@Velatia_global\" \/>\n<meta name=\"twitter:label1\" content=\"Tiempo de lectura\" \/>\n\t<meta name=\"twitter:data1\" content=\"3 minutos\" \/>\n<script type=\"application\/ld+json\" class=\"yoast-schema-graph\">{\"@context\":\"https:\/\/schema.org\",\"@graph\":[{\"@type\":\"WebPage\",\"@id\":\"https:\/\/www.velatia.com\/es\/que-hace-velatia\/\",\"url\":\"https:\/\/www.velatia.com\/es\/que-hace-velatia\/\",\"name\":\"Qu\u00e9 hacemos en Velatia - Velatia\",\"isPartOf\":{\"@id\":\"https:\/\/www.velatia.com\/es\/#website\"},\"datePublished\":\"2018-05-29T13:40:49+00:00\",\"dateModified\":\"2026-01-13T13:08:21+00:00\",\"description\":\"Estamos en el despliegue de las redes el\u00e9ctricas inteligentes, con nuestros clientes en su proceso de transformaci\u00f3n digital. Aportando tambi\u00e9n, entre otros, en sectores como la aeron\u00e1utica, los servicios energ\u00e9ticos y la ingenier\u00eda electromec\u00e1nica.\",\"breadcrumb\":{\"@id\":\"https:\/\/www.velatia.com\/es\/que-hace-velatia\/#breadcrumb\"},\"inLanguage\":\"es\",\"potentialAction\":[{\"@type\":\"ReadAction\",\"target\":[\"https:\/\/www.velatia.com\/es\/que-hace-velatia\/\"]}]},{\"@type\":\"BreadcrumbList\",\"@id\":\"https:\/\/www.velatia.com\/es\/que-hace-velatia\/#breadcrumb\",\"itemListElement\":[{\"@type\":\"ListItem\",\"position\":1,\"name\":\"Portada\",\"item\":\"https:\/\/www.velatia.com\/es\/\"},{\"@type\":\"ListItem\",\"position\":2,\"name\":\"Qu\u00e9 hacen las empresas que forman Velatia\"}]},{\"@type\":\"WebSite\",\"@id\":\"https:\/\/www.velatia.com\/es\/#website\",\"url\":\"https:\/\/www.velatia.com\/es\/\",\"name\":\"Velatia\",\"description\":\"Velatia, un grupo Familiar, Industrial y Tecnol\u00f3gico\",\"potentialAction\":[{\"@type\":\"SearchAction\",\"target\":{\"@type\":\"EntryPoint\",\"urlTemplate\":\"https:\/\/www.velatia.com\/es\/?s={search_term_string}\"},\"query-input\":{\"@type\":\"PropertyValueSpecification\",\"valueRequired\":true,\"valueName\":\"search_term_string\"}}],\"inLanguage\":\"es\"}]}<\/script>\n<!-- \/ Yoast SEO plugin. -->","yoast_head_json":{"title":"Qu\u00e9 hacemos en Velatia - Velatia","description":"Estamos en el despliegue de las redes el\u00e9ctricas inteligentes, con nuestros clientes en su proceso de transformaci\u00f3n digital. Aportando tambi\u00e9n, entre otros, en sectores como la aeron\u00e1utica, los servicios energ\u00e9ticos y la ingenier\u00eda electromec\u00e1nica.","robots":{"index":"index","follow":"follow","max-snippet":"max-snippet:-1","max-image-preview":"max-image-preview:large","max-video-preview":"max-video-preview:-1"},"canonical":"https:\/\/www.velatia.com\/es\/que-hace-velatia\/","og_locale":"es_ES","og_type":"article","og_title":"Qu\u00e9 hacemos en Velatia - Velatia","og_description":"Estamos en el despliegue de las redes el\u00e9ctricas inteligentes, con nuestros clientes en su proceso de transformaci\u00f3n digital. Aportando tambi\u00e9n, entre otros, en sectores como la aeron\u00e1utica, los servicios energ\u00e9ticos y la ingenier\u00eda electromec\u00e1nica.","og_url":"https:\/\/www.velatia.com\/es\/que-hace-velatia\/","og_site_name":"Velatia","article_publisher":"https:\/\/www.facebook.com\/Velatia-1634185503460158\/?ref=bookmarks","article_modified_time":"2026-01-13T13:08:21+00:00","twitter_card":"summary_large_image","twitter_site":"@Velatia_global","twitter_misc":{"Tiempo de lectura":"3 minutos"},"schema":{"@context":"https:\/\/schema.org","@graph":[{"@type":"WebPage","@id":"https:\/\/www.velatia.com\/es\/que-hace-velatia\/","url":"https:\/\/www.velatia.com\/es\/que-hace-velatia\/","name":"Qu\u00e9 hacemos en Velatia - Velatia","isPartOf":{"@id":"https:\/\/www.velatia.com\/es\/#website"},"datePublished":"2018-05-29T13:40:49+00:00","dateModified":"2026-01-13T13:08:21+00:00","description":"Estamos en el despliegue de las redes el\u00e9ctricas inteligentes, con nuestros clientes en su proceso de transformaci\u00f3n digital. Aportando tambi\u00e9n, entre otros, en sectores como la aeron\u00e1utica, los servicios energ\u00e9ticos y la ingenier\u00eda electromec\u00e1nica.","breadcrumb":{"@id":"https:\/\/www.velatia.com\/es\/que-hace-velatia\/#breadcrumb"},"inLanguage":"es","potentialAction":[{"@type":"ReadAction","target":["https:\/\/www.velatia.com\/es\/que-hace-velatia\/"]}]},{"@type":"BreadcrumbList","@id":"https:\/\/www.velatia.com\/es\/que-hace-velatia\/#breadcrumb","itemListElement":[{"@type":"ListItem","position":1,"name":"Portada","item":"https:\/\/www.velatia.com\/es\/"},{"@type":"ListItem","position":2,"name":"Qu\u00e9 hacen las empresas que forman Velatia"}]},{"@type":"WebSite","@id":"https:\/\/www.velatia.com\/es\/#website","url":"https:\/\/www.velatia.com\/es\/","name":"Velatia","description":"Velatia, un grupo Familiar, Industrial y Tecnol\u00f3gico","potentialAction":[{"@type":"SearchAction","target":{"@type":"EntryPoint","urlTemplate":"https:\/\/www.velatia.com\/es\/?s={search_term_string}"},"query-input":{"@type":"PropertyValueSpecification","valueRequired":true,"valueName":"search_term_string"}}],"inLanguage":"es"}]}},"jetpack-related-posts":[],"jetpack_sharing_enabled":true,"_links":{"self":[{"href":"https:\/\/www.velatia.com\/es\/wp-json\/wp\/v2\/pages\/964","targetHints":{"allow":["GET"]}}],"collection":[{"href":"https:\/\/www.velatia.com\/es\/wp-json\/wp\/v2\/pages"}],"about":[{"href":"https:\/\/www.velatia.com\/es\/wp-json\/wp\/v2\/types\/page"}],"author":[{"embeddable":true,"href":"https:\/\/www.velatia.com\/es\/wp-json\/wp\/v2\/users\/1"}],"replies":[{"embeddable":true,"href":"https:\/\/www.velatia.com\/es\/wp-json\/wp\/v2\/comments?post=964"}],"version-history":[{"count":14,"href":"https:\/\/www.velatia.com\/es\/wp-json\/wp\/v2\/pages\/964\/revisions"}],"predecessor-version":[{"id":40802,"href":"https:\/\/www.velatia.com\/es\/wp-json\/wp\/v2\/pages\/964\/revisions\/40802"}],"wp:attachment":[{"href":"https:\/\/www.velatia.com\/es\/wp-json\/wp\/v2\/media?parent=964"}],"curies":[{"name":"wp","href":"https:\/\/api.w.org\/{rel}","templated":true}]}}