{"id":4068,"date":"2018-10-24T10:52:42","date_gmt":"2018-10-24T10:52:42","guid":{"rendered":"http:\/\/www.velatia.com\/?page_id=4068"},"modified":"2021-06-30T08:18:05","modified_gmt":"2021-06-30T08:18:05","slug":"etica-e-integridad","status":"publish","type":"page","link":"https:\/\/www.velatia.com\/es\/etica-e-integridad-backup\/","title":{"rendered":"\u00c9tica e integridad_backup"},"content":{"rendered":"<div class=\"wpb-content-wrapper\"><p>[vc_row dfd_enable_overlay=\u00bb\u00bb dfd_row_responsive_enable=\u00bbdfd-row-responsive-enable\u00bb responsive_styles=\u00bbmargin_left_desktop:20|margin_right_desktop:20|margin_left_tablet:20|margin_right_tablet:20|margin_left_mobile:20|margin_right_mobile:20&#8243;][vc_column offset=\u00bbvc_col-lg-offset-3 vc_col-lg-6 vc_col-md-offset-3 vc_col-md-6&#8243;]<div class=\"dfd-spacer-module\"  data-units=\"px\" data-wide_resolution=\"1280\" data-wide_size=\"60\" data-normal_resolution=\"1024\" data-normal_size=\"50\" data-tablet_resolution=\"800\" data-tablet_size=\"40\" data-mobile_resolution=\"480\" data-mobile_size=\"40\" style=\"height: 60px;\"><\/div>[vc_single_image image=\u00bb4140&#8243; img_size=\u00bb250&#215;250&#8243; alignment=\u00bbcenter\u00bb css_animation=\u00bbfadeIn\u00bb]<div class=\"dfd-spacer-module\"  data-units=\"px\" data-wide_resolution=\"1280\" data-wide_size=\"35\" data-normal_resolution=\"1024\" data-normal_size=\"0\" data-tablet_resolution=\"800\" data-tablet_size=\"0\" data-mobile_resolution=\"480\" data-mobile_size=\"0\" style=\"height: 35px;\"><\/div>[vc_column_text item_animation=\u00bbtransition.fadeIn\u00bb]<\/p>\n<p style=\"text-align: center;\">Como miembro del <a href=\"https:\/\/www.pactomundial.org\/\" target=\"_blank\" rel=\"noopener noreferrer\">Pacto Mundial de Naciones Unidas<\/a> desde el a\u00f1o 2002, <strong>Velatia<\/strong> asume el compromiso de alinear sus estrategias con los diez principios universalmente aceptados de dicho pacto, especialmente en los relativo a derechos humanos, est\u00e1ndares laborales, medio ambiente y anticorrupci\u00f3n.<\/p>\n<p>[\/vc_column_text]<div class=\"dfd-spacer-module\"  data-units=\"px\" data-wide_resolution=\"1280\" data-wide_size=\"80\" data-normal_resolution=\"1024\" data-normal_size=\"50\" data-tablet_resolution=\"800\" data-tablet_size=\"25\" data-mobile_resolution=\"480\" data-mobile_size=\"25\" style=\"height: 80px;\"><\/div>[\/vc_column][\/vc_row][vc_row][vc_column width=\u00bb1\/2&#8243;][vc_column_text]Fruto de dicho compromiso, ya desde el a\u00f1o 2005 iniciamos la publicaci\u00f3n de los \u201cInformes anuales de progreso\u201d, en el que explicitamos los avances desarrollados por <strong>Velatia<\/strong> en cada uno de estos principios, procediendo a su publicaci\u00f3n en la intranet para el conocimiento de todos nuestros empleados, as\u00ed como en la Web de \u201cThe Global Compact\u201d para el conocimiento de todos nuestros grupos de inter\u00e9s a nivel externo:[\/vc_column_text]<div class=\"dfd-spacer-module\"  data-units=\"px\" data-wide_resolution=\"1280\" data-wide_size=\"35\" data-normal_resolution=\"1024\" data-normal_size=\"25\" data-tablet_resolution=\"800\" data-tablet_size=\"0\" data-mobile_resolution=\"480\" data-mobile_size=\"25\" style=\"height: 35px;\"><\/div><div id=\"dfd-icon-list-69f3416755f64-4009\" class=\"dfd-icon-list-wrap  style-1   cr-animate-gen\" data-animate-item=\".dfd-list-content\" data-animate-type=\"transition.fadeIn\" ><ul class=\"dfd-icon-list\"><li class=\"\"><div class=\"dfd-list-content clearfix \" style=\"\"><div class=\"dfd-list-icon-block text-center\" style=\"font-size:12px; \"><i class = \"dfd-icon-right_2\"><\/i><\/div><div class=\"dfd-list-content-block content\"><a style=\"color: #e37222; border-bottom: 1px; border-bottom-style: dotted; border-bottom-color: #fd6901;\" href=\"https:\/\/www.pactomundial.org\/\" target=\"_blank\" rel=\"noopener noreferrer\">Red Espa\u00f1ola del Pacto Mundial<\/a><\/div><\/div><\/li><li class=\"with-link\"><div class=\"dfd-list-content clearfix \" style=\"\"><div class=\"dfd-list-icon-block text-center\" style=\"font-size:12px; \"><i class = \"dfd-icon-right_2\"><\/i><\/div><div class=\"dfd-list-content-block content\"><a style=\"color: #e37222; border-bottom: 1px; border-bottom-style: dotted; border-bottom-color: #fd6901;\" target=\"_blank\" rel=\"noopener noreferrer\">United Nations Global Compact<\/a><\/div><\/div><a href=\"https:\/\/www.unglobalcompact.org\/what-is-gc\/participants\/4649-Velatia\"target=\"_blank\" class=\"item-link\"><\/a><\/li><\/ul><\/div><script type=\"text\/javascript\">(function($) {$(\"head\").append(\"<style>#dfd-icon-list-69f3416755f64-4009 .dfd-icon-list .content {style=&quot;color: #565656 !important; &quot;}<\/style>\");})(jQuery);<\/script>[vc_row_inner][vc_column_inner]<div class=\"dfd-spacer-module\"  data-units=\"px\" data-wide_resolution=\"1280\" data-wide_size=\"35\" data-normal_resolution=\"1024\" data-normal_size=\"25\" data-tablet_resolution=\"800\" data-tablet_size=\"0\" data-mobile_resolution=\"480\" data-mobile_size=\"25\" style=\"height: 35px;\"><\/div>[vc_column_text]Adem\u00e1s, en <strong>Velatia<\/strong> contamos con nuestro C\u00f3digo \u00c9tico, que establece las pautas generales de conducta \u00e9tica que han de regir en todos los empleados de <strong>Velatia<\/strong> tanto en el cumplimiento de sus funciones, como en sus relaciones profesionales con compa\u00f1eros, responsables, subordinados, clientes y proveedores, actuando siempre de acuerdo con la legislaci\u00f3n de cada pa\u00eds y respetando los principios \u00e9ticos de sus respectivas culturas. [\/vc_column_text]<div class=\"dfd-spacer-module\"  data-units=\"px\" data-wide_resolution=\"1280\" data-wide_size=\"35\" data-normal_resolution=\"1024\" data-normal_size=\"25\" data-tablet_resolution=\"800\" data-tablet_size=\"25\" data-mobile_resolution=\"480\" data-mobile_size=\"25\" style=\"height: 35px;\"><\/div>[\/vc_column_inner][\/vc_row_inner][\/vc_column][vc_column width=\u00bb1\/2&#8243;][vc_single_image image=\u00bb3973&#8243; img_size=\u00bbfull\u00bb alignment=\u00bbcenter\u00bb css_animation=\u00bbfadeIn\u00bb el_class=\u00bbfotForma\u00bb]<div class=\"dfd-spacer-module\"  data-units=\"px\" data-wide_resolution=\"1280\" data-wide_size=\"0\" data-normal_resolution=\"1024\" data-normal_size=\"0\" data-tablet_resolution=\"800\" data-tablet_size=\"25\" data-mobile_resolution=\"480\" data-mobile_size=\"25\" style=\"height: 0px;\"><\/div>[\/vc_column][\/vc_row][vc_row force_equal_height_columns=\u00bbmain_row\u00bb dfd_row_responsive_enable=\u00bbdfd-row-responsive-enable\u00bb responsive_styles=\u00bbmargin_left_tablet:10|margin_right_tablet:10|margin_left_mobile:20|margin_right_mobile:20&#8243; css=\u00bb.vc_custom_1541593627411{margin-top: 30px !important;}\u00bb][vc_column width=\u00bb1\/3&#8243; column_bg_position=\u00bbcenter center\u00bb column_bg_repeat=\u00bbno-repeat\u00bb css=\u00bb.vc_custom_1541593401521{background-image: url(https:\/\/www.velatia.com\/wp-content\/uploads\/2018\/11\/velatia-sostenibilidad-etica-integridad-2.jpg?id=4252) !important;background-position: center !important;background-repeat: no-repeat !important;background-size: cover !important;}\u00bb offset=\u00bbvc_hidden-xs\u00bb][\/vc_column][vc_column width=\u00bb2\/3&#8243; css=\u00bb.vc_custom_1541592914177{padding-top: 30px !important;padding-right: 30px !important;padding-bottom: 30px !important;padding-left: 30px !important;background-color: #f4f4f4 !important;}\u00bb]<div class=\"dfd-heading-shortcode\"><div class=\"dfd-heading-module-wrap  text-left style_01 dfd-heading-69f3416756285 dfd-disable-resposive-headings\" id=\"dfd-heading-69f3416756285\" ><div class=\"inline-block\"><div class=\"dfd-heading-module\"><div class=\"widget-title dfd-title block-title\" style=\"font-size: 24px; line-height: 30px; \"><span style=\"text-transform: none;\">Los pilares sobre los que se edifica este C\u00f3digo \u00c9tico son los principios del Pacto Mundial de las Naciones Unidas y est\u00e1n basados en:<\/span><\/div><\/div><\/div><\/div><script type=\"text\/javascript\">\r\n\t\t\t\t\t\t\t\t\t(function($) {\r\n\t\t\t\t\t\t\t\t\t\t$(\"head\").append(\"<style>.dfd-heading-69f3416756285.dfd-heading-module-wrap .dfd-heading-module .dfd-heading-delimiter {margin-top:10px;margin-bottom:10px;}<\/style>\");\r\n\t\t\t\t\t\t\t\t\t})(jQuery);\r\n\t\t\t\t\t\t\t\t<\/script><\/div><div class=\"dfd-spacer-module\"  data-units=\"px\" data-wide_resolution=\"1280\" data-wide_size=\"15\" data-normal_resolution=\"1024\" data-normal_size=\"15\" data-tablet_resolution=\"800\" data-tablet_size=\"15\" data-mobile_resolution=\"480\" data-mobile_size=\"15\" style=\"height: 15px;\"><\/div><div id=\"dfd-icon-list-69f34167564c7-4916\" class=\"dfd-icon-list-wrap  style-1   cr-animate-gen\" data-animate-item=\".dfd-list-content\" data-animate-type=\"transition.bounceLeftIn\" ><ul class=\"dfd-icon-list\"><li class=\"\"><div class=\"dfd-list-content clearfix \" style=\"\"><div class=\"dfd-list-icon-block text-center\" style=\"font-size:12px; \"><i class = \"dfd-icon-right_2\"><\/i><\/div><div class=\"dfd-list-content-block content\">La Declaraci\u00f3n Universal de los Derechos Humanos.<\/div><\/div><\/li><li class=\"\"><div class=\"dfd-list-content clearfix \" style=\"\"><div class=\"dfd-list-icon-block text-center\" style=\"font-size:12px; \"><i class = \"dfd-icon-right_2\"><\/i><\/div><div class=\"dfd-list-content-block content\">La Declaraci\u00f3n de la Organizaci\u00f3n Internacional del Trabajo sobre principios fundamentales y derechos laborales.<\/div><\/div><\/li><li class=\"\"><div class=\"dfd-list-content clearfix \" style=\"\"><div class=\"dfd-list-icon-block text-center\" style=\"font-size:12px; \"><i class = \"dfd-icon-right_2\"><\/i><\/div><div class=\"dfd-list-content-block content\">La Declaraci\u00f3n de R\u00edo sobre Medio Ambiente y Desarrollo.<\/div><\/div><\/li><li class=\"\"><div class=\"dfd-list-content clearfix \" style=\"\"><div class=\"dfd-list-icon-block text-center\" style=\"font-size:12px; \"><i class = \"dfd-icon-right_2\"><\/i><\/div><div class=\"dfd-list-content-block content\">La Convenci\u00f3n de las Naciones Unidas contra la Corrupci\u00f3n.<\/div><\/div><\/li><\/ul><\/div><script type=\"text\/javascript\">(function($) {$(\"head\").append(\"<style>#dfd-icon-list-69f34167564c7-4916 .dfd-icon-list .content {style=&quot;color: #565656 !important; &quot;}<\/style>\");})(jQuery);<\/script>[\/vc_column][\/vc_row][vc_row][vc_column offset=\u00bbvc_col-lg-offset-4 vc_col-lg-4 vc_col-md-offset-4 vc_col-md-4&#8243;]<div id=\"idinfobox69f3416756698\" class=\"dfd-info-box clearfix style-06 layout-01  idinfobox69f3416756698 cr-animate-gen\" data-animate-item=\".dfd-animate-container\" data-animate-type = \"transition.fadeIn\" ><div class=\"dfd-animate-container\"><div class=\"wrap-delimiter\"><div class=\"delimiter\" ><\/div><\/div><div class=\"description\" style=\"\"><\/div><div><div class=\"dfd-module-readmore\"><span class=\"read-more-05\"><i class=\"dfd-icon-down_right\"><\/i><span>Descargar el C\u00f3digo \u00c9tico en PDF<\/span><i class=\"dfd-icon-down_right\"><\/i><\/span><\/div><\/div><a href=\"http:\/\/www.velatia.com\/wp-content\/uploads\/2020\/01\/191220-VEL_codigo-etico_18_es.pdf\"  target=\"_blank\" class=\"full-box-link\"><\/a><\/div><\/div><div class=\"dfd-spacer-module\"  data-units=\"px\" data-wide_resolution=\"1280\" data-wide_size=\"100\" data-normal_resolution=\"1024\" data-normal_size=\"80\" data-tablet_resolution=\"800\" data-tablet_size=\"50\" data-mobile_resolution=\"480\" data-mobile_size=\"30\" style=\"height: 100px;\"><\/div>[\/vc_column][\/vc_row]<\/p>\n<\/div>","protected":false},"excerpt":{"rendered":"<p>[vc_row dfd_enable_overlay=\u00bb\u00bb dfd_row_responsive_enable=\u00bbdfd-row-responsive-enable\u00bb responsive_styles=\u00bbmargin_left_desktop:20|margin_right_desktop:20|margin_left_tablet:20|margin_right_tablet:20|margin_left_mobile:20|margin_right_mobile:20&#8243;][vc_column offset=\u00bbvc_col-lg-offset-3 vc_col-lg-6 vc_col-md-offset-3 vc_col-md-6&#8243;][vc_single_image image=\u00bb4140&#8243; img_size=\u00bb250&#215;250&#8243; alignment=\u00bbcenter\u00bb css_animation=\u00bbfadeIn\u00bb][vc_column_text item_animation=\u00bbtransition.fadeIn\u00bb] Como miembro del Pacto Mundial de Naciones Unidas desde el a\u00f1o 2002, Velatia asume el compromiso de<\/p>\n","protected":false},"author":1,"featured_media":0,"parent":0,"menu_order":0,"comment_status":"closed","ping_status":"closed","template":"page-custom-with-header.php","meta":{"_acf_changed":false,"footnotes":""},"class_list":["post-4068","page","type-page","status-publish","hentry"],"acf":[],"yoast_head":"<!-- This site is optimized with the Yoast SEO plugin v27.5 - https:\/\/yoast.com\/product\/yoast-seo-wordpress\/ -->\n<title>\u00c9tica e integridad_backup - Velatia<\/title>\n<meta name=\"description\" content=\"Como miembro del Pacto Mundial de Naciones Unidas desde el a\u00f1o 2002, Velatia asume el compromiso de alinear sus estrategias con los diez principios universalmente aceptados de dicho pacto.\" \/>\n<meta name=\"robots\" content=\"index, follow, max-snippet:-1, max-image-preview:large, max-video-preview:-1\" \/>\n<link rel=\"canonical\" href=\"https:\/\/www.velatia.com\/es\/etica-e-integridad-backup\/\" \/>\n<meta property=\"og:locale\" content=\"es_ES\" \/>\n<meta property=\"og:type\" content=\"article\" \/>\n<meta property=\"og:title\" content=\"\u00c9tica e integridad_backup - Velatia\" \/>\n<meta property=\"og:description\" content=\"Como miembro del Pacto Mundial de Naciones Unidas desde el a\u00f1o 2002, Velatia asume el compromiso de alinear sus estrategias con los diez principios universalmente aceptados de dicho pacto.\" \/>\n<meta property=\"og:url\" content=\"https:\/\/www.velatia.com\/es\/etica-e-integridad-backup\/\" \/>\n<meta property=\"og:site_name\" content=\"Velatia\" \/>\n<meta property=\"article:publisher\" content=\"https:\/\/www.facebook.com\/Velatia-1634185503460158\/?ref=bookmarks\" \/>\n<meta property=\"article:modified_time\" content=\"2021-06-30T08:18:05+00:00\" \/>\n<meta name=\"twitter:card\" content=\"summary_large_image\" \/>\n<meta name=\"twitter:site\" content=\"@Velatia_global\" \/>\n<meta name=\"twitter:label1\" content=\"Tiempo de lectura\" \/>\n\t<meta name=\"twitter:data1\" content=\"2 minutos\" \/>\n<script type=\"application\/ld+json\" class=\"yoast-schema-graph\">{\"@context\":\"https:\\\/\\\/schema.org\",\"@graph\":[{\"@type\":\"WebPage\",\"@id\":\"https:\\\/\\\/www.velatia.com\\\/es\\\/etica-e-integridad-backup\\\/\",\"url\":\"https:\\\/\\\/www.velatia.com\\\/es\\\/etica-e-integridad-backup\\\/\",\"name\":\"\u00c9tica e integridad_backup - Velatia\",\"isPartOf\":{\"@id\":\"https:\\\/\\\/www.velatia.com\\\/es\\\/#website\"},\"datePublished\":\"2018-10-24T10:52:42+00:00\",\"dateModified\":\"2021-06-30T08:18:05+00:00\",\"description\":\"Como miembro del Pacto Mundial de Naciones Unidas desde el a\u00f1o 2002, Velatia asume el compromiso de alinear sus estrategias con los diez principios universalmente aceptados de dicho pacto.\",\"breadcrumb\":{\"@id\":\"https:\\\/\\\/www.velatia.com\\\/es\\\/etica-e-integridad-backup\\\/#breadcrumb\"},\"inLanguage\":\"es\",\"potentialAction\":[{\"@type\":\"ReadAction\",\"target\":[\"https:\\\/\\\/www.velatia.com\\\/es\\\/etica-e-integridad-backup\\\/\"]}]},{\"@type\":\"BreadcrumbList\",\"@id\":\"https:\\\/\\\/www.velatia.com\\\/es\\\/etica-e-integridad-backup\\\/#breadcrumb\",\"itemListElement\":[{\"@type\":\"ListItem\",\"position\":1,\"name\":\"Portada\",\"item\":\"https:\\\/\\\/www.velatia.com\\\/es\\\/\"},{\"@type\":\"ListItem\",\"position\":2,\"name\":\"\u00c9tica e integridad_backup\"}]},{\"@type\":\"WebSite\",\"@id\":\"https:\\\/\\\/www.velatia.com\\\/es\\\/#website\",\"url\":\"https:\\\/\\\/www.velatia.com\\\/es\\\/\",\"name\":\"Velatia\",\"description\":\"Velatia, un grupo Familiar, Industrial y Tecnol\u00f3gico\",\"potentialAction\":[{\"@type\":\"SearchAction\",\"target\":{\"@type\":\"EntryPoint\",\"urlTemplate\":\"https:\\\/\\\/www.velatia.com\\\/es\\\/?s={search_term_string}\"},\"query-input\":{\"@type\":\"PropertyValueSpecification\",\"valueRequired\":true,\"valueName\":\"search_term_string\"}}],\"inLanguage\":\"es\"}]}<\/script>\n<!-- \/ Yoast SEO plugin. -->","yoast_head_json":{"title":"\u00c9tica e integridad_backup - Velatia","description":"Como miembro del Pacto Mundial de Naciones Unidas desde el a\u00f1o 2002, Velatia asume el compromiso de alinear sus estrategias con los diez principios universalmente aceptados de dicho pacto.","robots":{"index":"index","follow":"follow","max-snippet":"max-snippet:-1","max-image-preview":"max-image-preview:large","max-video-preview":"max-video-preview:-1"},"canonical":"https:\/\/www.velatia.com\/es\/etica-e-integridad-backup\/","og_locale":"es_ES","og_type":"article","og_title":"\u00c9tica e integridad_backup - Velatia","og_description":"Como miembro del Pacto Mundial de Naciones Unidas desde el a\u00f1o 2002, Velatia asume el compromiso de alinear sus estrategias con los diez principios universalmente aceptados de dicho pacto.","og_url":"https:\/\/www.velatia.com\/es\/etica-e-integridad-backup\/","og_site_name":"Velatia","article_publisher":"https:\/\/www.facebook.com\/Velatia-1634185503460158\/?ref=bookmarks","article_modified_time":"2021-06-30T08:18:05+00:00","twitter_card":"summary_large_image","twitter_site":"@Velatia_global","twitter_misc":{"Tiempo de lectura":"2 minutos"},"schema":{"@context":"https:\/\/schema.org","@graph":[{"@type":"WebPage","@id":"https:\/\/www.velatia.com\/es\/etica-e-integridad-backup\/","url":"https:\/\/www.velatia.com\/es\/etica-e-integridad-backup\/","name":"\u00c9tica e integridad_backup - Velatia","isPartOf":{"@id":"https:\/\/www.velatia.com\/es\/#website"},"datePublished":"2018-10-24T10:52:42+00:00","dateModified":"2021-06-30T08:18:05+00:00","description":"Como miembro del Pacto Mundial de Naciones Unidas desde el a\u00f1o 2002, Velatia asume el compromiso de alinear sus estrategias con los diez principios universalmente aceptados de dicho pacto.","breadcrumb":{"@id":"https:\/\/www.velatia.com\/es\/etica-e-integridad-backup\/#breadcrumb"},"inLanguage":"es","potentialAction":[{"@type":"ReadAction","target":["https:\/\/www.velatia.com\/es\/etica-e-integridad-backup\/"]}]},{"@type":"BreadcrumbList","@id":"https:\/\/www.velatia.com\/es\/etica-e-integridad-backup\/#breadcrumb","itemListElement":[{"@type":"ListItem","position":1,"name":"Portada","item":"https:\/\/www.velatia.com\/es\/"},{"@type":"ListItem","position":2,"name":"\u00c9tica e integridad_backup"}]},{"@type":"WebSite","@id":"https:\/\/www.velatia.com\/es\/#website","url":"https:\/\/www.velatia.com\/es\/","name":"Velatia","description":"Velatia, un grupo Familiar, Industrial y Tecnol\u00f3gico","potentialAction":[{"@type":"SearchAction","target":{"@type":"EntryPoint","urlTemplate":"https:\/\/www.velatia.com\/es\/?s={search_term_string}"},"query-input":{"@type":"PropertyValueSpecification","valueRequired":true,"valueName":"search_term_string"}}],"inLanguage":"es"}]}},"jetpack-related-posts":[],"jetpack_sharing_enabled":true,"_links":{"self":[{"href":"https:\/\/www.velatia.com\/es\/wp-json\/wp\/v2\/pages\/4068","targetHints":{"allow":["GET"]}}],"collection":[{"href":"https:\/\/www.velatia.com\/es\/wp-json\/wp\/v2\/pages"}],"about":[{"href":"https:\/\/www.velatia.com\/es\/wp-json\/wp\/v2\/types\/page"}],"author":[{"embeddable":true,"href":"https:\/\/www.velatia.com\/es\/wp-json\/wp\/v2\/users\/1"}],"replies":[{"embeddable":true,"href":"https:\/\/www.velatia.com\/es\/wp-json\/wp\/v2\/comments?post=4068"}],"version-history":[{"count":5,"href":"https:\/\/www.velatia.com\/es\/wp-json\/wp\/v2\/pages\/4068\/revisions"}],"predecessor-version":[{"id":9592,"href":"https:\/\/www.velatia.com\/es\/wp-json\/wp\/v2\/pages\/4068\/revisions\/9592"}],"wp:attachment":[{"href":"https:\/\/www.velatia.com\/es\/wp-json\/wp\/v2\/media?parent=4068"}],"curies":[{"name":"wp","href":"https:\/\/api.w.org\/{rel}","templated":true}]}}