{"id":4013,"date":"2018-10-18T10:26:50","date_gmt":"2018-10-18T10:26:50","guid":{"rendered":"http:\/\/www.velatia.com\/?page_id=4013"},"modified":"2024-09-05T12:56:22","modified_gmt":"2024-09-05T10:56:22","slug":"documentacion","status":"publish","type":"page","link":"https:\/\/www.velatia.com\/es\/documentacion\/","title":{"rendered":"Documentaci\u00f3n"},"content":{"rendered":"<div class=\"wpb-content-wrapper\"><p>[vc_row][vc_column]<div class=\"dfd-spacer-module\"  data-units=\"px\" data-wide_resolution=\"1280\" data-wide_size=\"40\" data-normal_resolution=\"1024\" data-normal_size=\"30\" data-tablet_resolution=\"800\" data-tablet_size=\"30\" data-mobile_resolution=\"480\" data-mobile_size=\"30\" style=\"height: 40px;\"><\/div>[\/vc_column][\/vc_row][vc_row][vc_column width=\u00bb1\/3&#8243; css=\u00bb.vc_custom_1539861023202{padding-right: 30px !important;padding-left: 30px !important;}\u00bb]<div id=\"idinfobox69f3ac72ebc80\" class=\"dfd-info-box clearfix style-01 layout-01  idinfobox69f3ac72ebc80 cr-animate-gen text-center hover-up-icon\" data-animate-item=\".dfd-animate-container\" data-animate-type = \"transition.fadeIn\" ><div class=\"dfd-animate-container\"><div class=\"icon-wrapper\"><div class=\"module-icon\" style=\"border-radius:px;font-size:150px;\"><div class=\"hover-layer\" ><\/div><img decoding=\"async\" src=\"https:\/\/www.velatia.com\/wp-content\/uploads\/2018\/10\/velatia-logotipos-300x300.png\" alt=\"Velatia: logotipos\" style=\"width: 150px;opacity: 1;\" \/><\/div><\/div><div class=\"info-box-title feature-title\" style=\"font-size: 22px; color: #002664 !important; line-height: 25px; \">Logotipos<\/div><div class=\"description\" style=\"\"><\/div><a href=\"http:\/\/www.velatia.com\/wp-content\/uploads\/2023\/01\/Velatia-Logos-Web.zip\"  target=\"_blank\" class=\"full-box-link\"><\/a><\/div><\/div><div class=\"dfd-spacer-module\"  data-units=\"px\" data-wide_resolution=\"1280\" data-wide_size=\"30\" data-normal_resolution=\"1024\" data-normal_size=\"30\" data-tablet_resolution=\"800\" data-tablet_size=\"30\" data-mobile_resolution=\"480\" data-mobile_size=\"30\" style=\"height: 30px;\"><\/div>[\/vc_column][vc_column width=\u00bb1\/3&#8243; css=\u00bb.vc_custom_1539861012554{padding-right: 30px !important;padding-left: 30px !important;}\u00bb]<div id=\"idinfobox69f3ac72ec4c8\" class=\"dfd-info-box clearfix style-01 layout-01  idinfobox69f3ac72ec4c8 cr-animate-gen text-center hover-up-icon\" data-animate-item=\".dfd-animate-container\" data-animate-type = \"transition.fadeIn\" ><div class=\"dfd-animate-container\"><div class=\"icon-wrapper\"><div class=\"module-icon\" style=\"border-radius:px;font-size:150px;\"><div class=\"hover-layer\" ><\/div><img decoding=\"async\" src=\"https:\/\/www.velatia.com\/wp-content\/uploads\/2018\/10\/velatia-presentacion_corporativa-300x300.png\" alt=\"Velatia: presentaci\u00f3n corporativa\" style=\"width: 150px;opacity: 1;\" \/><\/div><\/div><div class=\"info-box-title feature-title\" style=\"font-size: 22px; color: #002664 !important; line-height: 25px; \">Presentaci\u00f3n corporativa<\/div><div class=\"description\" style=\"\"><\/div><a href=\"http:\/\/www.velatia.com\/wp-content\/uploads\/2023\/02\/Presentacion-Corporativa-Velatia-2023-1.pdf\"  target=\"_blank\" class=\"full-box-link\"><\/a><\/div><\/div><div class=\"dfd-spacer-module\"  data-units=\"px\" data-wide_resolution=\"1280\" data-wide_size=\"30\" data-normal_resolution=\"1024\" data-normal_size=\"30\" data-tablet_resolution=\"800\" data-tablet_size=\"30\" data-mobile_resolution=\"480\" data-mobile_size=\"30\" style=\"height: 30px;\"><\/div>[\/vc_column][vc_column width=\u00bb1\/3&#8243; css=\u00bb.vc_custom_1539861033945{padding-right: 30px !important;padding-left: 30px !important;}\u00bb]<div id=\"idinfobox69f3ac72ecb25\" class=\"dfd-info-box clearfix style-01 layout-01  idinfobox69f3ac72ecb25 cr-animate-gen text-center hover-up-icon\" data-animate-item=\".dfd-animate-container\" data-animate-type = \"transition.fadeIn\" ><div class=\"dfd-animate-container\"><div class=\"icon-wrapper\"><div class=\"module-icon\" style=\"border-radius:px;font-size:150px;\"><div class=\"hover-layer\" ><\/div><img decoding=\"async\" src=\"https:\/\/www.velatia.com\/wp-content\/uploads\/2018\/10\/velatia-memoria_sostenibilidad-300x300.png\" alt=\"Velatia: memoria sostenibilidad\" style=\"width: 150px;opacity: 1;\" \/><\/div><\/div><div class=\"info-box-title feature-title\" style=\"font-size: 22px; color: #002664 !important; line-height: 25px; \">Memoria de sostenibilidad<\/div><div class=\"description\" style=\"\"><\/div><a href=\"http:\/\/www.velatia.com\/wp-content\/uploads\/2024\/09\/Memoria-Sostenibilidad-Velatia-2023.pdf\"  target=\"_blank\" class=\"full-box-link\"><\/a><\/div><\/div><div class=\"dfd-spacer-module\"  data-units=\"px\" data-wide_resolution=\"1280\" data-wide_size=\"30\" data-normal_resolution=\"1024\" data-normal_size=\"30\" data-tablet_resolution=\"800\" data-tablet_size=\"30\" data-mobile_resolution=\"480\" data-mobile_size=\"30\" style=\"height: 30px;\"><\/div>[\/vc_column][\/vc_row][vc_row][vc_column width=\u00bb1\/3&#8243; css=\u00bb.vc_custom_1539861825292{padding-right: 30px !important;padding-left: 30px !important;}\u00bb offset=\u00bbvc_col-lg-offset-0 vc_col-lg-4&#8243;]<div id=\"idinfobox69f3ac72ed1fb\" class=\"dfd-info-box clearfix style-01 layout-01  idinfobox69f3ac72ed1fb cr-animate-gen text-center hover-up-icon\" data-animate-item=\".dfd-animate-container\" data-animate-type = \"transition.fadeIn\" ><div class=\"dfd-animate-container\"><div class=\"icon-wrapper\"><div class=\"module-icon\" style=\"border-radius:px;font-size:150px;\"><div class=\"hover-layer\" ><\/div><img decoding=\"async\" src=\"https:\/\/www.velatia.com\/wp-content\/uploads\/2018\/10\/velatia-imagenes-300x300.png\" alt=\"Velatia: im\u00e1genes\" style=\"width: 150px;opacity: 1;\" \/><\/div><\/div><div class=\"info-box-title feature-title\" style=\"font-size: 22px; color: #002664 !important; line-height: 25px; \">Im\u00e1genes<\/div><div class=\"description\" style=\"\"><\/div><a href=\"http:\/\/www.velatia.com\/wp-content\/uploads\/2022\/08\/Imagenes-Velatia.zip\"  target=\"_blank\" class=\"full-box-link\"><\/a><\/div><\/div><div class=\"dfd-spacer-module\"  data-units=\"px\" data-wide_resolution=\"1280\" data-wide_size=\"30\" data-normal_resolution=\"1024\" data-normal_size=\"30\" data-tablet_resolution=\"800\" data-tablet_size=\"30\" data-mobile_resolution=\"480\" data-mobile_size=\"30\" style=\"height: 30px;\"><\/div>[\/vc_column][vc_column width=\u00bb1\/3&#8243; css=\u00bb.vc_custom_1539861834283{padding-right: 30px !important;padding-left: 30px !important;}\u00bb offset=\u00bbvc_col-lg-4&#8243;]<div id=\"idinfobox69f3ac72ed90c\" class=\"dfd-info-box clearfix style-01 layout-01  idinfobox69f3ac72ed90c cr-animate-gen text-center hover-up-icon\" data-animate-item=\".dfd-animate-container\" data-animate-type = \"transition.fadeIn\" ><div class=\"dfd-animate-container\"><div class=\"icon-wrapper\"><div class=\"module-icon\" style=\"border-radius:px;font-size:150px;\"><div class=\"hover-layer\" ><\/div><img decoding=\"async\" src=\"https:\/\/www.velatia.com\/wp-content\/uploads\/2018\/10\/velatia_video_corporativo-300x300.png\" alt=\"Velatia: v\u00eddeo corporativo\" style=\"width: 150px;opacity: 1;\" \/><\/div><\/div><div class=\"info-box-title feature-title\" style=\"font-size: 22px; color: #002664 !important; line-height: 25px; \">V\u00eddeo Corporativo<\/div><div class=\"description\" style=\"\"><\/div><a href=\"https:\/\/youtu.be\/V0ZtrP6cBtg\"  target=\"_blank\" class=\"full-box-link\"><\/a><\/div><\/div><div class=\"dfd-spacer-module\"  data-units=\"px\" data-wide_resolution=\"1280\" data-wide_size=\"30\" data-normal_resolution=\"1024\" data-normal_size=\"30\" data-tablet_resolution=\"800\" data-tablet_size=\"30\" data-mobile_resolution=\"480\" data-mobile_size=\"30\" style=\"height: 30px;\"><\/div>[\/vc_column][vc_column width=\u00bb1\/3&#8243; css=\u00bb.vc_custom_1539861840459{padding-right: 30px !important;padding-left: 30px !important;}\u00bb offset=\u00bbvc_col-lg-4&#8243;]<div id=\"idinfobox69f3ac72edfbf\" class=\"dfd-info-box clearfix style-01 layout-01  idinfobox69f3ac72edfbf cr-animate-gen text-center hover-up-icon\" data-animate-item=\".dfd-animate-container\" data-animate-type = \"transition.fadeIn\" ><div class=\"dfd-animate-container\"><div class=\"icon-wrapper\"><div class=\"module-icon\" style=\"border-radius:px;font-size:150px;\"><div class=\"hover-layer\" ><\/div><img decoding=\"async\" src=\"https:\/\/www.velatia.com\/wp-content\/uploads\/2018\/10\/velatia_folleto_actividad-300x300.png\" alt=\"Velatia: folleto actividad\" style=\"width: 150px;opacity: 1;\" \/><\/div><\/div><div class=\"info-box-title feature-title\" style=\"font-size: 22px; color: #002664 !important; line-height: 25px; \">Folleto Actividad<\/div><div class=\"description\" style=\"\"><\/div><a   target=\"_blank\" class=\"full-box-link\"><\/a><\/div><\/div><div class=\"dfd-spacer-module\"  data-units=\"px\" data-wide_resolution=\"1280\" data-wide_size=\"30\" data-normal_resolution=\"1024\" data-normal_size=\"30\" data-tablet_resolution=\"800\" data-tablet_size=\"30\" data-mobile_resolution=\"480\" data-mobile_size=\"30\" style=\"height: 30px;\"><\/div>[\/vc_column][\/vc_row][vc_row][vc_column]<div class=\"dfd-spacer-module\"  data-units=\"px\" data-wide_resolution=\"1280\" data-wide_size=\"40\" data-normal_resolution=\"1024\" data-normal_size=\"30\" data-tablet_resolution=\"800\" data-tablet_size=\"30\" data-mobile_resolution=\"480\" data-mobile_size=\"30\" style=\"height: 40px;\"><\/div>[\/vc_column][\/vc_row]<\/p>\n<\/div>","protected":false},"excerpt":{"rendered":"<p>[vc_row][vc_column][\/vc_column][\/vc_row][vc_row][vc_column width=\u00bb1\/3&#8243; css=\u00bb.vc_custom_1539861023202{padding-right: 30px !important;padding-left: 30px !important;}\u00bb][\/vc_column][vc_column width=\u00bb1\/3&#8243; css=\u00bb.vc_custom_1539861012554{padding-right: 30px !important;padding-left: 30px !important;}\u00bb][\/vc_column][vc_column width=\u00bb1\/3&#8243; css=\u00bb.vc_custom_1539861033945{padding-right: 30px !important;padding-left: 30px !important;}\u00bb][\/vc_column][\/vc_row][vc_row][vc_column width=\u00bb1\/3&#8243; css=\u00bb.vc_custom_1539861825292{padding-right: 30px !important;padding-left: 30px !important;}\u00bb offset=\u00bbvc_col-lg-offset-0 vc_col-lg-4&#8243;][\/vc_column][vc_column width=\u00bb1\/3&#8243; css=\u00bb.vc_custom_1539861834283{padding-right: 30px<\/p>\n","protected":false},"author":1,"featured_media":0,"parent":0,"menu_order":0,"comment_status":"closed","ping_status":"closed","template":"","meta":{"_acf_changed":false,"footnotes":""},"class_list":["post-4013","page","type-page","status-publish","hentry"],"acf":[],"yoast_head":"<!-- This site is optimized with the Yoast SEO plugin v27.5 - https:\/\/yoast.com\/product\/yoast-seo-wordpress\/ -->\n<title>Documentaci\u00f3n - Velatia<\/title>\n<meta name=\"description\" content=\"Velatia pone a disposici\u00f3n para su descarga material como los logotipos, presentaci\u00f3n corporativa, memoria de sostenibilidad, im\u00e1genes, v\u00eddeo corporativo y folleto de actividad.\" \/>\n<meta name=\"robots\" content=\"index, follow, max-snippet:-1, max-image-preview:large, max-video-preview:-1\" \/>\n<link rel=\"canonical\" href=\"https:\/\/www.velatia.com\/es\/documentacion\/\" \/>\n<meta property=\"og:locale\" content=\"es_ES\" \/>\n<meta property=\"og:type\" content=\"article\" \/>\n<meta property=\"og:title\" content=\"Documentaci\u00f3n - Velatia\" \/>\n<meta property=\"og:description\" content=\"Velatia pone a disposici\u00f3n para su descarga material como los logotipos, presentaci\u00f3n corporativa, memoria de sostenibilidad, im\u00e1genes, v\u00eddeo corporativo y folleto de actividad.\" \/>\n<meta property=\"og:url\" content=\"https:\/\/www.velatia.com\/es\/documentacion\/\" \/>\n<meta property=\"og:site_name\" content=\"Velatia\" \/>\n<meta property=\"article:publisher\" content=\"https:\/\/www.facebook.com\/Velatia-1634185503460158\/?ref=bookmarks\" \/>\n<meta property=\"article:modified_time\" content=\"2024-09-05T10:56:22+00:00\" \/>\n<meta name=\"twitter:card\" content=\"summary_large_image\" \/>\n<meta name=\"twitter:site\" content=\"@Velatia_global\" \/>\n<meta name=\"twitter:label1\" content=\"Tiempo de lectura\" \/>\n\t<meta name=\"twitter:data1\" content=\"3 minutos\" \/>\n<script type=\"application\/ld+json\" class=\"yoast-schema-graph\">{\"@context\":\"https:\\\/\\\/schema.org\",\"@graph\":[{\"@type\":\"WebPage\",\"@id\":\"https:\\\/\\\/www.velatia.com\\\/es\\\/documentacion\\\/\",\"url\":\"https:\\\/\\\/www.velatia.com\\\/es\\\/documentacion\\\/\",\"name\":\"Documentaci\u00f3n - Velatia\",\"isPartOf\":{\"@id\":\"https:\\\/\\\/www.velatia.com\\\/es\\\/#website\"},\"datePublished\":\"2018-10-18T10:26:50+00:00\",\"dateModified\":\"2024-09-05T10:56:22+00:00\",\"description\":\"Velatia pone a disposici\u00f3n para su descarga material como los logotipos, presentaci\u00f3n corporativa, memoria de sostenibilidad, im\u00e1genes, v\u00eddeo corporativo y folleto de actividad.\",\"breadcrumb\":{\"@id\":\"https:\\\/\\\/www.velatia.com\\\/es\\\/documentacion\\\/#breadcrumb\"},\"inLanguage\":\"es\",\"potentialAction\":[{\"@type\":\"ReadAction\",\"target\":[\"https:\\\/\\\/www.velatia.com\\\/es\\\/documentacion\\\/\"]}]},{\"@type\":\"BreadcrumbList\",\"@id\":\"https:\\\/\\\/www.velatia.com\\\/es\\\/documentacion\\\/#breadcrumb\",\"itemListElement\":[{\"@type\":\"ListItem\",\"position\":1,\"name\":\"Portada\",\"item\":\"https:\\\/\\\/www.velatia.com\\\/es\\\/\"},{\"@type\":\"ListItem\",\"position\":2,\"name\":\"Documentaci\u00f3n\"}]},{\"@type\":\"WebSite\",\"@id\":\"https:\\\/\\\/www.velatia.com\\\/es\\\/#website\",\"url\":\"https:\\\/\\\/www.velatia.com\\\/es\\\/\",\"name\":\"Velatia\",\"description\":\"Velatia, un grupo Familiar, Industrial y Tecnol\u00f3gico\",\"potentialAction\":[{\"@type\":\"SearchAction\",\"target\":{\"@type\":\"EntryPoint\",\"urlTemplate\":\"https:\\\/\\\/www.velatia.com\\\/es\\\/?s={search_term_string}\"},\"query-input\":{\"@type\":\"PropertyValueSpecification\",\"valueRequired\":true,\"valueName\":\"search_term_string\"}}],\"inLanguage\":\"es\"}]}<\/script>\n<!-- \/ Yoast SEO plugin. -->","yoast_head_json":{"title":"Documentaci\u00f3n - Velatia","description":"Velatia pone a disposici\u00f3n para su descarga material como los logotipos, presentaci\u00f3n corporativa, memoria de sostenibilidad, im\u00e1genes, v\u00eddeo corporativo y folleto de actividad.","robots":{"index":"index","follow":"follow","max-snippet":"max-snippet:-1","max-image-preview":"max-image-preview:large","max-video-preview":"max-video-preview:-1"},"canonical":"https:\/\/www.velatia.com\/es\/documentacion\/","og_locale":"es_ES","og_type":"article","og_title":"Documentaci\u00f3n - Velatia","og_description":"Velatia pone a disposici\u00f3n para su descarga material como los logotipos, presentaci\u00f3n corporativa, memoria de sostenibilidad, im\u00e1genes, v\u00eddeo corporativo y folleto de actividad.","og_url":"https:\/\/www.velatia.com\/es\/documentacion\/","og_site_name":"Velatia","article_publisher":"https:\/\/www.facebook.com\/Velatia-1634185503460158\/?ref=bookmarks","article_modified_time":"2024-09-05T10:56:22+00:00","twitter_card":"summary_large_image","twitter_site":"@Velatia_global","twitter_misc":{"Tiempo de lectura":"3 minutos"},"schema":{"@context":"https:\/\/schema.org","@graph":[{"@type":"WebPage","@id":"https:\/\/www.velatia.com\/es\/documentacion\/","url":"https:\/\/www.velatia.com\/es\/documentacion\/","name":"Documentaci\u00f3n - Velatia","isPartOf":{"@id":"https:\/\/www.velatia.com\/es\/#website"},"datePublished":"2018-10-18T10:26:50+00:00","dateModified":"2024-09-05T10:56:22+00:00","description":"Velatia pone a disposici\u00f3n para su descarga material como los logotipos, presentaci\u00f3n corporativa, memoria de sostenibilidad, im\u00e1genes, v\u00eddeo corporativo y folleto de actividad.","breadcrumb":{"@id":"https:\/\/www.velatia.com\/es\/documentacion\/#breadcrumb"},"inLanguage":"es","potentialAction":[{"@type":"ReadAction","target":["https:\/\/www.velatia.com\/es\/documentacion\/"]}]},{"@type":"BreadcrumbList","@id":"https:\/\/www.velatia.com\/es\/documentacion\/#breadcrumb","itemListElement":[{"@type":"ListItem","position":1,"name":"Portada","item":"https:\/\/www.velatia.com\/es\/"},{"@type":"ListItem","position":2,"name":"Documentaci\u00f3n"}]},{"@type":"WebSite","@id":"https:\/\/www.velatia.com\/es\/#website","url":"https:\/\/www.velatia.com\/es\/","name":"Velatia","description":"Velatia, un grupo Familiar, Industrial y Tecnol\u00f3gico","potentialAction":[{"@type":"SearchAction","target":{"@type":"EntryPoint","urlTemplate":"https:\/\/www.velatia.com\/es\/?s={search_term_string}"},"query-input":{"@type":"PropertyValueSpecification","valueRequired":true,"valueName":"search_term_string"}}],"inLanguage":"es"}]}},"jetpack-related-posts":[],"jetpack_sharing_enabled":true,"_links":{"self":[{"href":"https:\/\/www.velatia.com\/es\/wp-json\/wp\/v2\/pages\/4013","targetHints":{"allow":["GET"]}}],"collection":[{"href":"https:\/\/www.velatia.com\/es\/wp-json\/wp\/v2\/pages"}],"about":[{"href":"https:\/\/www.velatia.com\/es\/wp-json\/wp\/v2\/types\/page"}],"author":[{"embeddable":true,"href":"https:\/\/www.velatia.com\/es\/wp-json\/wp\/v2\/users\/1"}],"replies":[{"embeddable":true,"href":"https:\/\/www.velatia.com\/es\/wp-json\/wp\/v2\/comments?post=4013"}],"version-history":[{"count":24,"href":"https:\/\/www.velatia.com\/es\/wp-json\/wp\/v2\/pages\/4013\/revisions"}],"predecessor-version":[{"id":24123,"href":"https:\/\/www.velatia.com\/es\/wp-json\/wp\/v2\/pages\/4013\/revisions\/24123"}],"wp:attachment":[{"href":"https:\/\/www.velatia.com\/es\/wp-json\/wp\/v2\/media?parent=4013"}],"curies":[{"name":"wp","href":"https:\/\/api.w.org\/{rel}","templated":true}]}}