{"id":2384,"date":"2018-07-20T07:38:29","date_gmt":"2018-07-20T07:38:29","guid":{"rendered":"http:\/\/www.velatia.com\/?page_id=2384"},"modified":"2021-02-18T11:11:37","modified_gmt":"2021-02-18T11:11:37","slug":"contacto","status":"publish","type":"page","link":"https:\/\/www.velatia.com\/es\/contacto\/","title":{"rendered":"Contacto"},"content":{"rendered":"<div class=\"wpb-content-wrapper\"><p>[vc_row][vc_column]<div class=\"dfd-spacer-module\"  data-units=\"px\" data-wide_resolution=\"1280\" data-wide_size=\"60\" data-normal_resolution=\"1024\" data-normal_size=\"50\" data-tablet_resolution=\"800\" data-tablet_size=\"40\" data-mobile_resolution=\"480\" data-mobile_size=\"40\" style=\"height: 60px;\"><\/div>[\/vc_column][\/vc_row][vc_row dfd_row_responsive_enable=\u00bbdfd-row-responsive-enable\u00bb responsive_styles=\u00bbmargin_left_tablet:20|margin_right_tablet:20|margin_left_mobile:20|margin_right_mobile:20&#8243;][vc_column offset=\u00bbvc_col-lg-offset-2 vc_col-lg-8 vc_col-md-offset-1 vc_col-md-9&#8243;]<div class=\"dfd-heading-shortcode\"><div class=\"dfd-heading-module-wrap  text-left style_02 cr-animate-gen dfd-heading-69e12119565f0 dfd-disable-resposive-headings\" id=\"dfd-heading-69e12119565f0\" data-animate-type = \"transition.fadeIn\" ><div class=\"inline-block\"><div class=\"dfd-heading-module\"><h2 class=\"widget-title dfd-title \" style=\"font-size: 30px; line-height: 35px; \">\u00bfPodemos Ayudarte?<\/h2><div class=\"dfd-heading-delimiter dfd-img-lazy-load\"><\/div><\/div><\/div><\/div><script type=\"text\/javascript\">\r\n\t\t\t\t\t\t\t\t\t(function($) {\r\n\t\t\t\t\t\t\t\t\t\t$(\"head\").append(\"<style>.dfd-heading-69e12119565f0.dfd-heading-module-wrap .dfd-heading-module .dfd-heading-delimiter {border-bottom-style:solid;border-bottom-width:1px;width:100px;border-bottom-color:#dddddd;}.dfd-heading-69e12119565f0.dfd-heading-module-wrap .dfd-heading-module .dfd-heading-delimiter {margin-top:10px;margin-bottom:10px;}@media (max-width: 799px){.dfd-heading-69e12119565f0 .dfd-title{font-size: 36px !important;line-height: 39px !important;}}<\/style>\");\r\n\t\t\t\t\t\t\t\t\t})(jQuery);\r\n\t\t\t\t\t\t\t\t<\/script><\/div><div class=\"dfd-spacer-module\"  data-units=\"px\" data-wide_resolution=\"1280\" data-wide_size=\"20\" data-normal_resolution=\"1024\" data-normal_size=\"20\" data-tablet_resolution=\"800\" data-tablet_size=\"10\" data-mobile_resolution=\"480\" data-mobile_size=\"10\" style=\"height: 20px;\"><\/div>\n<div class=\"wpcf7 no-js\" id=\"wpcf7-f2391-o1\" lang=\"es-ES\" dir=\"ltr\" data-wpcf7-id=\"2391\">\n<div class=\"screen-reader-response\"><p role=\"status\" aria-live=\"polite\" aria-atomic=\"true\"><\/p> <ul><\/ul><\/div>\n<form action=\"\/es\/wp-json\/wp\/v2\/pages\/2384#wpcf7-f2391-o1\" method=\"post\" class=\"wpcf7-form init wpcf7-acceptance-as-validation\" aria-label=\"Formulario de contacto\" novalidate=\"novalidate\" data-status=\"init\">\n<fieldset class=\"hidden-fields-container\"><input type=\"hidden\" name=\"_wpcf7\" value=\"2391\" \/><input type=\"hidden\" name=\"_wpcf7_version\" value=\"6.1.5\" \/><input type=\"hidden\" name=\"_wpcf7_locale\" value=\"es_ES\" \/><input type=\"hidden\" name=\"_wpcf7_unit_tag\" value=\"wpcf7-f2391-o1\" \/><input type=\"hidden\" name=\"_wpcf7_container_post\" value=\"0\" \/><input type=\"hidden\" name=\"_wpcf7_posted_data_hash\" value=\"\" \/><input type=\"hidden\" name=\"_wpcf7_recaptcha_response\" value=\"\" \/>\n<\/fieldset>\n<div id=\"formHablamos\">\n\t<div style=\"float:left; width:100%;\">\n\t\t<div style=\"float:left; width:49%; margin-right:2%;\">\n\t\t\t<p><span class=\"wpcf7-form-control-wrap\" data-name=\"text-199\"><input size=\"40\" maxlength=\"400\" class=\"wpcf7-form-control wpcf7-text wpcf7-validates-as-required\" aria-required=\"true\" aria-invalid=\"false\" placeholder=\"Nombre\" value=\"\" type=\"text\" name=\"text-199\" \/><\/span>\n\t\t\t<\/p>\n\t\t<\/div>\n\t\t<div style=\"float:right; width:49%;\">\n\t\t\t<p><span class=\"wpcf7-form-control-wrap\" data-name=\"tel-67\"><input size=\"40\" maxlength=\"400\" class=\"wpcf7-form-control wpcf7-tel wpcf7-validates-as-required wpcf7-text wpcf7-validates-as-tel\" aria-required=\"true\" aria-invalid=\"false\" placeholder=\"Tel\u00e9fono\" value=\"\" type=\"tel\" name=\"tel-67\" \/><\/span>\n\t\t\t<\/p>\n\t\t<\/div>\n\t<\/div>\n\t<div style=\"float:left;width:100%;\">\n\t\t<p><span class=\"wpcf7-form-control-wrap\" data-name=\"email-281\"><input size=\"40\" maxlength=\"400\" class=\"wpcf7-form-control wpcf7-email wpcf7-validates-as-required wpcf7-text wpcf7-validates-as-email\" aria-required=\"true\" aria-invalid=\"false\" placeholder=\"Correo electr\u00f3nico\" value=\"\" type=\"email\" name=\"email-281\" \/><\/span>\n\t\t<\/p>\n\t<\/div>\n\t<div class=\"textAreaHablamos\" style=\"float:left;width:100%;\">\n\t\t<p><span class=\"wpcf7-form-control-wrap\" data-name=\"textarea-613\"><textarea cols=\"40\" rows=\"10\" maxlength=\"2000\" class=\"wpcf7-form-control wpcf7-textarea\" aria-invalid=\"false\" placeholder=\"Cu\u00e9ntanos en qu\u00e9 podemos ayudarte\" name=\"textarea-613\"><\/textarea><\/span>\n\t\t<\/p>\n\t<\/div>\n\t<div class=\"textFormPie\">\n\t\t<p>Los datos recogidos en este sitio web ser\u00e1n tratados por VELATIA para dar respuesta a su solicitud de informaci\u00f3n, recibir el cat\u00e1logo solicitado o informaci\u00f3n sobre los productos de su inter\u00e9s. Si desea suscribirse a nuestros boletines y comunicaciones comerciales podremos mantenerle actualizado respecto de los productos y servicios de Velatia. Puede ejercer sus derechos mediante escrito dirigido a <a href='mailto:dataprivacy@velatia.com' style='text-decoration:underline'>dataprivacy@velatia.com<\/a>. Dispone de m\u00e1s informaci\u00f3n acerca de sus derechos y de los tratamientos con datos personales en la <a href='https:\/\/www.velatia.com\/es\/politica-privacidad\/' style='text-decoration:underline'>Pol\u00edtica de Privacidad<\/a>.\n\t\t<\/p>\n\t\t<ul>\n\t\t\t<li>\n\t\t\t\t<p><span class=\"wpcf7-form-control-wrap\" data-name=\"acceptance-politica\"><span class=\"wpcf7-form-control wpcf7-acceptance\"><span class=\"wpcf7-list-item\"><label><input type=\"checkbox\" name=\"acceptance-politica\" value=\"1\" aria-invalid=\"false\" \/><span class=\"wpcf7-list-item-label\"><span class=\"texto\">Confirmo que he le\u00eddo la <a href='https:\/\/www.velatia.com\/es\/politica-privacidad\/' style='text-decoration:underline'>pol\u00edtica de privacidad<\/a>.<\/span><\/span><\/label><\/span><\/span><\/span>\n\t\t\t\t<\/p>\n\t\t\t<\/li>\n\t\t\t<li>\n\t\t\t\t<p><span class=\"wpcf7-form-control-wrap\" data-name=\"acceptance-comunicacion\"><span class=\"wpcf7-form-control wpcf7-acceptance optional\"><span class=\"wpcf7-list-item\"><label><input type=\"checkbox\" name=\"acceptance-comunicacion\" value=\"1\" aria-invalid=\"false\" \/><span class=\"wpcf7-list-item-label\"><span class=\"texto\">Deseo recibir comunicaciones para mantenerme actualizado de los productos y servicios de Velatia.<\/span><\/span><\/label><\/span><\/span><\/span>\n\t\t\t\t<\/p>\n\t\t\t<\/li>\n\t\t<\/ul>\n\t<\/div>\n\t<div style=\"float:right; padding-top:20px; padding-bottom:10px;\">\n\t\t<p><input class=\"wpcf7-form-control wpcf7-submit has-spinner\" type=\"submit\" value=\"Enviar\" \/>\n\t\t<\/p>\n\t<\/div>\n<\/div><div class=\"wpcf7-response-output\" aria-hidden=\"true\"><\/div>\n<\/form>\n<\/div>\n<div class=\"dfd-spacer-module\"  data-units=\"px\" data-wide_resolution=\"1280\" data-wide_size=\"0\" data-normal_resolution=\"1024\" data-normal_size=\"0\" data-tablet_resolution=\"800\" data-tablet_size=\"20\" data-mobile_resolution=\"480\" data-mobile_size=\"20\" style=\"height: 0px;\"><\/div>[\/vc_column][\/vc_row][vc_row][vc_column]<div class=\"dfd-spacer-module\"  data-units=\"px\" data-wide_resolution=\"1280\" data-wide_size=\"60\" data-normal_resolution=\"1024\" data-normal_size=\"50\" data-tablet_resolution=\"800\" data-tablet_size=\"40\" data-mobile_resolution=\"480\" data-mobile_size=\"40\" style=\"height: 60px;\"><\/div>[\/vc_column][\/vc_row][vc_row dfd_row_config=\u00bbfull_width_content\u00bb disable_element=\u00bbyes\u00bb][vc_column el_class=\u00bbcolumnaMapa\u00bb]<div class=\"dfd-gmap-module map_69e12119573e2 \" ><div id=\"map_69e12119573e2\" class=\"map-holder\"><\/div><div class=\"dfd-gmap-tooltip-wrap\"><div class=\"cover\"><div class=\"dfd-gmap-tooltip right-aligned\"><div class=\"block-title widget-title\" style=\"\">Velatia<\/div><ul class=\"dfd-gmap-infobox\"><li><span><i class=\"dfd-icon-flag_location_2\"><\/i><\/span><p>Parque Cient\u00edfico y Tecnol\u00f3gico de Bizkaia \u00b7 Edificio 104<br \/>\n48170 Zamudio<br \/>\nEspa\u00f1a<\/p><\/li><\/ul><\/div><\/div><\/div>\r\n\t\t\t\t\t<script type=\"text\/javascript\">\r\n\t\t\t\t\t\t(function($) {\r\n\t\t\t\t\t\t\t$(document).ready(function () {\r\n\t\t\t\t\t\t\t\t$(\"#map_69e12119573e2\").bind('gmap-reload', function() {\r\n\t\t\t\t\t\t\t\t\t\t gmap3_init();\r\n\t\t\t\t\t\t\t\t\t});\r\n\r\n\t\t\t\t\t\t\t\tgmap3_init();\r\n\r\n\t\t\t\t\t\t\t\tfunction gmap3_init() {\r\n\t\t\t\t\t\t\t\t\t$(\"#map_69e12119573e2\").gmap3('destroy');\r\n\r\n\t\t\t\t\t\t\t\t\t$(\"#map_69e12119573e2\").gmap3({\r\n\t\t\t\t\t\t\t\t\t\tmarker: {\r\n\t\t\t\t\t\t\t\t\t\t\tvalues: [{address: \" Parque Cient\u00edfico y Tecnol\u00f3gico de Bizkaia \u00b7 Edificio 104, 48170 Zamudio\" , data:\"Parque Cient\u00edfico y Tecnol\u00f3gico de Bizkaia \u00b7 Edificio 104, 48170 Zamudio\", options:{icon: \"https:\/\/www.velatia.com\/wp-content\/uploads\/2018\/07\/velatia-marcador-mapa.png\"}}],\r\n\t\t\t\t\t\t\t\t\t\t\tevents:{\r\n\t\t\t\t\t\t\t\t\t\t\t\tclick: function(marker, event, context){\r\n\t\t\t\t\t\t\t\t\t\t\t\t\tvar map = jQuery(this).gmap3(\"get\"),\r\n\t\t\t\t\t\t\t\t\t\t\t\t\t\tinfowindow = $(this).gmap3({get:{name:\"infowindow\"}});\r\n\t\t\t\t\t\t\t\t\t\t\t\t\tif (infowindow){\r\n\t\t\t\t\t\t\t\t\t\t\t\t\t\tinfowindow.open(map, marker);\r\n\t\t\t\t\t\t\t\t\t\t\t\t\t\tinfowindow.setContent('<div class=\"noscroll\">'+context.data+'<\/div>');\r\n\t\t\t\t\t\t\t\t\t\t\t\t\t} else {\r\n\t\t\t\t\t\t\t\t\t\t\t\t\t\t$(this).gmap3({\r\n\t\t\t\t\t\t\t\t\t\t\t\t\t\t\tinfowindow:{\r\n\t\t\t\t\t\t\t\t\t\t\t\t\t\t\t\tanchor:marker,\r\n\t\t\t\t\t\t\t\t\t\t\t\t\t\t\t\toptions:{content: '<div class=\"noscroll\">'+context.data+'<\/div>'}\r\n\t\t\t\t\t\t\t\t\t\t\t\t\t\t\t}\r\n\t\t\t\t\t\t\t\t\t\t\t\t\t\t});\r\n\t\t\t\t\t\t\t\t\t\t\t\t\t}\r\n\t\t\t\t\t\t\t\t\t\t\t\t}\r\n\t\t\t\t\t\t\t\t\t\t\t}\r\n\t\t\t\t\t\t\t\t\t\t},\r\n\t\t\t\t\t\t\t\t\tmap: {\r\n\t\t\t\t\t\t\t\t\t\toptions: {\r\n\t\t\t\t\t\t\t\t\t\t\tzoom: 14,\r\n\t\t\t\t\t\t\t\t\t\t\tzoomControl: true,styles:[{'featureType':'all','elementType':'labels.text.fill','stylers':[{'saturation':36},{'color':'#333333'},{'lightness':40}]},{'featureType':'all','elementType':'labels.text.stroke','stylers':[{'visibility':'on'},{'color':'#ffffff'},{'lightness':16}]},{'featureType':'all','elementType':'labels.icon','stylers':[{'visibility':'off'}]},{'featureType':'administrative','elementType':'all','stylers':[{'visibility':'off'}]},{'featureType':'administrative','elementType':'geometry.fill','stylers':[{'color':'#fefefe'},{'lightness':20}]},{'featureType':'administrative','elementType':'geometry.stroke','stylers':[{'color':'#fefefe'},{'lightness':17},{'weight':1.2}]},{'featureType':'landscape','elementType':'geometry','stylers':[{'lightness':20},{'color':'#ececec'}]},{'featureType':'landscape.man_made','elementType':'all','stylers':[{'visibility':'on'},{'color':'#f0f0ef'}]},{'featureType':'landscape.man_made','elementType':'geometry.fill','stylers':[{'visibility':'on'},{'color':'#f0f0ef'}]},{'featureType':'landscape.man_made','elementType':'geometry.stroke','stylers':[{'visibility':'on'},{'color':'#d4d4d4'}]},{'featureType':'landscape.natural','elementType':'all','stylers':[{'visibility':'on'},{'color':'#ececec'}]},{'featureType':'poi','elementType':'all','stylers':[{'visibility':'on'}]},{'featureType':'poi','elementType':'geometry','stylers':[{'lightness':21},{'visibility':'off'}]},{'featureType':'poi','elementType':'geometry.fill','stylers':[{'visibility':'on'},{'color':'#d4d4d4'}]},{'featureType':'poi','elementType':'labels.text.fill','stylers':[{'color':'#303030'}]},{'featureType':'poi','elementType':'labels.icon','stylers':[{'saturation':'-100'}]},{'featureType':'poi.attraction','elementType':'all','stylers':[{'visibility':'on'}]},{'featureType':'poi.business','elementType':'all','stylers':[{'visibility':'on'}]},{'featureType':'poi.government','elementType':'all','stylers':[{'visibility':'on'}]},{'featureType':'poi.medical','elementType':'all','stylers':[{'visibility':'on'}]},{'featureType':'poi.park','elementType':'all','stylers':[{'visibility':'on'}]},{'featureType':'poi.park','elementType':'geometry','stylers':[{'color':'#dedede'},{'lightness':21}]},{'featureType':'poi.place_of_worship','elementType':'all','stylers':[{'visibility':'on'}]},{'featureType':'poi.school','elementType':'all','stylers':[{'visibility':'on'}]},{'featureType':'poi.school','elementType':'geometry.stroke','stylers':[{'lightness':'-61'},{'gamma':'0.00'},{'visibility':'off'}]},{'featureType':'poi.sports_complex','elementType':'all','stylers':[{'visibility':'on'}]},{'featureType':'road.highway','elementType':'geometry.fill','stylers':[{'color':'#ffffff'},{'lightness':17}]},{'featureType':'road.highway','elementType':'geometry.stroke','stylers':[{'color':'#ffffff'},{'lightness':29},{'weight':0.2}]},{'featureType':'road.arterial','elementType':'geometry','stylers':[{'color':'#ffffff'},{'lightness':18}]},{'featureType':'road.local','elementType':'geometry','stylers':[{'color':'#ffffff'},{'lightness':16}]},{'featureType':'transit','elementType':'geometry','stylers':[{'color':'#f2f2f2'},{'lightness':19}]},{'featureType':'water','elementType':'geometry','stylers':[{'color':'#dadada'},{'lightness':17}]}],scrollwheel: false,\r\n\t\t\t\t\t\t\t\t\t\t\tstreetViewControl: false,\r\n\t\t\t\t\t\t\t\t\t\t\tmapTypeControl: false\r\n\t\t\t\t\t\t\t\t\t\t}\r\n\t\t\t\t\t\t\t\t\t}\r\n\t\t\t\t\t\t\t\t});\r\n\t\t\t\t\t\t\t}\r\n\t\t\t\t\t\t});$(\"head\").append(\"<style>#map_69e12119573e2 {height: 600px;}@media (max-width: 1279px) and (min-width: 1024px) {.dfd-gmap-module #map_69e12119573e2 {height: 600px;}}@media (max-width: 1023px) and (min-width: 800px) {.dfd-gmap-module #map_69e12119573e2 {height: 600px;}}@media (max-width: 799px) {.dfd-gmap-module #map_69e12119573e2 {height: 400px;}}<\/style>\");})(jQuery);\r\n\t\t\t\t<\/script><\/div>[\/vc_column][\/vc_row]<\/p>\n<\/div>","protected":false},"excerpt":{"rendered":"<p>[vc_row][vc_column][\/vc_column][\/vc_row][vc_row dfd_row_responsive_enable=\u00bbdfd-row-responsive-enable\u00bb responsive_styles=\u00bbmargin_left_tablet:20|margin_right_tablet:20|margin_left_mobile:20|margin_right_mobile:20&#8243;][vc_column offset=\u00bbvc_col-lg-offset-2 vc_col-lg-8 vc_col-md-offset-1 vc_col-md-9&#8243;][\/vc_column][\/vc_row][vc_row][vc_column][\/vc_column][\/vc_row][vc_row dfd_row_config=\u00bbfull_width_content\u00bb disable_element=\u00bbyes\u00bb][vc_column el_class=\u00bbcolumnaMapa\u00bb][\/vc_column][\/vc_row]<\/p>\n","protected":false},"author":1,"featured_media":0,"parent":0,"menu_order":0,"comment_status":"closed","ping_status":"closed","template":"page-custom-with-header.php","meta":{"_acf_changed":false,"footnotes":""},"class_list":["post-2384","page","type-page","status-publish","hentry"],"acf":[],"yoast_head":"<!-- This site is optimized with the Yoast SEO plugin v27.2 - https:\/\/yoast.com\/product\/yoast-seo-wordpress\/ -->\n<title>Contacto - Velatia<\/title>\n<meta name=\"description\" content=\"\u00bfPodemos ayudarte? Si quieres ponerte en contacto con nosotros, te facilitamos varias opciones para ponerte en contacto con nosotros.\" \/>\n<meta name=\"robots\" content=\"index, follow, max-snippet:-1, max-image-preview:large, max-video-preview:-1\" \/>\n<link rel=\"canonical\" href=\"https:\/\/www.velatia.com\/es\/contacto\/\" \/>\n<meta property=\"og:locale\" content=\"es_ES\" \/>\n<meta property=\"og:type\" content=\"article\" \/>\n<meta property=\"og:title\" content=\"Contacto - Velatia\" \/>\n<meta property=\"og:description\" content=\"\u00bfPodemos ayudarte? Si quieres ponerte en contacto con nosotros, te facilitamos varias opciones para ponerte en contacto con nosotros.\" \/>\n<meta property=\"og:url\" content=\"https:\/\/www.velatia.com\/es\/contacto\/\" \/>\n<meta property=\"og:site_name\" content=\"Velatia\" \/>\n<meta property=\"article:publisher\" content=\"https:\/\/www.facebook.com\/Velatia-1634185503460158\/?ref=bookmarks\" \/>\n<meta property=\"article:modified_time\" content=\"2021-02-18T11:11:37+00:00\" \/>\n<meta name=\"twitter:card\" content=\"summary_large_image\" \/>\n<meta name=\"twitter:site\" content=\"@Velatia_global\" \/>\n<meta name=\"twitter:label1\" content=\"Tiempo de lectura\" \/>\n\t<meta name=\"twitter:data1\" content=\"2 minutos\" \/>\n<script type=\"application\/ld+json\" class=\"yoast-schema-graph\">{\"@context\":\"https:\/\/schema.org\",\"@graph\":[{\"@type\":\"WebPage\",\"@id\":\"https:\/\/www.velatia.com\/es\/contacto\/\",\"url\":\"https:\/\/www.velatia.com\/es\/contacto\/\",\"name\":\"Contacto - Velatia\",\"isPartOf\":{\"@id\":\"https:\/\/www.velatia.com\/es\/#website\"},\"datePublished\":\"2018-07-20T07:38:29+00:00\",\"dateModified\":\"2021-02-18T11:11:37+00:00\",\"description\":\"\u00bfPodemos ayudarte? Si quieres ponerte en contacto con nosotros, te facilitamos varias opciones para ponerte en contacto con nosotros.\",\"breadcrumb\":{\"@id\":\"https:\/\/www.velatia.com\/es\/contacto\/#breadcrumb\"},\"inLanguage\":\"es\",\"potentialAction\":[{\"@type\":\"ReadAction\",\"target\":[\"https:\/\/www.velatia.com\/es\/contacto\/\"]}]},{\"@type\":\"BreadcrumbList\",\"@id\":\"https:\/\/www.velatia.com\/es\/contacto\/#breadcrumb\",\"itemListElement\":[{\"@type\":\"ListItem\",\"position\":1,\"name\":\"Portada\",\"item\":\"https:\/\/www.velatia.com\/es\/\"},{\"@type\":\"ListItem\",\"position\":2,\"name\":\"Contacto\"}]},{\"@type\":\"WebSite\",\"@id\":\"https:\/\/www.velatia.com\/es\/#website\",\"url\":\"https:\/\/www.velatia.com\/es\/\",\"name\":\"Velatia\",\"description\":\"Velatia, un grupo Familiar, Industrial y Tecnol\u00f3gico\",\"potentialAction\":[{\"@type\":\"SearchAction\",\"target\":{\"@type\":\"EntryPoint\",\"urlTemplate\":\"https:\/\/www.velatia.com\/es\/?s={search_term_string}\"},\"query-input\":{\"@type\":\"PropertyValueSpecification\",\"valueRequired\":true,\"valueName\":\"search_term_string\"}}],\"inLanguage\":\"es\"}]}<\/script>\n<!-- \/ Yoast SEO plugin. -->","yoast_head_json":{"title":"Contacto - Velatia","description":"\u00bfPodemos ayudarte? Si quieres ponerte en contacto con nosotros, te facilitamos varias opciones para ponerte en contacto con nosotros.","robots":{"index":"index","follow":"follow","max-snippet":"max-snippet:-1","max-image-preview":"max-image-preview:large","max-video-preview":"max-video-preview:-1"},"canonical":"https:\/\/www.velatia.com\/es\/contacto\/","og_locale":"es_ES","og_type":"article","og_title":"Contacto - Velatia","og_description":"\u00bfPodemos ayudarte? Si quieres ponerte en contacto con nosotros, te facilitamos varias opciones para ponerte en contacto con nosotros.","og_url":"https:\/\/www.velatia.com\/es\/contacto\/","og_site_name":"Velatia","article_publisher":"https:\/\/www.facebook.com\/Velatia-1634185503460158\/?ref=bookmarks","article_modified_time":"2021-02-18T11:11:37+00:00","twitter_card":"summary_large_image","twitter_site":"@Velatia_global","twitter_misc":{"Tiempo de lectura":"2 minutos"},"schema":{"@context":"https:\/\/schema.org","@graph":[{"@type":"WebPage","@id":"https:\/\/www.velatia.com\/es\/contacto\/","url":"https:\/\/www.velatia.com\/es\/contacto\/","name":"Contacto - Velatia","isPartOf":{"@id":"https:\/\/www.velatia.com\/es\/#website"},"datePublished":"2018-07-20T07:38:29+00:00","dateModified":"2021-02-18T11:11:37+00:00","description":"\u00bfPodemos ayudarte? Si quieres ponerte en contacto con nosotros, te facilitamos varias opciones para ponerte en contacto con nosotros.","breadcrumb":{"@id":"https:\/\/www.velatia.com\/es\/contacto\/#breadcrumb"},"inLanguage":"es","potentialAction":[{"@type":"ReadAction","target":["https:\/\/www.velatia.com\/es\/contacto\/"]}]},{"@type":"BreadcrumbList","@id":"https:\/\/www.velatia.com\/es\/contacto\/#breadcrumb","itemListElement":[{"@type":"ListItem","position":1,"name":"Portada","item":"https:\/\/www.velatia.com\/es\/"},{"@type":"ListItem","position":2,"name":"Contacto"}]},{"@type":"WebSite","@id":"https:\/\/www.velatia.com\/es\/#website","url":"https:\/\/www.velatia.com\/es\/","name":"Velatia","description":"Velatia, un grupo Familiar, Industrial y Tecnol\u00f3gico","potentialAction":[{"@type":"SearchAction","target":{"@type":"EntryPoint","urlTemplate":"https:\/\/www.velatia.com\/es\/?s={search_term_string}"},"query-input":{"@type":"PropertyValueSpecification","valueRequired":true,"valueName":"search_term_string"}}],"inLanguage":"es"}]}},"jetpack-related-posts":[],"jetpack_sharing_enabled":true,"_links":{"self":[{"href":"https:\/\/www.velatia.com\/es\/wp-json\/wp\/v2\/pages\/2384","targetHints":{"allow":["GET"]}}],"collection":[{"href":"https:\/\/www.velatia.com\/es\/wp-json\/wp\/v2\/pages"}],"about":[{"href":"https:\/\/www.velatia.com\/es\/wp-json\/wp\/v2\/types\/page"}],"author":[{"embeddable":true,"href":"https:\/\/www.velatia.com\/es\/wp-json\/wp\/v2\/users\/1"}],"replies":[{"embeddable":true,"href":"https:\/\/www.velatia.com\/es\/wp-json\/wp\/v2\/comments?post=2384"}],"version-history":[{"count":2,"href":"https:\/\/www.velatia.com\/es\/wp-json\/wp\/v2\/pages\/2384\/revisions"}],"predecessor-version":[{"id":7134,"href":"https:\/\/www.velatia.com\/es\/wp-json\/wp\/v2\/pages\/2384\/revisions\/7134"}],"wp:attachment":[{"href":"https:\/\/www.velatia.com\/es\/wp-json\/wp\/v2\/media?parent=2384"}],"curies":[{"name":"wp","href":"https:\/\/api.w.org\/{rel}","templated":true}]}}