{"id":1015,"date":"2018-05-30T09:51:39","date_gmt":"2018-05-30T09:51:39","guid":{"rendered":"http:\/\/www.velatia.com\/?page_id=1015"},"modified":"2022-05-18T12:30:56","modified_gmt":"2022-05-18T12:30:56","slug":"componentes-para-aeronautica","status":"publish","type":"page","link":"https:\/\/www.velatia.com\/es\/que-hace-velatia\/componentes-para-aeronautica\/","title":{"rendered":"Componentes para aeron\u00e1utica"},"content":{"rendered":"<div class=\"wpb-content-wrapper\"><p>[vc_row][vc_column offset=\u00bbvc_col-lg-offset-3 vc_col-lg-6 vc_col-md-offset-2 vc_col-md-8&#8243;]<div class=\"dfd-spacer-module\"  data-units=\"px\" data-wide_resolution=\"1280\" data-wide_size=\"60\" data-normal_resolution=\"1024\" data-normal_size=\"50\" data-tablet_resolution=\"800\" data-tablet_size=\"40\" data-mobile_resolution=\"480\" data-mobile_size=\"40\" style=\"height: 60px;\"><\/div><div class=\"dfd-heading-shortcode\"><div class=\"dfd-heading-module-wrap  text-center style_02 cr-animate-gen dfd-heading-69e36576c30d0 dfd-disable-resposive-headings\" id=\"dfd-heading-69e36576c30d0\" data-animate-type = \"transition.fadeIn\" ><div class=\"inline-block\"><div class=\"dfd-heading-module\"><h3 class=\"widget-title dfd-title \" style=\"font-family:Fira Sans; font-weight:300; font-style:italic; font-size: 30px; color: #315692 !important; line-height: 34px; \">Estamos en la futura generaci\u00f3n de aviones<\/h3><\/div><\/div><\/div><script type=\"text\/javascript\">\r\n\t\t\t\t\t\t\t\t\t(function($) {\r\n\t\t\t\t\t\t\t\t\t\t$(\"head\").append(\"<style>.dfd-heading-69e36576c30d0.dfd-heading-module-wrap .dfd-heading-module .dfd-heading-delimiter {margin-top:10px;margin-bottom:10px;}<\/style>\");\r\n\t\t\t\t\t\t\t\t\t})(jQuery);\r\n\t\t\t\t\t\t\t\t<\/script><\/div><div class=\"dfd-spacer-module\"  data-units=\"px\" data-wide_resolution=\"1280\" data-wide_size=\"60\" data-normal_resolution=\"1024\" data-normal_size=\"50\" data-tablet_resolution=\"800\" data-tablet_size=\"20\" data-mobile_resolution=\"480\" data-mobile_size=\"20\" style=\"height: 60px;\"><\/div>[\/vc_column][\/vc_row][vc_row dfd_row_responsive_enable=\u00bbdfd-row-responsive-enable\u00bb dfd_enable_overlay=\u00bb\u00bb responsive_styles=\u00bbmargin_left_tablet:20|margin_right_tablet:20|margin_left_mobile:20|margin_right_mobile:20&#8243;][vc_column width=\u00bb1\/2&#8243;]<div class=\"dfd-spacer-module\"  data-units=\"px\" data-wide_resolution=\"1280\" data-wide_size=\"60\" data-normal_resolution=\"1024\" data-normal_size=\"50\" data-tablet_resolution=\"800\" data-tablet_size=\"40\" data-mobile_resolution=\"480\" data-mobile_size=\"40\" style=\"height: 60px;\"><\/div><div class=\"dfd-heading-shortcode\"><div class=\"dfd-heading-module-wrap  text-left style_02 cr-animate-gen dfd-heading-69e36576c3258 dfd-disable-resposive-headings\" id=\"dfd-heading-69e36576c3258\" data-animate-type = \"transition.fadeIn\" ><div class=\"inline-block\"><div class=\"dfd-heading-module\"><h3 class=\"widget-title dfd-title \" style=\"font-size: 24px; color: #e37222 !important; line-height: 28px; \">La apuesta de <strong>Velatia <\/strong>por la innovaci\u00f3n y el desarrollo tecnol\u00f3gico no solo nos ha permitido crecer sino, adem\u00e1s, diversificar nuestras actividades en sectores tan punteros como el aeron\u00e1utico. Participamos en los programas, tanto de aviones comerciales como de defensa, de los principales fabricantes mundiales.<\/h3><\/div><\/div><\/div><script type=\"text\/javascript\">\r\n\t\t\t\t\t\t\t\t\t(function($) {\r\n\t\t\t\t\t\t\t\t\t\t$(\"head\").append(\"<style>.dfd-heading-69e36576c3258.dfd-heading-module-wrap .dfd-heading-module .dfd-heading-delimiter {margin-top:10px;margin-bottom:10px;}<\/style>\");\r\n\t\t\t\t\t\t\t\t\t})(jQuery);\r\n\t\t\t\t\t\t\t\t<\/script><\/div><div class=\"dfd-spacer-module\"  data-units=\"px\" data-wide_resolution=\"1280\" data-wide_size=\"35\" data-normal_resolution=\"1024\" data-normal_size=\"25\" data-tablet_resolution=\"800\" data-tablet_size=\"25\" data-mobile_resolution=\"480\" data-mobile_size=\"25\" style=\"height: 35px;\"><\/div>[vc_column_text]Nuestra capacidad tecnol\u00f3gica y procesos de fabricaci\u00f3n personalizados permiten ofrecer una ventaja diferencial altamente valorada por clientes como Safran, Rolls-Royce, Eurojet, Europrop, Pratt&amp;Whitney o Honeywell.<\/p>\n<p>Al igual que el resto de sectores industriales, el aeron\u00e1utico se enfrenta a grandes desaf\u00edos. La innovaci\u00f3n y las nuevas tecnolog\u00edas de fabricaci\u00f3n, el desarrollo y la mejora de la competitividad en toda la cadena o la sostenibilidad, son retos que van a necesitar del compromiso de todos. En <strong>Velatia<\/strong> estamos preparados para formar parte de la futura generaci\u00f3n de aviones.[\/vc_column_text]<div class=\"dfd-spacer-module\"  data-units=\"px\" data-wide_resolution=\"1280\" data-wide_size=\"35\" data-normal_resolution=\"1024\" data-normal_size=\"25\" data-tablet_resolution=\"800\" data-tablet_size=\"25\" data-mobile_resolution=\"480\" data-mobile_size=\"25\" style=\"height: 35px;\"><\/div>[\/vc_column][vc_column width=\u00bb1\/2&#8243;]<div class=\"dfd-spacer-module\"  data-units=\"px\" data-wide_resolution=\"1280\" data-wide_size=\"10\" data-normal_resolution=\"1024\" data-normal_size=\"10\" data-tablet_resolution=\"800\" data-tablet_size=\"30\" data-mobile_resolution=\"480\" data-mobile_size=\"20\" style=\"height: 10px;\"><\/div>[vc_single_image image=\u00bb2513&#8243; img_size=\u00bbfull\u00bb alignment=\u00bbcenter\u00bb][\/vc_column][\/vc_row][vc_row][vc_column]<div class=\"dfd-spacer-module\"  data-units=\"px\" data-wide_resolution=\"1280\" data-wide_size=\"35\" data-normal_resolution=\"1024\" data-normal_size=\"25\" data-tablet_resolution=\"800\" data-tablet_size=\"25\" data-mobile_resolution=\"480\" data-mobile_size=\"25\" style=\"height: 35px;\"><\/div>[\/vc_column][\/vc_row][vc_row][vc_column offset=\u00bbvc_col-lg-offset-2 vc_col-lg-8 vc_col-md-offset-2 vc_col-md-8&#8243;][vc_row_inner css=\u00bb.vc_custom_1531392524774{padding-top: 30px !important;padding-right: 30px !important;padding-bottom: 30px !important;padding-left: 30px !important;background-color: #f4f4f4 !important;}\u00bb][vc_column_inner]<div class=\"dfd-heading-shortcode\"><div class=\"dfd-heading-module-wrap  text-center style_01 dfd-heading-69e36576c339f dfd-disable-resposive-headings\" id=\"dfd-heading-69e36576c339f\" ><div class=\"inline-block\"><div class=\"dfd-heading-module\"><h4 class=\"widget-title dfd-title \" style=\"font-family:Fira Sans; font-weight:400; font-style:italic; font-size: 18px; color: #565656 !important; line-height: 26px; font-style:italic; \">Cada veinticuatro segundos despega un avi\u00f3n con nuestros componentes.<\/h4><\/div><\/div><\/div><script type=\"text\/javascript\">\r\n\t\t\t\t\t\t\t\t\t(function($) {\r\n\t\t\t\t\t\t\t\t\t\t$(\"head\").append(\"<style>.dfd-heading-69e36576c339f.dfd-heading-module-wrap .dfd-heading-module .dfd-heading-delimiter {margin-top:10px;margin-bottom:10px;}<\/style>\");\r\n\t\t\t\t\t\t\t\t\t})(jQuery);\r\n\t\t\t\t\t\t\t\t<\/script><\/div>[\/vc_column_inner][\/vc_row_inner]<div class=\"dfd-spacer-module\"  data-units=\"px\" data-wide_resolution=\"1280\" data-wide_size=\"35\" data-normal_resolution=\"1024\" data-normal_size=\"25\" data-tablet_resolution=\"800\" data-tablet_size=\"25\" data-mobile_resolution=\"480\" data-mobile_size=\"25\" style=\"height: 35px;\"><\/div>[\/vc_column][\/vc_row][vc_row][vc_column]<div class=\"dfd-spacer-module\"  data-units=\"px\" data-wide_resolution=\"1280\" data-wide_size=\"50\" data-normal_resolution=\"1024\" data-normal_size=\"40\" data-tablet_resolution=\"800\" data-tablet_size=\"30\" data-mobile_resolution=\"480\" data-mobile_size=\"30\" style=\"height: 50px;\"><\/div>[\/vc_column][\/vc_row][vc_row dfd_row_config=\u00bbfull_width_content\u00bb el_class=\u00bbocultarFila\u00bb dfd_bg_style=\u00bbvideo\u00bb dfd_video_variant=\u00bbvimeo\u00bb dfd_vimeo_video_id=\u00bb297950404&#8243; dfd_video_opts=\u00bbloop,muted,autoplay\u00bb dfd_video_poster=\u00bb1450&#8243; dfd_enable_overlay=\u00bb\u00bb][vc_column offset=\u00bbvc_col-lg-offset-7 vc_col-lg-3 vc_col-md-offset-5 vc_col-md-5&#8243;]<div class=\"dfd-spacer-module\"  data-units=\"px\" data-wide_resolution=\"1280\" data-wide_size=\"620\" data-normal_resolution=\"1024\" data-normal_size=\"580\" data-tablet_resolution=\"800\" data-tablet_size=\"500\" data-mobile_resolution=\"480\" data-mobile_size=\"450\" style=\"height: 620px;\"><\/div><div id=\"dfd-button-69e36576c3512\" class=\"dfd-button-module-wrap dfd-button-69e36576c3512\"><div class=\"dfd-button-module boton botVolumenVideo style_5 text-right dfd-horizontal dfd-top-to-bottom dfd-button-icon-left dfd-button-icon-hover-simple mobile-center\" ><a href=\"#video\" class=\"dfd-button-link\"><span class=\"dfd-button-inner-cover\"><span class=\"dfd-button-text-main\"><i class=\"fa fa-volume-up\"><\/i>Ver con sonido<\/span><\/span><\/a><\/div><script type=\"text\/javascript\">\r\n\t\t\t\t\t\t\t\t\t(function($) {$(\"head\").append(\"<style>@media only screen and (max-width: 799px) {.dfd-button-69e36576c3512 .mobile-center,#dfd-button-69e36576c3512 .mobile-center {text-align: center;}}#dfd-button-69e36576c3512.dfd-button-module-wrap .dfd-button-module .dfd-button-link .dfd-button-inner-cover span i, .dfd-button-69e36576c3512.dfd-button-module-wrap .dfd-button-module .dfd-button-link .dfd-button-inner-cover span i {font-size: 18px;}#dfd-button-69e36576c3512.dfd-button-module-wrap .dfd-button-module .dfd-button-link .dfd-button-inner-cover .dfd-button-text-main, .dfd-button-69e36576c3512.dfd-button-module-wrap .dfd-button-module .dfd-button-link .dfd-button-inner-cover .dfd-button-text-main, .dfd-button-69e36576c3512.dfd-button-module-wrap .dfd-button-module .dfd-button-link .dfd-button-inner-cover .dfd-button-text-hover, #dfd-button-69e36576c3512.dfd-button-module-wrap .dfd-button-module .dfd-button-link .dfd-button-inner-cover .dfd-button-text-hover {padding-left: 40px;}#dfd-button-69e36576c3512.dfd-button-module-wrap .dfd-button-module .dfd-button-link .dfd-button-inner-cover .dfd-button-text-main, .dfd-button-69e36576c3512.dfd-button-module-wrap .dfd-button-module .dfd-button-link .dfd-button-inner-cover .dfd-button-text-main, .dfd-button-69e36576c3512.dfd-button-module-wrap .dfd-button-module .dfd-button-link .dfd-button-inner-cover .dfd-button-text-hover, #dfd-button-69e36576c3512.dfd-button-module-wrap .dfd-button-module .dfd-button-link .dfd-button-inner-cover .dfd-button-text-hover {font-size: 12px; line-height: 34px; }#dfd-button-69e36576c3512.dfd-button-module-wrap .dfd-button-module .dfd-button-link .dfd-button-inner-cover .dfd-button-text-main,.dfd-button-69e36576c3512.dfd-button-module-wrap .dfd-button-module .dfd-button-link .dfd-button-inner-cover .dfd-button-text-main {color: rgba(255,255,255,0.7)}#dfd-button-69e36576c3512.dfd-button-module-wrap .dfd-button-module .dfd-button-link .dfd-button-inner-cover,.dfd-button-69e36576c3512.dfd-button-module-wrap .dfd-button-module .dfd-button-link .dfd-button-border-decoration,.dfd-button-69e36576c3512.dfd-button-module-wrap .dfd-button-module .dfd-button-link .dfd-button-inner-cover {border-radius:3px;}#dfd-button-69e36576c3512.dfd-button-module-wrap .dfd-button-module:not(.style_4) .dfd-button-link .dfd-button-inner-cover:before,#dfd-button-69e36576c3512.dfd-button-module-wrap .dfd-button-module.style_4 .dfd-button-link .dfd-button-inner-cover:after,#dfd-button-69e36576c3512.dfd-button-module-wrap .dfd-button-module.style_6 .dfd-button-link .dfd-button-inner-cover .dfd-button-text-main,.dfd-button-69e36576c3512.dfd-button-module-wrap .dfd-button-module:not(.style_4) .dfd-button-link .dfd-button-inner-cover:before,.dfd-button-69e36576c3512.dfd-button-module-wrap .dfd-button-module.style_4 .dfd-button-link .dfd-button-inner-cover:after,.dfd-button-69e36576c3512.dfd-button-module-wrap .dfd-button-module.style_6 .dfd-button-link .dfd-button-inner-cover .dfd-button-text-main {background: rgba(253,105,1,0.01);border-style:none;border-width:1px;border-radius:3px;border-color:rgba(255,255,255,0.9);}#dfd-button-69e36576c3512.dfd-button-module-wrap .dfd-button-module:not(.style_6) .dfd-button-link:hover .dfd-button-inner-cover .dfd-button-text-main,#dfd-button-69e36576c3512.dfd-button-module-wrap .dfd-button-module .dfd-button-link .dfd-button-inner-cover .dfd-button-text-hover,.dfd-button-69e36576c3512.dfd-button-module-wrap .dfd-button-module:not(.style_6) .dfd-button-link:hover .dfd-button-inner-cover .dfd-button-text-main,.dfd-button-69e36576c3512.dfd-button-module-wrap .dfd-button-module .dfd-button-link .dfd-button-inner-cover .dfd-button-text-hover {color: #ffffff;}#dfd-button-69e36576c3512.dfd-button-module-wrap .dfd-button-module .dfd-button-link:hover .dfd-button-inner-cover,.dfd-button-69e36576c3512.dfd-button-module-wrap .dfd-button-module .dfd-button-link:hover .dfd-button-border-decoration,.dfd-button-69e36576c3512.dfd-button-module-wrap .dfd-button-module .dfd-button-link:hover .dfd-button-inner-cover {border-radius:3px;}#dfd-button-69e36576c3512.dfd-button-module-wrap .dfd-button-module:not(.style_4) .dfd-button-link .dfd-button-inner-cover:after,#dfd-button-69e36576c3512.dfd-button-module-wrap .dfd-button-module.style_4 .dfd-button-link .dfd-button-inner-cover:before,#dfd-button-69e36576c3512.dfd-button-module-wrap .dfd-button-module .dfd-button-link .dfd-button-inner-cover .dfd-button-text-hover .dfd-button-69e36576c3512.dfd-button-module-wrap .dfd-button-module:not(.style_4) .dfd-button-link .dfd-button-inner-cover:after,.dfd-button-69e36576c3512.dfd-button-module-wrap .dfd-button-module.style_4 .dfd-button-link .dfd-button-inner-cover:before,.dfd-button-69e36576c3512.dfd-button-module-wrap .dfd-button-module .dfd-button-link .dfd-button-inner-cover .dfd-button-text-hover {background: rgba(255,255,255,0.01);border-style:none;border-width:1px;border-radius:3px;border-color:rgba(255,255,255,0.9);}#dfd-button-69e36576c3512.dfd-button-module-wrap .dfd-button-module.style_3 .dfd-button-link:hover .dfd-button-inner-cover:before,#dfd-button-69e36576c3512.dfd-button-module-wrap .dfd-button-module.style_4 .dfd-button-link:hover .dfd-button-inner-cover:before,.dfd-button-69e36576c3512.dfd-button-module-wrap .dfd-button-module.style_3 .dfd-button-link:hover .dfd-button-inner-cover:before,.dfd-button-69e36576c3512.dfd-button-module-wrap .dfd-button-module.style_4 .dfd-button-link:hover .dfd-button-inner-cover:before {border-style:none;border-width:1px;border-radius:3px;border-color:rgba(255,255,255,0.9);}#dfd-button-69e36576c3512.dfd-button-module-wrap .dfd-button-module .dfd-button-link .dfd-button-inner-cover .dfd-button-text-main i,.dfd-button-69e36576c3512.dfd-button-module-wrap .dfd-button-module .dfd-button-link .dfd-button-inner-cover .dfd-button-text-main i {color: rgba(255,255,255,0.7);}#dfd-button-69e36576c3512.dfd-button-module-wrap .dfd-button-module .dfd-button-link:hover .dfd-button-inner-cover .dfd-button-text-main i,.dfd-button-69e36576c3512.dfd-button-module-wrap .dfd-button-module .dfd-button-link:hover .dfd-button-inner-cover .dfd-button-text-main i {color: #ffffff;}<\/style>\")\r\n\t\t\t\t\t\t\t\t\t})(jQuery);\r\n\t\t\t\t\t\t\t\t<\/script><\/div><div class=\"dfd-spacer-module\"  data-units=\"px\" data-wide_resolution=\"1280\" data-wide_size=\"10\" data-normal_resolution=\"1024\" data-normal_size=\"10\" data-tablet_resolution=\"800\" data-tablet_size=\"10\" data-mobile_resolution=\"480\" data-mobile_size=\"10\" style=\"height: 10px;\"><\/div>[\/vc_column][\/vc_row][vc_row dfd_row_responsive_enable=\u00bbdfd-row-responsive-enable\u00bb responsive_styles=\u00bbmargin_left_tablet:20|margin_right_tablet:20|margin_left_mobile:20|margin_right_mobile:20&#8243;][vc_column]<div class=\"dfd-delimier-main-wrapper \" ><div id=\"dfd-delimiter-69e36576c3613-4994\"  class=\"dfd-delimier-wrapper dfd-delimiter-with-line \"  style='text-align:left; ' ><span><span class=\"line\" style=\"border-bottom-color:#eeeeee;border-bottom-width:1px; border-bottom-style:solid; \"><\/span><\/span><\/div><\/div><div class=\"dfd-spacer-module\"  data-units=\"px\" data-wide_resolution=\"1280\" data-wide_size=\"50\" data-normal_resolution=\"1024\" data-normal_size=\"40\" data-tablet_resolution=\"800\" data-tablet_size=\"30\" data-mobile_resolution=\"480\" data-mobile_size=\"30\" style=\"height: 50px;\"><\/div>[vc_row_inner][vc_column_inner offset=\u00bbvc_col-lg-offset-2 vc_col-lg-8 vc_col-md-offset-1 vc_col-md-10&#8243;]<div class=\"dfd-heading-shortcode\"><div class=\"dfd-heading-module-wrap  text-center style_05 cr-animate-gen dfd-heading-69e36576c36a7 dfd-disable-resposive-headings\" id=\"dfd-heading-69e36576c36a7\" data-animate-type = \"transition.fadeIn\" ><div class=\"inline-block\"><div class=\"dfd-heading-module\"><h2 class=\"widget-title dfd-title \" style=\"font-size: 24px; line-height: 28px; \">Empresas de <strong>Velatia<\/strong> que ofrecen componentes para aeron\u00e1utica<\/h2><div class=\"dfd-heading-delimiter dfd-img-lazy-load\"><\/div><\/div><\/div><\/div><script type=\"text\/javascript\">\r\n\t\t\t\t\t\t\t\t\t(function($) {\r\n\t\t\t\t\t\t\t\t\t\t$(\"head\").append(\"<style>.dfd-heading-69e36576c36a7.dfd-heading-module-wrap .dfd-heading-module .dfd-heading-delimiter {border-bottom-style:solid;border-bottom-width:1px;width:100px;border-bottom-color:#dddddd;}.dfd-heading-69e36576c36a7.dfd-heading-module-wrap .dfd-heading-module .dfd-heading-delimiter {margin-top:10px;margin-bottom:10px;}<\/style>\");\r\n\t\t\t\t\t\t\t\t\t})(jQuery);\r\n\t\t\t\t\t\t\t\t<\/script><\/div>[\/vc_column_inner][\/vc_row_inner]<div class=\"dfd-spacer-module\"  data-units=\"px\" data-wide_resolution=\"1280\" data-wide_size=\"25\" data-normal_resolution=\"1024\" data-normal_size=\"25\" data-tablet_resolution=\"800\" data-tablet_size=\"25\" data-mobile_resolution=\"480\" data-mobile_size=\"25\" style=\"height: 25px;\"><\/div>[vc_row_inner][vc_column_inner offset=\u00bbvc_col-lg-offset-4 vc_col-lg-4&#8243;][vc_single_image image=\u00bb1081&#8243; img_size=\u00bbfull\u00bb alignment=\u00bbcenter\u00bb css_animation=\u00bbnone\u00bb onclick=\u00bbcustom_link\u00bb item_animation=\u00bbtransition.slideDownIn\u00bb link=\u00bbhttps:\/\/www.velatia.com\/es\/empresas-que-forman-velatia\/wec\/\u00bb el_class=\u00bbhvr-float-shadow\u00bb][\/vc_column_inner][\/vc_row_inner][\/vc_column][\/vc_row][vc_row][vc_column]<div class=\"dfd-spacer-module\"  data-units=\"px\" data-wide_resolution=\"1280\" data-wide_size=\"100\" data-normal_resolution=\"1024\" data-normal_size=\"80\" data-tablet_resolution=\"800\" data-tablet_size=\"50\" data-mobile_resolution=\"480\" data-mobile_size=\"40\" style=\"height: 100px;\"><\/div>[\/vc_column][\/vc_row]<\/p>\n<\/div>","protected":false},"excerpt":{"rendered":"<p>[vc_row][vc_column offset=\u00bbvc_col-lg-offset-3 vc_col-lg-6 vc_col-md-offset-2 vc_col-md-8&#8243;][\/vc_column][\/vc_row][vc_row dfd_row_responsive_enable=\u00bbdfd-row-responsive-enable\u00bb dfd_enable_overlay=\u00bb\u00bb responsive_styles=\u00bbmargin_left_tablet:20|margin_right_tablet:20|margin_left_mobile:20|margin_right_mobile:20&#8243;][vc_column width=\u00bb1\/2&#8243;][vc_column_text]Nuestra capacidad tecnol\u00f3gica y procesos de fabricaci\u00f3n personalizados permiten ofrecer una ventaja diferencial altamente valorada por clientes como Safran, Rolls-Royce, Eurojet, Europrop,<\/p>\n","protected":false},"author":1,"featured_media":0,"parent":964,"menu_order":0,"comment_status":"closed","ping_status":"closed","template":"page-custom-with-header.php","meta":{"_acf_changed":false,"footnotes":""},"class_list":["post-1015","page","type-page","status-publish","hentry"],"acf":[],"yoast_head":"<!-- This site is optimized with the Yoast SEO plugin v27.2 - https:\/\/yoast.com\/product\/yoast-seo-wordpress\/ -->\n<title>Componentes para aeron\u00e1utica - Velatia<\/title>\n<meta name=\"description\" content=\"En Velatia dise\u00f1amos y fabricamos componentes para aeron\u00e1utica, tanto de aviones comerciales como de defensa, de los principales fabricantes mundiales.\" \/>\n<meta name=\"robots\" content=\"index, follow, max-snippet:-1, max-image-preview:large, max-video-preview:-1\" \/>\n<link rel=\"canonical\" href=\"https:\/\/www.velatia.com\/es\/que-hace-velatia\/componentes-para-aeronautica\/\" \/>\n<meta property=\"og:locale\" content=\"es_ES\" \/>\n<meta property=\"og:type\" content=\"article\" \/>\n<meta property=\"og:title\" content=\"Componentes para aeron\u00e1utica - Velatia\" \/>\n<meta property=\"og:description\" content=\"En Velatia dise\u00f1amos y fabricamos componentes para aeron\u00e1utica, tanto de aviones comerciales como de defensa, de los principales fabricantes mundiales.\" \/>\n<meta property=\"og:url\" content=\"https:\/\/www.velatia.com\/es\/que-hace-velatia\/componentes-para-aeronautica\/\" \/>\n<meta property=\"og:site_name\" content=\"Velatia\" \/>\n<meta property=\"article:publisher\" content=\"https:\/\/www.facebook.com\/Velatia-1634185503460158\/?ref=bookmarks\" \/>\n<meta property=\"article:modified_time\" content=\"2022-05-18T12:30:56+00:00\" \/>\n<meta name=\"twitter:card\" content=\"summary_large_image\" \/>\n<meta name=\"twitter:site\" content=\"@Velatia_global\" \/>\n<meta name=\"twitter:label1\" content=\"Tiempo de lectura\" \/>\n\t<meta name=\"twitter:data1\" content=\"6 minutos\" \/>\n<script type=\"application\/ld+json\" class=\"yoast-schema-graph\">{\"@context\":\"https:\/\/schema.org\",\"@graph\":[{\"@type\":\"WebPage\",\"@id\":\"https:\/\/www.velatia.com\/es\/que-hace-velatia\/componentes-para-aeronautica\/\",\"url\":\"https:\/\/www.velatia.com\/es\/que-hace-velatia\/componentes-para-aeronautica\/\",\"name\":\"Componentes para aeron\u00e1utica - Velatia\",\"isPartOf\":{\"@id\":\"https:\/\/www.velatia.com\/es\/#website\"},\"datePublished\":\"2018-05-30T09:51:39+00:00\",\"dateModified\":\"2022-05-18T12:30:56+00:00\",\"description\":\"En Velatia dise\u00f1amos y fabricamos componentes para aeron\u00e1utica, tanto de aviones comerciales como de defensa, de los principales fabricantes mundiales.\",\"breadcrumb\":{\"@id\":\"https:\/\/www.velatia.com\/es\/que-hace-velatia\/componentes-para-aeronautica\/#breadcrumb\"},\"inLanguage\":\"es\",\"potentialAction\":[{\"@type\":\"ReadAction\",\"target\":[\"https:\/\/www.velatia.com\/es\/que-hace-velatia\/componentes-para-aeronautica\/\"]}]},{\"@type\":\"BreadcrumbList\",\"@id\":\"https:\/\/www.velatia.com\/es\/que-hace-velatia\/componentes-para-aeronautica\/#breadcrumb\",\"itemListElement\":[{\"@type\":\"ListItem\",\"position\":1,\"name\":\"Portada\",\"item\":\"https:\/\/www.velatia.com\/es\/\"},{\"@type\":\"ListItem\",\"position\":2,\"name\":\"Qu\u00e9 hacen las empresas que forman Velatia\",\"item\":\"https:\/\/www.velatia.com\/es\/que-hace-velatia\/\"},{\"@type\":\"ListItem\",\"position\":3,\"name\":\"Componentes para aeron\u00e1utica\"}]},{\"@type\":\"WebSite\",\"@id\":\"https:\/\/www.velatia.com\/es\/#website\",\"url\":\"https:\/\/www.velatia.com\/es\/\",\"name\":\"Velatia\",\"description\":\"Velatia, un grupo Familiar, Industrial y Tecnol\u00f3gico\",\"potentialAction\":[{\"@type\":\"SearchAction\",\"target\":{\"@type\":\"EntryPoint\",\"urlTemplate\":\"https:\/\/www.velatia.com\/es\/?s={search_term_string}\"},\"query-input\":{\"@type\":\"PropertyValueSpecification\",\"valueRequired\":true,\"valueName\":\"search_term_string\"}}],\"inLanguage\":\"es\"}]}<\/script>\n<!-- \/ Yoast SEO plugin. -->","yoast_head_json":{"title":"Componentes para aeron\u00e1utica - Velatia","description":"En Velatia dise\u00f1amos y fabricamos componentes para aeron\u00e1utica, tanto de aviones comerciales como de defensa, de los principales fabricantes mundiales.","robots":{"index":"index","follow":"follow","max-snippet":"max-snippet:-1","max-image-preview":"max-image-preview:large","max-video-preview":"max-video-preview:-1"},"canonical":"https:\/\/www.velatia.com\/es\/que-hace-velatia\/componentes-para-aeronautica\/","og_locale":"es_ES","og_type":"article","og_title":"Componentes para aeron\u00e1utica - Velatia","og_description":"En Velatia dise\u00f1amos y fabricamos componentes para aeron\u00e1utica, tanto de aviones comerciales como de defensa, de los principales fabricantes mundiales.","og_url":"https:\/\/www.velatia.com\/es\/que-hace-velatia\/componentes-para-aeronautica\/","og_site_name":"Velatia","article_publisher":"https:\/\/www.facebook.com\/Velatia-1634185503460158\/?ref=bookmarks","article_modified_time":"2022-05-18T12:30:56+00:00","twitter_card":"summary_large_image","twitter_site":"@Velatia_global","twitter_misc":{"Tiempo de lectura":"6 minutos"},"schema":{"@context":"https:\/\/schema.org","@graph":[{"@type":"WebPage","@id":"https:\/\/www.velatia.com\/es\/que-hace-velatia\/componentes-para-aeronautica\/","url":"https:\/\/www.velatia.com\/es\/que-hace-velatia\/componentes-para-aeronautica\/","name":"Componentes para aeron\u00e1utica - Velatia","isPartOf":{"@id":"https:\/\/www.velatia.com\/es\/#website"},"datePublished":"2018-05-30T09:51:39+00:00","dateModified":"2022-05-18T12:30:56+00:00","description":"En Velatia dise\u00f1amos y fabricamos componentes para aeron\u00e1utica, tanto de aviones comerciales como de defensa, de los principales fabricantes mundiales.","breadcrumb":{"@id":"https:\/\/www.velatia.com\/es\/que-hace-velatia\/componentes-para-aeronautica\/#breadcrumb"},"inLanguage":"es","potentialAction":[{"@type":"ReadAction","target":["https:\/\/www.velatia.com\/es\/que-hace-velatia\/componentes-para-aeronautica\/"]}]},{"@type":"BreadcrumbList","@id":"https:\/\/www.velatia.com\/es\/que-hace-velatia\/componentes-para-aeronautica\/#breadcrumb","itemListElement":[{"@type":"ListItem","position":1,"name":"Portada","item":"https:\/\/www.velatia.com\/es\/"},{"@type":"ListItem","position":2,"name":"Qu\u00e9 hacen las empresas que forman Velatia","item":"https:\/\/www.velatia.com\/es\/que-hace-velatia\/"},{"@type":"ListItem","position":3,"name":"Componentes para aeron\u00e1utica"}]},{"@type":"WebSite","@id":"https:\/\/www.velatia.com\/es\/#website","url":"https:\/\/www.velatia.com\/es\/","name":"Velatia","description":"Velatia, un grupo Familiar, Industrial y Tecnol\u00f3gico","potentialAction":[{"@type":"SearchAction","target":{"@type":"EntryPoint","urlTemplate":"https:\/\/www.velatia.com\/es\/?s={search_term_string}"},"query-input":{"@type":"PropertyValueSpecification","valueRequired":true,"valueName":"search_term_string"}}],"inLanguage":"es"}]}},"jetpack-related-posts":[],"jetpack_sharing_enabled":true,"_links":{"self":[{"href":"https:\/\/www.velatia.com\/es\/wp-json\/wp\/v2\/pages\/1015","targetHints":{"allow":["GET"]}}],"collection":[{"href":"https:\/\/www.velatia.com\/es\/wp-json\/wp\/v2\/pages"}],"about":[{"href":"https:\/\/www.velatia.com\/es\/wp-json\/wp\/v2\/types\/page"}],"author":[{"embeddable":true,"href":"https:\/\/www.velatia.com\/es\/wp-json\/wp\/v2\/users\/1"}],"replies":[{"embeddable":true,"href":"https:\/\/www.velatia.com\/es\/wp-json\/wp\/v2\/comments?post=1015"}],"version-history":[{"count":1,"href":"https:\/\/www.velatia.com\/es\/wp-json\/wp\/v2\/pages\/1015\/revisions"}],"predecessor-version":[{"id":11312,"href":"https:\/\/www.velatia.com\/es\/wp-json\/wp\/v2\/pages\/1015\/revisions\/11312"}],"up":[{"embeddable":true,"href":"https:\/\/www.velatia.com\/es\/wp-json\/wp\/v2\/pages\/964"}],"wp:attachment":[{"href":"https:\/\/www.velatia.com\/es\/wp-json\/wp\/v2\/media?parent=1015"}],"curies":[{"name":"wp","href":"https:\/\/api.w.org\/{rel}","templated":true}]}}