{"id":1007,"date":"2018-05-30T09:48:30","date_gmt":"2018-05-30T09:48:30","guid":{"rendered":"http:\/\/www.velatia.com\/?page_id=1007"},"modified":"2023-01-17T09:18:51","modified_gmt":"2023-01-17T09:18:51","slug":"redes-electricas","status":"publish","type":"page","link":"https:\/\/www.velatia.com\/es\/que-hace-velatia\/redes-electricas\/","title":{"rendered":"Redes el\u00e9ctricas"},"content":{"rendered":"<div class=\"wpb-content-wrapper\"><p>[vc_row][vc_column offset=\u00bbvc_col-lg-offset-3 vc_col-lg-6 vc_col-md-offset-2 vc_col-md-8&#8243;]<div class=\"dfd-spacer-module\"  data-units=\"px\" data-wide_resolution=\"1280\" data-wide_size=\"60\" data-normal_resolution=\"1024\" data-normal_size=\"50\" data-tablet_resolution=\"800\" data-tablet_size=\"40\" data-mobile_resolution=\"480\" data-mobile_size=\"40\" style=\"height: 60px;\"><\/div><div class=\"dfd-heading-shortcode\"><div class=\"dfd-heading-module-wrap  text-center style_02 cr-animate-gen dfd-heading-69e1e43936eb9 dfd-disable-resposive-headings\" id=\"dfd-heading-69e1e43936eb9\" data-animate-type = \"transition.fadeIn\" ><div class=\"inline-block\"><div class=\"dfd-heading-module\"><h3 class=\"widget-title dfd-title \" style=\"font-family:Fira Sans; font-weight:300; font-style:italic; font-size: 30px; color: #315692 !important; line-height: 34px; \">Desarrollamos soluciones tecnol\u00f3gicas para la red el\u00e9ctrica<\/h3><\/div><\/div><\/div><script type=\"text\/javascript\">\r\n\t\t\t\t\t\t\t\t\t(function($) {\r\n\t\t\t\t\t\t\t\t\t\t$(\"head\").append(\"<style>.dfd-heading-69e1e43936eb9.dfd-heading-module-wrap .dfd-heading-module .dfd-heading-delimiter {margin-top:10px;margin-bottom:10px;}<\/style>\");\r\n\t\t\t\t\t\t\t\t\t})(jQuery);\r\n\t\t\t\t\t\t\t\t<\/script><\/div><div class=\"dfd-spacer-module\"  data-units=\"px\" data-wide_resolution=\"1280\" data-wide_size=\"60\" data-normal_resolution=\"1024\" data-normal_size=\"50\" data-tablet_resolution=\"800\" data-tablet_size=\"20\" data-mobile_resolution=\"480\" data-mobile_size=\"20\" style=\"height: 60px;\"><\/div>[\/vc_column][\/vc_row][vc_row dfd_enable_overlay=\u00bb\u00bb dfd_row_responsive_enable=\u00bbdfd-row-responsive-enable\u00bb responsive_styles=\u00bbmargin_left_tablet:20|margin_right_tablet:20|margin_left_mobile:20|margin_right_mobile:20&#8243;][vc_column width=\u00bb1\/2&#8243; css=\u00bb.vc_custom_1533722826865{padding-right: 2% !important;padding-left: 2% !important;}\u00bb]<div class=\"dfd-spacer-module\"  data-units=\"px\" data-wide_resolution=\"1280\" data-wide_size=\"60\" data-normal_resolution=\"1024\" data-normal_size=\"50\" data-tablet_resolution=\"800\" data-tablet_size=\"40\" data-mobile_resolution=\"480\" data-mobile_size=\"40\" style=\"height: 60px;\"><\/div><div class=\"dfd-heading-shortcode\"><div class=\"dfd-heading-module-wrap  text-left style_02 cr-animate-gen dfd-heading-69e1e439371c0 dfd-disable-resposive-headings\" id=\"dfd-heading-69e1e439371c0\" data-animate-type = \"transition.fadeIn\" ><div class=\"inline-block\"><div class=\"dfd-heading-module\"><h3 class=\"widget-title dfd-title \" style=\"font-size: 24px; color: #e37222 !important; line-height: 28px; \">Colaboramos, desde hace m\u00e1s de 55 a\u00f1os, en el desarrollo de las soluciones tecnol\u00f3gicas m\u00e1s innovadoras con los actores punteros tanto en la generaci\u00f3n como en el transporte, la distribuci\u00f3n y el consumo de la energ\u00eda el\u00e9ctrica. Soluciones que, en la actualidad, operan en los 5 continentes dando servicio a las infraestructuras energ\u00e9ticas m\u00e1s cr\u00edticas.<\/h3><\/div><\/div><\/div><script type=\"text\/javascript\">\r\n\t\t\t\t\t\t\t\t\t(function($) {\r\n\t\t\t\t\t\t\t\t\t\t$(\"head\").append(\"<style>.dfd-heading-69e1e439371c0.dfd-heading-module-wrap .dfd-heading-module .dfd-heading-delimiter {margin-top:10px;margin-bottom:10px;}<\/style>\");\r\n\t\t\t\t\t\t\t\t\t})(jQuery);\r\n\t\t\t\t\t\t\t\t<\/script><\/div><div class=\"dfd-spacer-module\"  data-units=\"px\" data-wide_resolution=\"1280\" data-wide_size=\"35\" data-normal_resolution=\"1024\" data-normal_size=\"25\" data-tablet_resolution=\"800\" data-tablet_size=\"25\" data-mobile_resolution=\"480\" data-mobile_size=\"25\" style=\"height: 35px;\"><\/div>[vc_column_text]En la b\u00fasqueda de una econom\u00eda libre de carbono, impulsamos la evoluci\u00f3n total de las redes el\u00e9ctricas, dot\u00e1ndolas de capacidades para asumir un nuevo mix energ\u00e9tico con mayor presencia de las energ\u00edas renovables, as\u00ed como de infraestructuras para atender las necesidades de sectores como el transporte, inmerso en una revoluci\u00f3n con la irrupci\u00f3n del veh\u00edculo el\u00e9ctrico.<\/p>\n<p>As\u00ed, fruto de nuestra experiencia en las redes el\u00e9ctricas, ofrecemos un servicio excepcional a trav\u00e9s de soluciones tecnol\u00f3gicas fiables y eficientes basadas en una huella industrial global lista para afrontar los exigentes retos del futuro.[\/vc_column_text]<div class=\"dfd-spacer-module\"  data-units=\"px\" data-wide_resolution=\"1280\" data-wide_size=\"35\" data-normal_resolution=\"1024\" data-normal_size=\"25\" data-tablet_resolution=\"800\" data-tablet_size=\"25\" data-mobile_resolution=\"480\" data-mobile_size=\"25\" style=\"height: 35px;\"><\/div>[\/vc_column][vc_column width=\u00bb1\/2&#8243;]<div class=\"dfd-spacer-module\"  data-units=\"px\" data-wide_resolution=\"1280\" data-wide_size=\"0\" data-normal_resolution=\"1024\" data-normal_size=\"10\" data-tablet_resolution=\"800\" data-tablet_size=\"20\" data-mobile_resolution=\"480\" data-mobile_size=\"20\" style=\"height: 0px;\"><\/div>[vc_row_inner][vc_column_inner][vc_single_image image=\u00bb2937&#8243; img_size=\u00bbfull\u00bb alignment=\u00bbcenter\u00bb item_animation=\u00bbtransition.fadeIn\u00bb][\/vc_column_inner][\/vc_row_inner]<div class=\"dfd-spacer-module\"  data-units=\"px\" data-wide_resolution=\"1280\" data-wide_size=\"35\" data-normal_resolution=\"1024\" data-normal_size=\"25\" data-tablet_resolution=\"800\" data-tablet_size=\"25\" data-mobile_resolution=\"480\" data-mobile_size=\"25\" style=\"height: 35px;\"><\/div>[\/vc_column][\/vc_row][vc_row][vc_column offset=\u00bbvc_col-lg-offset-2 vc_col-lg-8 vc_col-md-offset-2 vc_col-md-8&#8243;]<div class=\"dfd-spacer-module\"  data-units=\"px\" data-wide_resolution=\"1280\" data-wide_size=\"35\" data-normal_resolution=\"1024\" data-normal_size=\"25\" data-tablet_resolution=\"800\" data-tablet_size=\"25\" data-mobile_resolution=\"480\" data-mobile_size=\"25\" style=\"height: 35px;\"><\/div>[vc_row_inner css=\u00bb.vc_custom_1531392524774{padding-top: 30px !important;padding-right: 30px !important;padding-bottom: 30px !important;padding-left: 30px !important;background-color: #f4f4f4 !important;}\u00bb][vc_column_inner]<div class=\"dfd-heading-shortcode\"><div class=\"dfd-heading-module-wrap  text-center style_01 dfd-heading-69e1e439375a8 dfd-disable-resposive-headings\" id=\"dfd-heading-69e1e439375a8\" ><div class=\"inline-block\"><div class=\"dfd-heading-module\"><h4 class=\"widget-title dfd-title \" style=\"font-family:Fira Sans; font-weight:400; font-style:italic; font-size: 18px; color: #565656 !important; line-height: 26px; font-style:italic; \">Fruto de nuestra experiencia en el sector de las energ\u00edas renovables, <strong>Velatia<\/strong> ofrece soluciones tecnol\u00f3gicas fiables y eficientes.<\/h4><\/div><\/div><\/div><script type=\"text\/javascript\">\r\n\t\t\t\t\t\t\t\t\t(function($) {\r\n\t\t\t\t\t\t\t\t\t\t$(\"head\").append(\"<style>.dfd-heading-69e1e439375a8.dfd-heading-module-wrap .dfd-heading-module .dfd-heading-delimiter {margin-top:10px;margin-bottom:10px;}<\/style>\");\r\n\t\t\t\t\t\t\t\t\t})(jQuery);\r\n\t\t\t\t\t\t\t\t<\/script><\/div>[\/vc_column_inner][\/vc_row_inner]<div class=\"dfd-spacer-module\"  data-units=\"px\" data-wide_resolution=\"1280\" data-wide_size=\"35\" data-normal_resolution=\"1024\" data-normal_size=\"25\" data-tablet_resolution=\"800\" data-tablet_size=\"25\" data-mobile_resolution=\"480\" data-mobile_size=\"25\" style=\"height: 35px;\"><\/div>[\/vc_column][\/vc_row][vc_row][vc_column]<div class=\"dfd-spacer-module\"  data-units=\"px\" data-wide_resolution=\"1280\" data-wide_size=\"50\" data-normal_resolution=\"1024\" data-normal_size=\"40\" data-tablet_resolution=\"800\" data-tablet_size=\"30\" data-mobile_resolution=\"480\" data-mobile_size=\"30\" style=\"height: 50px;\"><\/div>[\/vc_column][\/vc_row][vc_row dfd_bg_style=\u00bbvideo\u00bb dfd_video_variant=\u00bbvimeo\u00bb dfd_vimeo_video_id=\u00bb293298935&#8243; dfd_video_opts=\u00bbloop,muted,autoplay\u00bb dfd_video_poster=\u00bb1450&#8243; dfd_enable_overlay=\u00bb\u00bb dfd_row_config=\u00bbfull_width_content\u00bb el_class=\u00bbocultarFila\u00bb][vc_column offset=\u00bbvc_col-lg-offset-7 vc_col-lg-3 vc_col-md-offset-5 vc_col-md-5&#8243;]<div class=\"dfd-spacer-module\"  data-units=\"px\" data-wide_resolution=\"1280\" data-wide_size=\"620\" data-normal_resolution=\"1024\" data-normal_size=\"580\" data-tablet_resolution=\"800\" data-tablet_size=\"500\" data-mobile_resolution=\"480\" data-mobile_size=\"450\" style=\"height: 620px;\"><\/div><div id=\"dfd-button-69e1e4393790c\" class=\"dfd-button-module-wrap dfd-button-69e1e4393790c\"><div class=\"dfd-button-module boton botVolumenVideo style_5 text-right dfd-horizontal dfd-top-to-bottom dfd-button-icon-left dfd-button-icon-hover-simple mobile-center\" ><a href=\"#video\" class=\"dfd-button-link\"><span class=\"dfd-button-inner-cover\"><span class=\"dfd-button-text-main\"><i class=\"fa fa-volume-up\"><\/i>Ver con sonido<\/span><\/span><\/a><\/div><script type=\"text\/javascript\">\r\n\t\t\t\t\t\t\t\t\t(function($) {$(\"head\").append(\"<style>@media only screen and (max-width: 799px) {.dfd-button-69e1e4393790c .mobile-center,#dfd-button-69e1e4393790c .mobile-center {text-align: center;}}#dfd-button-69e1e4393790c.dfd-button-module-wrap .dfd-button-module .dfd-button-link .dfd-button-inner-cover span i, .dfd-button-69e1e4393790c.dfd-button-module-wrap .dfd-button-module .dfd-button-link .dfd-button-inner-cover span i {font-size: 18px;}#dfd-button-69e1e4393790c.dfd-button-module-wrap .dfd-button-module .dfd-button-link .dfd-button-inner-cover .dfd-button-text-main, .dfd-button-69e1e4393790c.dfd-button-module-wrap .dfd-button-module .dfd-button-link .dfd-button-inner-cover .dfd-button-text-main, .dfd-button-69e1e4393790c.dfd-button-module-wrap .dfd-button-module .dfd-button-link .dfd-button-inner-cover .dfd-button-text-hover, #dfd-button-69e1e4393790c.dfd-button-module-wrap .dfd-button-module .dfd-button-link .dfd-button-inner-cover .dfd-button-text-hover {padding-left: 40px;}#dfd-button-69e1e4393790c.dfd-button-module-wrap .dfd-button-module .dfd-button-link .dfd-button-inner-cover .dfd-button-text-main, .dfd-button-69e1e4393790c.dfd-button-module-wrap .dfd-button-module .dfd-button-link .dfd-button-inner-cover .dfd-button-text-main, .dfd-button-69e1e4393790c.dfd-button-module-wrap .dfd-button-module .dfd-button-link .dfd-button-inner-cover .dfd-button-text-hover, #dfd-button-69e1e4393790c.dfd-button-module-wrap .dfd-button-module .dfd-button-link .dfd-button-inner-cover .dfd-button-text-hover {font-size: 12px; line-height: 34px; }#dfd-button-69e1e4393790c.dfd-button-module-wrap .dfd-button-module .dfd-button-link .dfd-button-inner-cover .dfd-button-text-main,.dfd-button-69e1e4393790c.dfd-button-module-wrap .dfd-button-module .dfd-button-link .dfd-button-inner-cover .dfd-button-text-main {color: rgba(255,255,255,0.7)}#dfd-button-69e1e4393790c.dfd-button-module-wrap .dfd-button-module .dfd-button-link .dfd-button-inner-cover,.dfd-button-69e1e4393790c.dfd-button-module-wrap .dfd-button-module .dfd-button-link .dfd-button-border-decoration,.dfd-button-69e1e4393790c.dfd-button-module-wrap .dfd-button-module .dfd-button-link .dfd-button-inner-cover {border-radius:3px;}#dfd-button-69e1e4393790c.dfd-button-module-wrap .dfd-button-module:not(.style_4) .dfd-button-link .dfd-button-inner-cover:before,#dfd-button-69e1e4393790c.dfd-button-module-wrap .dfd-button-module.style_4 .dfd-button-link .dfd-button-inner-cover:after,#dfd-button-69e1e4393790c.dfd-button-module-wrap .dfd-button-module.style_6 .dfd-button-link .dfd-button-inner-cover .dfd-button-text-main,.dfd-button-69e1e4393790c.dfd-button-module-wrap .dfd-button-module:not(.style_4) .dfd-button-link .dfd-button-inner-cover:before,.dfd-button-69e1e4393790c.dfd-button-module-wrap .dfd-button-module.style_4 .dfd-button-link .dfd-button-inner-cover:after,.dfd-button-69e1e4393790c.dfd-button-module-wrap .dfd-button-module.style_6 .dfd-button-link .dfd-button-inner-cover .dfd-button-text-main {background: rgba(253,105,1,0.01);border-style:none;border-width:1px;border-radius:3px;border-color:rgba(255,255,255,0.9);}#dfd-button-69e1e4393790c.dfd-button-module-wrap .dfd-button-module:not(.style_6) .dfd-button-link:hover .dfd-button-inner-cover .dfd-button-text-main,#dfd-button-69e1e4393790c.dfd-button-module-wrap .dfd-button-module .dfd-button-link .dfd-button-inner-cover .dfd-button-text-hover,.dfd-button-69e1e4393790c.dfd-button-module-wrap .dfd-button-module:not(.style_6) .dfd-button-link:hover .dfd-button-inner-cover .dfd-button-text-main,.dfd-button-69e1e4393790c.dfd-button-module-wrap .dfd-button-module .dfd-button-link .dfd-button-inner-cover .dfd-button-text-hover {color: #ffffff;}#dfd-button-69e1e4393790c.dfd-button-module-wrap .dfd-button-module .dfd-button-link:hover .dfd-button-inner-cover,.dfd-button-69e1e4393790c.dfd-button-module-wrap .dfd-button-module .dfd-button-link:hover .dfd-button-border-decoration,.dfd-button-69e1e4393790c.dfd-button-module-wrap .dfd-button-module .dfd-button-link:hover .dfd-button-inner-cover {border-radius:3px;}#dfd-button-69e1e4393790c.dfd-button-module-wrap .dfd-button-module:not(.style_4) .dfd-button-link .dfd-button-inner-cover:after,#dfd-button-69e1e4393790c.dfd-button-module-wrap .dfd-button-module.style_4 .dfd-button-link .dfd-button-inner-cover:before,#dfd-button-69e1e4393790c.dfd-button-module-wrap .dfd-button-module .dfd-button-link .dfd-button-inner-cover .dfd-button-text-hover .dfd-button-69e1e4393790c.dfd-button-module-wrap .dfd-button-module:not(.style_4) .dfd-button-link .dfd-button-inner-cover:after,.dfd-button-69e1e4393790c.dfd-button-module-wrap .dfd-button-module.style_4 .dfd-button-link .dfd-button-inner-cover:before,.dfd-button-69e1e4393790c.dfd-button-module-wrap .dfd-button-module .dfd-button-link .dfd-button-inner-cover .dfd-button-text-hover {background: rgba(255,255,255,0.01);border-style:none;border-width:1px;border-radius:3px;border-color:rgba(255,255,255,0.9);}#dfd-button-69e1e4393790c.dfd-button-module-wrap .dfd-button-module.style_3 .dfd-button-link:hover .dfd-button-inner-cover:before,#dfd-button-69e1e4393790c.dfd-button-module-wrap .dfd-button-module.style_4 .dfd-button-link:hover .dfd-button-inner-cover:before,.dfd-button-69e1e4393790c.dfd-button-module-wrap .dfd-button-module.style_3 .dfd-button-link:hover .dfd-button-inner-cover:before,.dfd-button-69e1e4393790c.dfd-button-module-wrap .dfd-button-module.style_4 .dfd-button-link:hover .dfd-button-inner-cover:before {border-style:none;border-width:1px;border-radius:3px;border-color:rgba(255,255,255,0.9);}#dfd-button-69e1e4393790c.dfd-button-module-wrap .dfd-button-module .dfd-button-link .dfd-button-inner-cover .dfd-button-text-main i,.dfd-button-69e1e4393790c.dfd-button-module-wrap .dfd-button-module .dfd-button-link .dfd-button-inner-cover .dfd-button-text-main i {color: rgba(255,255,255,0.7);}#dfd-button-69e1e4393790c.dfd-button-module-wrap .dfd-button-module .dfd-button-link:hover .dfd-button-inner-cover .dfd-button-text-main i,.dfd-button-69e1e4393790c.dfd-button-module-wrap .dfd-button-module .dfd-button-link:hover .dfd-button-inner-cover .dfd-button-text-main i {color: #ffffff;}<\/style>\")\r\n\t\t\t\t\t\t\t\t\t})(jQuery);\r\n\t\t\t\t\t\t\t\t<\/script><\/div><div class=\"dfd-spacer-module\"  data-units=\"px\" data-wide_resolution=\"1280\" data-wide_size=\"10\" data-normal_resolution=\"1024\" data-normal_size=\"10\" data-tablet_resolution=\"800\" data-tablet_size=\"10\" data-mobile_resolution=\"480\" data-mobile_size=\"10\" style=\"height: 10px;\"><\/div>[\/vc_column][\/vc_row][vc_row dfd_row_responsive_enable=\u00bbdfd-row-responsive-enable\u00bb responsive_styles=\u00bbmargin_left_tablet:20|margin_right_tablet:20|margin_left_mobile:20|margin_right_mobile:20&#8243;][vc_column]<div class=\"dfd-delimier-main-wrapper \" ><div id=\"dfd-delimiter-69e1e43937b8e-1345\"  class=\"dfd-delimier-wrapper dfd-delimiter-with-line \"  style='text-align:left; ' ><span><span class=\"line\" style=\"border-bottom-color:#eeeeee;border-bottom-width:1px; border-bottom-style:solid; \"><\/span><\/span><\/div><\/div><div class=\"dfd-spacer-module\"  data-units=\"px\" data-wide_resolution=\"1280\" data-wide_size=\"50\" data-normal_resolution=\"1024\" data-normal_size=\"40\" data-tablet_resolution=\"800\" data-tablet_size=\"30\" data-mobile_resolution=\"480\" data-mobile_size=\"30\" style=\"height: 50px;\"><\/div>[vc_row_inner][vc_column_inner offset=\u00bbvc_col-lg-offset-2 vc_col-lg-8 vc_col-md-offset-1 vc_col-md-10&#8243;]<div class=\"dfd-heading-shortcode\"><div class=\"dfd-heading-module-wrap  text-center style_05 cr-animate-gen dfd-heading-69e1e43937cfc dfd-disable-resposive-headings\" id=\"dfd-heading-69e1e43937cfc\" data-animate-type = \"transition.fadeIn\" ><div class=\"inline-block\"><div class=\"dfd-heading-module\"><h2 class=\"widget-title dfd-title \" style=\"font-size: 24px; line-height: 28px; \">Empresas de <strong>Velatia<\/strong> que ofrecen soluciones para redes el\u00e9ctricas<\/h2><div class=\"dfd-heading-delimiter dfd-img-lazy-load\"><\/div><\/div><\/div><\/div><script type=\"text\/javascript\">\r\n\t\t\t\t\t\t\t\t\t(function($) {\r\n\t\t\t\t\t\t\t\t\t\t$(\"head\").append(\"<style>.dfd-heading-69e1e43937cfc.dfd-heading-module-wrap .dfd-heading-module .dfd-heading-delimiter {border-bottom-style:solid;border-bottom-width:1px;width:100px;border-bottom-color:#dddddd;}.dfd-heading-69e1e43937cfc.dfd-heading-module-wrap .dfd-heading-module .dfd-heading-delimiter {margin-top:10px;margin-bottom:10px;}<\/style>\");\r\n\t\t\t\t\t\t\t\t\t})(jQuery);\r\n\t\t\t\t\t\t\t\t<\/script><\/div>[\/vc_column_inner][\/vc_row_inner]<div class=\"dfd-spacer-module\"  data-units=\"px\" data-wide_resolution=\"1280\" data-wide_size=\"25\" data-normal_resolution=\"1024\" data-normal_size=\"25\" data-tablet_resolution=\"800\" data-tablet_size=\"25\" data-mobile_resolution=\"480\" data-mobile_size=\"25\" style=\"height: 25px;\"><\/div>[vc_row_inner][vc_column_inner offset=\u00bbvc_col-lg-offset-4 vc_col-lg-4&#8243;][vc_single_image image=\u00bb11675&#8243; img_size=\u00bbfull\u00bb alignment=\u00bbcenter\u00bb css_animation=\u00bbnone\u00bb onclick=\u00bbcustom_link\u00bb item_animation=\u00bbtransition.slideDownIn\u00bb link=\u00bbhttps:\/\/www.velatia.com\/es\/empresas-que-forman-velatia\/ormazabal\/\u00bb el_class=\u00bbhvr-float-shadow\u00bb][\/vc_column_inner][\/vc_row_inner][\/vc_column][\/vc_row][vc_row][vc_column]<div class=\"dfd-spacer-module\"  data-units=\"px\" data-wide_resolution=\"1280\" data-wide_size=\"100\" data-normal_resolution=\"1024\" data-normal_size=\"80\" data-tablet_resolution=\"800\" data-tablet_size=\"50\" data-mobile_resolution=\"480\" data-mobile_size=\"40\" style=\"height: 100px;\"><\/div>[\/vc_column][\/vc_row]<\/p>\n<\/div>","protected":false},"excerpt":{"rendered":"<p>[vc_row][vc_column offset=\u00bbvc_col-lg-offset-3 vc_col-lg-6 vc_col-md-offset-2 vc_col-md-8&#8243;][\/vc_column][\/vc_row][vc_row dfd_enable_overlay=\u00bb\u00bb dfd_row_responsive_enable=\u00bbdfd-row-responsive-enable\u00bb responsive_styles=\u00bbmargin_left_tablet:20|margin_right_tablet:20|margin_left_mobile:20|margin_right_mobile:20&#8243;][vc_column width=\u00bb1\/2&#8243; css=\u00bb.vc_custom_1533722826865{padding-right: 2% !important;padding-left: 2% !important;}\u00bb][vc_column_text]En la b\u00fasqueda de una econom\u00eda libre de carbono, impulsamos la evoluci\u00f3n total de las redes el\u00e9ctricas,<\/p>\n","protected":false},"author":1,"featured_media":0,"parent":964,"menu_order":0,"comment_status":"closed","ping_status":"closed","template":"page-custom-with-header.php","meta":{"_acf_changed":false,"footnotes":""},"class_list":["post-1007","page","type-page","status-publish","hentry"],"acf":[],"yoast_head":"<!-- This site is optimized with the Yoast SEO plugin v27.2 - https:\/\/yoast.com\/product\/yoast-seo-wordpress\/ -->\n<title>Redes el\u00e9ctricas - Velatia<\/title>\n<meta name=\"description\" content=\"En Velatia participamos en la expansi\u00f3n del sector el\u00e9ctrico con soluciones avanzadas y fiables para un suministro m\u00e1s seguro e inteligente.\" \/>\n<meta name=\"robots\" content=\"index, follow, max-snippet:-1, max-image-preview:large, max-video-preview:-1\" \/>\n<link rel=\"canonical\" href=\"https:\/\/www.velatia.com\/es\/que-hace-velatia\/redes-electricas\/\" \/>\n<meta property=\"og:locale\" content=\"es_ES\" \/>\n<meta property=\"og:type\" content=\"article\" \/>\n<meta property=\"og:title\" content=\"Redes el\u00e9ctricas - Velatia\" \/>\n<meta property=\"og:description\" content=\"En Velatia participamos en la expansi\u00f3n del sector el\u00e9ctrico con soluciones avanzadas y fiables para un suministro m\u00e1s seguro e inteligente.\" \/>\n<meta property=\"og:url\" content=\"https:\/\/www.velatia.com\/es\/que-hace-velatia\/redes-electricas\/\" \/>\n<meta property=\"og:site_name\" content=\"Velatia\" \/>\n<meta property=\"article:publisher\" content=\"https:\/\/www.facebook.com\/Velatia-1634185503460158\/?ref=bookmarks\" \/>\n<meta property=\"article:modified_time\" content=\"2023-01-17T09:18:51+00:00\" \/>\n<meta name=\"twitter:card\" content=\"summary_large_image\" \/>\n<meta name=\"twitter:site\" content=\"@Velatia_global\" \/>\n<meta name=\"twitter:label1\" content=\"Tiempo de lectura\" \/>\n\t<meta name=\"twitter:data1\" content=\"2 minutos\" \/>\n<script type=\"application\/ld+json\" class=\"yoast-schema-graph\">{\"@context\":\"https:\/\/schema.org\",\"@graph\":[{\"@type\":\"WebPage\",\"@id\":\"https:\/\/www.velatia.com\/es\/que-hace-velatia\/redes-electricas\/\",\"url\":\"https:\/\/www.velatia.com\/es\/que-hace-velatia\/redes-electricas\/\",\"name\":\"Redes el\u00e9ctricas - Velatia\",\"isPartOf\":{\"@id\":\"https:\/\/www.velatia.com\/es\/#website\"},\"datePublished\":\"2018-05-30T09:48:30+00:00\",\"dateModified\":\"2023-01-17T09:18:51+00:00\",\"description\":\"En Velatia participamos en la expansi\u00f3n del sector el\u00e9ctrico con soluciones avanzadas y fiables para un suministro m\u00e1s seguro e inteligente.\",\"breadcrumb\":{\"@id\":\"https:\/\/www.velatia.com\/es\/que-hace-velatia\/redes-electricas\/#breadcrumb\"},\"inLanguage\":\"es\",\"potentialAction\":[{\"@type\":\"ReadAction\",\"target\":[\"https:\/\/www.velatia.com\/es\/que-hace-velatia\/redes-electricas\/\"]}]},{\"@type\":\"BreadcrumbList\",\"@id\":\"https:\/\/www.velatia.com\/es\/que-hace-velatia\/redes-electricas\/#breadcrumb\",\"itemListElement\":[{\"@type\":\"ListItem\",\"position\":1,\"name\":\"Portada\",\"item\":\"https:\/\/www.velatia.com\/es\/\"},{\"@type\":\"ListItem\",\"position\":2,\"name\":\"Qu\u00e9 hacen las empresas que forman Velatia\",\"item\":\"https:\/\/www.velatia.com\/es\/que-hace-velatia\/\"},{\"@type\":\"ListItem\",\"position\":3,\"name\":\"Redes el\u00e9ctricas\"}]},{\"@type\":\"WebSite\",\"@id\":\"https:\/\/www.velatia.com\/es\/#website\",\"url\":\"https:\/\/www.velatia.com\/es\/\",\"name\":\"Velatia\",\"description\":\"Velatia, un grupo Familiar, Industrial y Tecnol\u00f3gico\",\"potentialAction\":[{\"@type\":\"SearchAction\",\"target\":{\"@type\":\"EntryPoint\",\"urlTemplate\":\"https:\/\/www.velatia.com\/es\/?s={search_term_string}\"},\"query-input\":{\"@type\":\"PropertyValueSpecification\",\"valueRequired\":true,\"valueName\":\"search_term_string\"}}],\"inLanguage\":\"es\"}]}<\/script>\n<!-- \/ Yoast SEO plugin. -->","yoast_head_json":{"title":"Redes el\u00e9ctricas - Velatia","description":"En Velatia participamos en la expansi\u00f3n del sector el\u00e9ctrico con soluciones avanzadas y fiables para un suministro m\u00e1s seguro e inteligente.","robots":{"index":"index","follow":"follow","max-snippet":"max-snippet:-1","max-image-preview":"max-image-preview:large","max-video-preview":"max-video-preview:-1"},"canonical":"https:\/\/www.velatia.com\/es\/que-hace-velatia\/redes-electricas\/","og_locale":"es_ES","og_type":"article","og_title":"Redes el\u00e9ctricas - Velatia","og_description":"En Velatia participamos en la expansi\u00f3n del sector el\u00e9ctrico con soluciones avanzadas y fiables para un suministro m\u00e1s seguro e inteligente.","og_url":"https:\/\/www.velatia.com\/es\/que-hace-velatia\/redes-electricas\/","og_site_name":"Velatia","article_publisher":"https:\/\/www.facebook.com\/Velatia-1634185503460158\/?ref=bookmarks","article_modified_time":"2023-01-17T09:18:51+00:00","twitter_card":"summary_large_image","twitter_site":"@Velatia_global","twitter_misc":{"Tiempo de lectura":"2 minutos"},"schema":{"@context":"https:\/\/schema.org","@graph":[{"@type":"WebPage","@id":"https:\/\/www.velatia.com\/es\/que-hace-velatia\/redes-electricas\/","url":"https:\/\/www.velatia.com\/es\/que-hace-velatia\/redes-electricas\/","name":"Redes el\u00e9ctricas - Velatia","isPartOf":{"@id":"https:\/\/www.velatia.com\/es\/#website"},"datePublished":"2018-05-30T09:48:30+00:00","dateModified":"2023-01-17T09:18:51+00:00","description":"En Velatia participamos en la expansi\u00f3n del sector el\u00e9ctrico con soluciones avanzadas y fiables para un suministro m\u00e1s seguro e inteligente.","breadcrumb":{"@id":"https:\/\/www.velatia.com\/es\/que-hace-velatia\/redes-electricas\/#breadcrumb"},"inLanguage":"es","potentialAction":[{"@type":"ReadAction","target":["https:\/\/www.velatia.com\/es\/que-hace-velatia\/redes-electricas\/"]}]},{"@type":"BreadcrumbList","@id":"https:\/\/www.velatia.com\/es\/que-hace-velatia\/redes-electricas\/#breadcrumb","itemListElement":[{"@type":"ListItem","position":1,"name":"Portada","item":"https:\/\/www.velatia.com\/es\/"},{"@type":"ListItem","position":2,"name":"Qu\u00e9 hacen las empresas que forman Velatia","item":"https:\/\/www.velatia.com\/es\/que-hace-velatia\/"},{"@type":"ListItem","position":3,"name":"Redes el\u00e9ctricas"}]},{"@type":"WebSite","@id":"https:\/\/www.velatia.com\/es\/#website","url":"https:\/\/www.velatia.com\/es\/","name":"Velatia","description":"Velatia, un grupo Familiar, Industrial y Tecnol\u00f3gico","potentialAction":[{"@type":"SearchAction","target":{"@type":"EntryPoint","urlTemplate":"https:\/\/www.velatia.com\/es\/?s={search_term_string}"},"query-input":{"@type":"PropertyValueSpecification","valueRequired":true,"valueName":"search_term_string"}}],"inLanguage":"es"}]}},"jetpack-related-posts":[],"jetpack_sharing_enabled":true,"_links":{"self":[{"href":"https:\/\/www.velatia.com\/es\/wp-json\/wp\/v2\/pages\/1007","targetHints":{"allow":["GET"]}}],"collection":[{"href":"https:\/\/www.velatia.com\/es\/wp-json\/wp\/v2\/pages"}],"about":[{"href":"https:\/\/www.velatia.com\/es\/wp-json\/wp\/v2\/types\/page"}],"author":[{"embeddable":true,"href":"https:\/\/www.velatia.com\/es\/wp-json\/wp\/v2\/users\/1"}],"replies":[{"embeddable":true,"href":"https:\/\/www.velatia.com\/es\/wp-json\/wp\/v2\/comments?post=1007"}],"version-history":[{"count":3,"href":"https:\/\/www.velatia.com\/es\/wp-json\/wp\/v2\/pages\/1007\/revisions"}],"predecessor-version":[{"id":11679,"href":"https:\/\/www.velatia.com\/es\/wp-json\/wp\/v2\/pages\/1007\/revisions\/11679"}],"up":[{"embeddable":true,"href":"https:\/\/www.velatia.com\/es\/wp-json\/wp\/v2\/pages\/964"}],"wp:attachment":[{"href":"https:\/\/www.velatia.com\/es\/wp-json\/wp\/v2\/media?parent=1007"}],"curies":[{"name":"wp","href":"https:\/\/api.w.org\/{rel}","templated":true}]}}