{"id":4306,"date":"2018-11-14T11:13:16","date_gmt":"2018-11-14T11:13:16","guid":{"rendered":"http:\/\/www.velatia.com\/?page_id=4306"},"modified":"2026-01-13T14:45:23","modified_gmt":"2026-01-13T13:45:23","slug":"what-do-the-companies-that-make-up-velatia-do","status":"publish","type":"page","link":"https:\/\/www.velatia.com\/en\/what-do-the-companies-that-make-up-velatia-do\/","title":{"rendered":"What do the companies that make up Velatia do?"},"content":{"rendered":"<div class=\"wpb-content-wrapper\"><p>[vc_row][vc_column offset=&#8221;vc_col-lg-offset-2 vc_col-lg-8&#8243;][vc_column_text item_animation=&#8221;transition.fadeIn&#8221; el_class=&#8221;parrafoDestacado&#8221;]We are in line with a world in continuous movement. With a connected and demanding society. In line with our customers&#8230; to create a more efficient and sustainable future.[\/vc_column_text]<div class=\"dfd-spacer-module\"  data-units=\"px\" data-wide_resolution=\"1280\" data-wide_size=\"10\" data-normal_resolution=\"1024\" data-normal_size=\"10\" data-tablet_resolution=\"800\" data-tablet_size=\"10\" data-mobile_resolution=\"480\" data-mobile_size=\"10\" style=\"height: 10px;\"><\/div><div class=\"dfd-heading-shortcode\"><div class=\"dfd-heading-module-wrap noTransform text-center style_01 cr-animate-gen dfd-heading-69e0ed053e206 dfd-disable-resposive-headings\" id=\"dfd-heading-69e0ed053e206\" data-animate-type = \"transition.fadeIn\" ><div class=\"inline-block\"><div class=\"dfd-heading-module\"><div class=\"widget-title dfd-title block-title\" style=\"font-family:Fira Sans; font-weight:400; font-style:normal; font-size: 24px; color: #002664 !important; line-height: 28px; \">This is <strong>Velatia&#8217;s<\/strong> commitment<\/div><\/div><\/div><\/div><script type=\"text\/javascript\">\r\n\t\t\t\t\t\t\t\t\t(function($) {\r\n\t\t\t\t\t\t\t\t\t\t$(\"head\").append(\"<style>.dfd-heading-69e0ed053e206.dfd-heading-module-wrap .dfd-heading-module .dfd-heading-delimiter {margin-top:10px;margin-bottom:10px;}<\/style>\");\r\n\t\t\t\t\t\t\t\t\t})(jQuery);\r\n\t\t\t\t\t\t\t\t<\/script><\/div><div class=\"dfd-spacer-module\"  data-units=\"px\" data-wide_resolution=\"1280\" data-wide_size=\"50\" data-normal_resolution=\"1024\" data-normal_size=\"30\" data-tablet_resolution=\"800\" data-tablet_size=\"30\" data-mobile_resolution=\"480\" data-mobile_size=\"30\" style=\"height: 50px;\"><\/div>[\/vc_column][\/vc_row][vc_row dfd_bg_style=&#8221;image&#8221; dfd_parallax_style=&#8221;dfd_vertical_parallax&#8221; dfd_bg_image_new=&#8221;1284&#8243; dfd_bg_image_repeat=&#8221;no-repeat&#8221; force_equal_height_columns=&#8221;main_row&#8221; el_class=&#8221;bloquesHover&#8221; css=&#8221;.vc_custom_1528118922384{margin-top: 0px !important;margin-right: 0px !important;margin-bottom: 0px !important;margin-left: 0px !important;padding-top: 0px !important;padding-right: 0px !important;padding-bottom: 0px !important;padding-left: 0px !important;}&#8221;][vc_column][vc_row_inner css=&#8221;.vc_custom_1528110526765{margin-top: 0px !important;margin-right: 0px !important;margin-bottom: 0px !important;margin-left: 0px !important;padding-top: 0px !important;padding-right: 0px !important;padding-bottom: 0px !important;padding-left: 0px !important;}&#8221;][vc_column_inner width=&#8221;1\/3&#8243; css=&#8221;.vc_custom_1528109878332{margin-top: 0px !important;margin-right: 0px !important;margin-bottom: 0px !important;margin-left: 0px !important;padding-top: 0px !important;padding-right: 0px !important;padding-bottom: 0px !important;padding-left: 0px !important;}&#8221;][vc_hoverbox primary_title=&#8221;Electric networks&#8221; hover_title=&#8221;Soluciones para Redes El\u00e9ctricas&#8221; shape=&#8221;square&#8221; hover_background_color=&#8221;custom&#8221; hover_custom_background=&#8221;#e37222&#8243; el_class=&#8221;bloquesHoverAnim QueHacemos uno&#8221; css=&#8221;.vc_custom_1545376696027{border-top-width: 15px !important;border-right-width: 15px !important;border-bottom-width: 15px !important;border-left-width: 15px !important;border-left-color: rgba(255,255,255,0.01) !important;border-left-style: solid !important;border-right-color: rgba(255,255,255,0.01) !important;border-right-style: solid !important;border-top-color: rgba(255,255,255,0.01) !important;border-top-style: solid !important;border-bottom-color: rgba(255,255,255,0.01) !important;border-bottom-style: solid !important;}&#8221;]We play a part in the expansion of the electric sector with advanced and reliable solutions for a safer and more intelligent supply.<\/p>\n<p><a class=\"boton\" href=\"https:\/\/www.velatia.com\/en\/what-do-the-companies-that-make-up-velatia-do\/electric-networks\/\">FIND OUT MORE<\/a>[\/vc_hoverbox][vc_hoverbox primary_title=&#8221;Energy services&#8221; hover_title=&#8221;Servicios Energ\u00e9ticos&#8221; shape=&#8221;square&#8221; hover_background_color=&#8221;custom&#8221; hover_custom_background=&#8221;#e37222&#8243; el_class=&#8221;bloquesHoverAnim QueHacemos dos&#8221; css=&#8221;.vc_custom_1768310246917{border-top-width: 15px !important;border-right-width: 15px !important;border-bottom-width: 15px !important;border-left-width: 15px !important;border-left-style: solid !important;border-right-style: solid !important;border-top-style: solid !important;border-bottom-style: solid !important;border-color: rgba(255,255,255,0.01) !important;}&#8221;]We help to manage energy efficiently<\/p>\n<p><a class=\"boton\" href=\"https:\/\/www.velatia.com\/en\/what-do-the-companies-that-make-up-velatia-do\/energy-services\/\">FIND OUT MORE<\/a>[\/vc_hoverbox][vc_hoverbox primary_title=&#8221;&#8221; hover_title=&#8221;&#8221; shape=&#8221;square&#8221; hover_background_color=&#8221;custom&#8221; el_class=&#8221;bloquesHoverAnim QueHacemos uno NoAnim&#8221; css=&#8221;.vc_custom_1580975167461{border-top-width: 15px !important;border-right-width: 15px !important;border-bottom-width: 15px !important;border-left-width: 15px !important;border-left-color: rgba(255,255,255,0.01) !important;border-left-style: solid !important;border-right-color: rgba(255,255,255,0.01) !important;border-right-style: solid !important;border-top-color: rgba(255,255,255,0.01) !important;border-top-style: solid !important;border-bottom-color: rgba(255,255,255,0.01) !important;border-bottom-style: solid !important;}&#8221;][\/vc_hoverbox][\/vc_column_inner][vc_column_inner width=&#8221;1\/3&#8243; css=&#8221;.vc_custom_1528109892971{margin-top: 0px !important;margin-right: 0px !important;margin-bottom: 0px !important;margin-left: 0px !important;padding-top: 0px !important;padding-right: 0px !important;padding-bottom: 0px !important;padding-left: 0px !important;}&#8221;][vc_hoverbox primary_title=&#8221;Communications infrastructure&#8221; hover_title=&#8221;Redes de Telecomunicaciones y TI&#8221; shape=&#8221;square&#8221; hover_background_color=&#8221;custom&#8221; hover_custom_background=&#8221;#e37222&#8243; el_class=&#8221;bloquesHoverAnim QueHacemos dos&#8221; css=&#8221;.vc_custom_1677076399684{border-top-width: 15px !important;border-right-width: 15px !important;border-bottom-width: 15px !important;border-left-width: 15px !important;border-left-color: rgba(255,255,255,0.01) !important;border-left-style: solid !important;border-right-color: rgba(255,255,255,0.01) !important;border-right-style: solid !important;border-top-color: rgba(255,255,255,0.01) !important;border-top-style: solid !important;border-bottom-color: rgba(255,255,255,0.01) !important;border-bottom-style: solid !important;}&#8221;]We facilitate and implement secure telecommunications and IT networks.<\/p>\n<p><a class=\"boton\" href=\"https:\/\/www.velatia.com\/en\/what-do-the-companies-that-make-up-velatia-do\/telecommunications-and-it-networks\/\">FIND OUT MORE<\/a>[\/vc_hoverbox][vc_hoverbox primary_title=&#8221;Components for aeronautics&#8221; hover_title=&#8221;Componentes para Aeron\u00e1utica&#8221; shape=&#8221;square&#8221; hover_background_color=&#8221;custom&#8221; hover_custom_background=&#8221;#e37222&#8243; el_class=&#8221;bloquesHoverAnim QueHacemos uno&#8221; css=&#8221;.vc_custom_1622791171923{border-top-width: 15px !important;border-right-width: 15px !important;border-bottom-width: 15px !important;border-left-width: 15px !important;border-left-color: rgba(255,255,255,0.01) !important;border-left-style: solid !important;border-right-color: rgba(255,255,255,0.01) !important;border-right-style: solid !important;border-top-color: rgba(255,255,255,0.01) !important;border-top-style: solid !important;border-bottom-color: rgba(255,255,255,0.01) !important;border-bottom-style: solid !important;}&#8221;]We participate in the future generation of aircraft<\/p>\n<p><a class=\"boton\" href=\"https:\/\/www.velatia.com\/en\/what-do-the-companies-that-make-up-velatia-do\/components-for-aeronautics\/\">FIND OUT MORE<\/a>[\/vc_hoverbox][vc_hoverbox primary_title=&#8221;Engineering and development of electromechanical solutions&#8221; hover_title=&#8221;Ingenier\u00eda de Dise\u00f1o y Desarrollo de Soluciones Electromec\u00e1nicas&#8221; shape=&#8221;square&#8221; hover_background_color=&#8221;custom&#8221; hover_custom_background=&#8221;#e37222&#8243; el_class=&#8221;bloquesHoverAnim QueHacemos dos&#8221; css=&#8221;.vc_custom_1580975102051{border-top-width: 15px !important;border-right-width: 15px !important;border-bottom-width: 15px !important;border-left-width: 15px !important;border-left-color: rgba(255,255,255,0.01) !important;border-left-style: solid !important;border-right-color: rgba(255,255,255,0.01) !important;border-right-style: solid !important;border-top-color: rgba(255,255,255,0.01) !important;border-top-style: solid !important;border-bottom-color: rgba(255,255,255,0.01) !important;border-bottom-style: solid !important;}&#8221;]We provide engineering for the most demanding challenges and integrated technological solutions in everyday tools<\/p>\n<p><a class=\"boton\" href=\"https:\/\/www.velatia.com\/en\/what-do-the-companies-that-make-up-velatia-do\/engineering-and-development-of-electromechanical-solutions\/\">FIND OUT MORE<\/a>[\/vc_hoverbox][\/vc_column_inner][vc_column_inner width=&#8221;1\/3&#8243; css=&#8221;.vc_custom_1528109934576{margin-top: 0px !important;margin-right: 0px !important;margin-bottom: 0px !important;margin-left: 0px !important;padding-top: 0px !important;padding-right: 0px !important;padding-bottom: 0px !important;padding-left: 0px !important;}&#8221;][vc_hoverbox primary_title=&#8221;Integration and engineering projects&#8221; hover_title=&#8221;Proyectos de Integraci\u00f3n e Ingenier\u00eda&#8221; shape=&#8221;square&#8221; hover_background_color=&#8221;custom&#8221; hover_custom_background=&#8221;#e37222&#8243; el_class=&#8221;bloquesHoverAnim QueHacemos uno&#8221; css=&#8221;.vc_custom_1545376742212{border-top-width: 15px !important;border-right-width: 15px !important;border-bottom-width: 15px !important;border-left-width: 15px !important;border-left-color: rgba(255,255,255,0.01) !important;border-left-style: solid !important;border-right-color: rgba(255,255,255,0.01) !important;border-right-style: solid !important;border-top-color: rgba(255,255,255,0.01) !important;border-top-style: solid !important;border-bottom-color: rgba(255,255,255,0.01) !important;border-bottom-style: solid !important;}&#8221;]We use technology as a base to design integration and engineering projects.<\/p>\n<p><a class=\"boton\" href=\"https:\/\/www.velatia.com\/en\/what-do-the-companies-that-make-up-velatia-do\/integration-and-engineering-projects\/\">FIND OUT MORE<\/a>[\/vc_hoverbox][vc_hoverbox primary_title=&#8221;Power Electronics&#8221; hover_title=&#8221;Power Electronics&#8221; shape=&#8221;square&#8221; hover_background_color=&#8221;custom&#8221; hover_custom_background=&#8221;#e37222&#8243; el_class=&#8221;bloquesHoverAnim QueHacemos dos&#8221; css=&#8221;.vc_custom_1649337699569{border-top-width: 15px !important;border-right-width: 15px !important;border-bottom-width: 15px !important;border-left-width: 15px !important;border-left-color: rgba(255,255,255,0.01) !important;border-left-style: solid !important;border-right-color: rgba(255,255,255,0.01) !important;border-right-style: solid !important;border-top-color: rgba(255,255,255,0.01) !important;border-top-style: solid !important;border-bottom-color: rgba(255,255,255,0.01) !important;border-bottom-style: solid !important;}&#8221;]Design, Manufacture and Marketing of Industrial Power Electronics Equipment and Systems<\/p>\n<p><a class=\"boton\" href=\"https:\/\/www.velatia.com\/en\/what-do-the-companies-that-make-up-velatia-do\/power-electronics\/\">FIND OUT MORE<\/a>[\/vc_hoverbox][vc_hoverbox primary_title=&#8221;&#8221; hover_title=&#8221;&#8221; shape=&#8221;square&#8221; hover_background_color=&#8221;custom&#8221; el_class=&#8221;bloquesHoverAnim QueHacemos uno NoAnim&#8221; css=&#8221;.vc_custom_1580975167461{border-top-width: 15px !important;border-right-width: 15px !important;border-bottom-width: 15px !important;border-left-width: 15px !important;border-left-color: rgba(255,255,255,0.01) !important;border-left-style: solid !important;border-right-color: rgba(255,255,255,0.01) !important;border-right-style: solid !important;border-top-color: rgba(255,255,255,0.01) !important;border-top-style: solid !important;border-bottom-color: rgba(255,255,255,0.01) !important;border-bottom-style: solid !important;}&#8221;][\/vc_hoverbox][\/vc_column_inner][\/vc_row_inner][\/vc_column][\/vc_row]<\/p>\n<\/div>","protected":false},"excerpt":{"rendered":"<p>[vc_row][vc_column offset=&#8221;vc_col-lg-offset-2 vc_col-lg-8&#8243;][vc_column_text item_animation=&#8221;transition.fadeIn&#8221; el_class=&#8221;parrafoDestacado&#8221;]We are in line with a world in continuous movement. With a connected and demanding society. In line with our customers&#8230; to create a more efficient<\/p>\n","protected":false},"author":1,"featured_media":0,"parent":0,"menu_order":0,"comment_status":"closed","ping_status":"closed","template":"","meta":{"_acf_changed":false,"footnotes":""},"class_list":["post-4306","page","type-page","status-publish","hentry"],"acf":[],"yoast_head":"<!-- This site is optimized with the Yoast SEO plugin v27.2 - https:\/\/yoast.com\/product\/yoast-seo-wordpress\/ -->\n<title>What we do at Velatia - Velatia<\/title>\n<meta name=\"description\" content=\"We deploy smart electric grids, with our customers in their digital transformation process. We also contribute to sectors such as aeronautics, energy services and electromechanical engineering, among others.\" \/>\n<meta name=\"robots\" content=\"index, follow, max-snippet:-1, max-image-preview:large, max-video-preview:-1\" \/>\n<link rel=\"canonical\" href=\"https:\/\/www.velatia.com\/en\/what-do-the-companies-that-make-up-velatia-do\/\" \/>\n<meta property=\"og:locale\" content=\"en_GB\" \/>\n<meta property=\"og:type\" content=\"article\" \/>\n<meta property=\"og:title\" content=\"What we do at Velatia - Velatia\" \/>\n<meta property=\"og:description\" content=\"We deploy smart electric grids, with our customers in their digital transformation process. We also contribute to sectors such as aeronautics, energy services and electromechanical engineering, among others.\" \/>\n<meta property=\"og:url\" content=\"https:\/\/www.velatia.com\/en\/what-do-the-companies-that-make-up-velatia-do\/\" \/>\n<meta property=\"og:site_name\" content=\"Velatia\" \/>\n<meta property=\"article:publisher\" content=\"https:\/\/www.facebook.com\/Velatia-1634185503460158\/?ref=bookmarks\" \/>\n<meta property=\"article:modified_time\" content=\"2026-01-13T13:45:23+00:00\" \/>\n<meta name=\"twitter:card\" content=\"summary_large_image\" \/>\n<meta name=\"twitter:site\" content=\"@Velatia_global\" \/>\n<meta name=\"twitter:label1\" content=\"Estimated reading time\" \/>\n\t<meta name=\"twitter:data1\" content=\"3 minutes\" \/>\n<script type=\"application\/ld+json\" class=\"yoast-schema-graph\">{\"@context\":\"https:\/\/schema.org\",\"@graph\":[{\"@type\":\"WebPage\",\"@id\":\"https:\/\/www.velatia.com\/en\/what-do-the-companies-that-make-up-velatia-do\/\",\"url\":\"https:\/\/www.velatia.com\/en\/what-do-the-companies-that-make-up-velatia-do\/\",\"name\":\"What we do at Velatia - Velatia\",\"isPartOf\":{\"@id\":\"https:\/\/www.velatia.com\/en\/#website\"},\"datePublished\":\"2018-11-14T11:13:16+00:00\",\"dateModified\":\"2026-01-13T13:45:23+00:00\",\"description\":\"We deploy smart electric grids, with our customers in their digital transformation process. We also contribute to sectors such as aeronautics, energy services and electromechanical engineering, among others.\",\"breadcrumb\":{\"@id\":\"https:\/\/www.velatia.com\/en\/what-do-the-companies-that-make-up-velatia-do\/#breadcrumb\"},\"inLanguage\":\"en-GB\",\"potentialAction\":[{\"@type\":\"ReadAction\",\"target\":[\"https:\/\/www.velatia.com\/en\/what-do-the-companies-that-make-up-velatia-do\/\"]}]},{\"@type\":\"BreadcrumbList\",\"@id\":\"https:\/\/www.velatia.com\/en\/what-do-the-companies-that-make-up-velatia-do\/#breadcrumb\",\"itemListElement\":[{\"@type\":\"ListItem\",\"position\":1,\"name\":\"Portada\",\"item\":\"https:\/\/www.velatia.com\/en\/\"},{\"@type\":\"ListItem\",\"position\":2,\"name\":\"What do the companies that make up Velatia do?\"}]},{\"@type\":\"WebSite\",\"@id\":\"https:\/\/www.velatia.com\/en\/#website\",\"url\":\"https:\/\/www.velatia.com\/en\/\",\"name\":\"Velatia\",\"description\":\"Velatia, un grupo Familiar, Industrial y Tecnol\u00f3gico\",\"potentialAction\":[{\"@type\":\"SearchAction\",\"target\":{\"@type\":\"EntryPoint\",\"urlTemplate\":\"https:\/\/www.velatia.com\/en\/?s={search_term_string}\"},\"query-input\":{\"@type\":\"PropertyValueSpecification\",\"valueRequired\":true,\"valueName\":\"search_term_string\"}}],\"inLanguage\":\"en-GB\"}]}<\/script>\n<!-- \/ Yoast SEO plugin. -->","yoast_head_json":{"title":"What we do at Velatia - Velatia","description":"We deploy smart electric grids, with our customers in their digital transformation process. We also contribute to sectors such as aeronautics, energy services and electromechanical engineering, among others.","robots":{"index":"index","follow":"follow","max-snippet":"max-snippet:-1","max-image-preview":"max-image-preview:large","max-video-preview":"max-video-preview:-1"},"canonical":"https:\/\/www.velatia.com\/en\/what-do-the-companies-that-make-up-velatia-do\/","og_locale":"en_GB","og_type":"article","og_title":"What we do at Velatia - Velatia","og_description":"We deploy smart electric grids, with our customers in their digital transformation process. We also contribute to sectors such as aeronautics, energy services and electromechanical engineering, among others.","og_url":"https:\/\/www.velatia.com\/en\/what-do-the-companies-that-make-up-velatia-do\/","og_site_name":"Velatia","article_publisher":"https:\/\/www.facebook.com\/Velatia-1634185503460158\/?ref=bookmarks","article_modified_time":"2026-01-13T13:45:23+00:00","twitter_card":"summary_large_image","twitter_site":"@Velatia_global","twitter_misc":{"Estimated reading time":"3 minutes"},"schema":{"@context":"https:\/\/schema.org","@graph":[{"@type":"WebPage","@id":"https:\/\/www.velatia.com\/en\/what-do-the-companies-that-make-up-velatia-do\/","url":"https:\/\/www.velatia.com\/en\/what-do-the-companies-that-make-up-velatia-do\/","name":"What we do at Velatia - Velatia","isPartOf":{"@id":"https:\/\/www.velatia.com\/en\/#website"},"datePublished":"2018-11-14T11:13:16+00:00","dateModified":"2026-01-13T13:45:23+00:00","description":"We deploy smart electric grids, with our customers in their digital transformation process. We also contribute to sectors such as aeronautics, energy services and electromechanical engineering, among others.","breadcrumb":{"@id":"https:\/\/www.velatia.com\/en\/what-do-the-companies-that-make-up-velatia-do\/#breadcrumb"},"inLanguage":"en-GB","potentialAction":[{"@type":"ReadAction","target":["https:\/\/www.velatia.com\/en\/what-do-the-companies-that-make-up-velatia-do\/"]}]},{"@type":"BreadcrumbList","@id":"https:\/\/www.velatia.com\/en\/what-do-the-companies-that-make-up-velatia-do\/#breadcrumb","itemListElement":[{"@type":"ListItem","position":1,"name":"Portada","item":"https:\/\/www.velatia.com\/en\/"},{"@type":"ListItem","position":2,"name":"What do the companies that make up Velatia do?"}]},{"@type":"WebSite","@id":"https:\/\/www.velatia.com\/en\/#website","url":"https:\/\/www.velatia.com\/en\/","name":"Velatia","description":"Velatia, un grupo Familiar, Industrial y Tecnol\u00f3gico","potentialAction":[{"@type":"SearchAction","target":{"@type":"EntryPoint","urlTemplate":"https:\/\/www.velatia.com\/en\/?s={search_term_string}"},"query-input":{"@type":"PropertyValueSpecification","valueRequired":true,"valueName":"search_term_string"}}],"inLanguage":"en-GB"}]}},"jetpack-related-posts":[],"jetpack_sharing_enabled":true,"_links":{"self":[{"href":"https:\/\/www.velatia.com\/en\/wp-json\/wp\/v2\/pages\/4306","targetHints":{"allow":["GET"]}}],"collection":[{"href":"https:\/\/www.velatia.com\/en\/wp-json\/wp\/v2\/pages"}],"about":[{"href":"https:\/\/www.velatia.com\/en\/wp-json\/wp\/v2\/types\/page"}],"author":[{"embeddable":true,"href":"https:\/\/www.velatia.com\/en\/wp-json\/wp\/v2\/users\/1"}],"replies":[{"embeddable":true,"href":"https:\/\/www.velatia.com\/en\/wp-json\/wp\/v2\/comments?post=4306"}],"version-history":[{"count":11,"href":"https:\/\/www.velatia.com\/en\/wp-json\/wp\/v2\/pages\/4306\/revisions"}],"predecessor-version":[{"id":40813,"href":"https:\/\/www.velatia.com\/en\/wp-json\/wp\/v2\/pages\/4306\/revisions\/40813"}],"wp:attachment":[{"href":"https:\/\/www.velatia.com\/en\/wp-json\/wp\/v2\/media?parent=4306"}],"curies":[{"name":"wp","href":"https:\/\/api.w.org\/{rel}","templated":true}]}}